{"id":82479,"date":"2025-12-04T22:46:58","date_gmt":"2025-12-04T19:46:58","guid":{"rendered":"https:\/\/baldumarket.lt\/product\/hoker-krzeslo-debowe-kt384-lite-dab-kakao\/"},"modified":"2026-02-04T00:31:09","modified_gmt":"2026-02-03T21:31:09","slug":"hoker-krzeslo-debowe-kt384-lite-dab-kakao","status":"publish","type":"product","link":"https:\/\/baldumarket.lt\/lt\/produktas\/hoker-krzeslo-debowe-kt384-lite-dab-kakao\/","title":{"rendered":"\u0104\u017euolin\u0117 k\u0117d\u0117 KT384 LITE kakavos spalvos \u0105\u017euolas"},"content":{"rendered":"<p>KT384 baro k\u0117d\u0117 \u2013 tai eleganti\u0161ka baro k\u0117d\u0117, pagaminta vien i\u0161 tvirtos \u0105\u017euolo medienos, kurioje dera minimalistinis dizainas, i\u0161skirtinis patvarumas ir stabilumas. Proporcingai i\u0161lenkta s\u0117dyn\u0117 ir patogus atlo\u0161as u\u017etikrina patog\u0173 s\u0117d\u0117jim\u0105 virtuv\u0117s salose ir prie baro stalvir\u0161i\u0173, o pakoja pagerina kasdienio naudojimo ergonomik\u0105.<\/p>\n<p>Nat\u016brali \u0105\u017euolo medienos tekst\u016bra, pary\u0161kinta aliejumi arba laku, suteikia baldui nesenstant\u012f charakter\u012f ir lengvai prisitaiko prie modernaus, skandinavi\u0161ko ir lofto stiliaus interjero. Subtili, lengva forma ir tiksl\u016bs element\u0173 sujungimai rodo \u201eDrewmax\u201c prek\u0117s \u017eenklui b\u016bding\u0105 meistri\u0161kumo kokyb\u0119.<\/p>\n<p>KT384 \u0105\u017euolo masyvo baro k\u0117d\u0117 yra atspari intensyviam naudojimui ir daugel\u012f met\u0173 i\u0161lieka stabili, tod\u0117l tinka tiek nam\u0173 virtuv\u0117ms, tiek komercin\u0117ms erdv\u0117ms. Tai pasirinkimas tiems, kurie ie\u0161ko nat\u016bralaus, patvaraus ir esteti\u0161kai patrauklaus interjero bald\u0173 ir vertina \u0105\u017euolo masyvo baldus su nuosekliu, moderniu dizainu.<\/p>","protected":false},"excerpt":{"rendered":"<p>KT384 baro k\u0117d\u0117 \u2013 tai eleganti\u0161ka baro k\u0117d\u0117, pagaminta vien i\u0161 tvirtos \u0105\u017euolo medienos, kurioje dera minimalistinis dizainas su i\u0161skirtiniu patvarumu ir stabilumu. Proporcingai i\u0161lenkta s\u0117dyn\u0117 ir patogus atlo\u0161as u\u017etikrina patog\u0173 s\u0117d\u0117jim\u0105 virtuv\u0117s salose ir baro stalvir\u0161iuose, o pakoja pagerina kasdienio naudojimo ergonomik\u0105. Nat\u016bralus \u0105\u017euolo ra\u0161tas, pary\u0161kintas [\u2026]<\/p>","protected":false},"featured_media":82471,"comment_status":"open","ping_status":"open","template":"","meta":[],"product_brand":[],"product_cat":[9303,1930,2113],"product_tag":[],"class_list":{"0":"post-82479","1":"product","2":"type-product","3":"status-publish","4":"has-post-thumbnail","6":"product_cat-oak-furniture-drewmax","7":"product_cat-chairs","8":"product_cat-drewmax","10":"first","11":"instock","12":"purchasable","13":"product-type-simple"},"_links":{"self":[{"href":"https:\/\/baldumarket.lt\/lt\/wp-json\/wp\/v2\/product\/82479","targetHints":{"allow":["GET"]}}],"collection":[{"href":"https:\/\/baldumarket.lt\/lt\/wp-json\/wp\/v2\/product"}],"about":[{"href":"https:\/\/baldumarket.lt\/lt\/wp-json\/wp\/v2\/types\/product"}],"replies":[{"embeddable":true,"href":"https:\/\/baldumarket.lt\/lt\/wp-json\/wp\/v2\/comments?post=82479"}],"wp:featuredmedia":[{"embeddable":true,"href":"https:\/\/baldumarket.lt\/lt\/wp-json\/wp\/v2\/media\/82471"}],"wp:attachment":[{"href":"https:\/\/baldumarket.lt\/lt\/wp-json\/wp\/v2\/media?parent=82479"}],"wp:term":[{"taxonomy":"product_brand","embeddable":true,"href":"https:\/\/baldumarket.lt\/lt\/wp-json\/wp\/v2\/product_brand?post=82479"},{"taxonomy":"product_cat","embeddable":true,"href":"https:\/\/baldumarket.lt\/lt\/wp-json\/wp\/v2\/product_cat?post=82479"},{"taxonomy":"product_tag","embeddable":true,"href":"https:\/\/baldumarket.lt\/lt\/wp-json\/wp\/v2\/product_tag?post=82479"}],"curies":[{"name":"wp","href":"https:\/\/api.w.org\/{rel}","templated":true}]}}