{"id":82478,"date":"2025-12-04T22:46:57","date_gmt":"2025-12-04T19:46:57","guid":{"rendered":"https:\/\/baldumarket.lt\/product\/hoker-krzeslo-debowe-kt386-dab-dark-2\/"},"modified":"2026-02-04T00:31:09","modified_gmt":"2026-02-03T21:31:09","slug":"hoker-krzeslo-debowe-kt386-dab-dark-2","status":"publish","type":"product","link":"https:\/\/baldumarket.lt\/lt\/produktas\/hoker-krzeslo-debowe-kt386-dab-dark-2\/","title":{"rendered":"\u0104\u017euolin\u0117 k\u0117d\u0117 KT386 tamsaus \u0105\u017euolo"},"content":{"rendered":"<p>KT386 taburet\u0117 buvo sukurta naudoti virtuv\u0117s saloje ir baro stalvir\u0161yje, derinant minimalistin\u0119 form\u0105 su patogiai taburetei b\u016bdingu funkcionalumu. Ergonomi\u0161kai i\u0161lenktas atlo\u0161as apgl\u0117bia nugar\u0105 ir suteikia stabili\u0105 atram\u0105, o plati, mink\u0161ta s\u0117dyn\u0117 u\u017etikrina komfort\u0105 net ir ilgai s\u0117dint.<\/p>\n<p>Tvirtos \u0105\u017euolo medienos konstrukcija garantuoja didel\u012f patvarum\u0105 ir stabilum\u0105, o tiksl\u016bs sujungimai ir \u0161iek tiek plat\u0117jan\u010dios kojel\u0117s padidina atsparum\u0105 svyravimams, b\u016bdingiems auk\u0161toms k\u0117d\u0117ms. Nat\u016brali \u0105\u017euolo tekst\u016bra, pary\u0161kinta aliejumi arba laku, suteikia taburetei eleganti\u0161k\u0105, nesenstant\u012f charakter\u012f ir lengvai integruojasi \u012f skandinavi\u0161ko, japoni\u0161ko, modernaus ir lofto stiliaus interjerus.<\/p>\n<p>KT386 k\u0117d\u0117s proporcijos pritaikytos naudoti standartin\u0117se virtuv\u0117s salose ir baruose, tod\u0117l ji dera prie stalvir\u0161i\u0173 tipiniuose virtuv\u0117s ir baro auk\u0161\u010diuose ir u\u017etikrina patog\u0173 atstum\u0105 nuo s\u0117dyn\u0117s iki stalvir\u0161io. Tai pasirinkimas tiems, kurie tikisi, kad j\u0173 k\u0117d\u0117 ne tik gerai atrodys, bet, svarbiausia, bus stabilesn\u0117, ergonomi\u0161kesn\u0117 ir patvaresn\u0117 d\u0117l \u0105\u017euolo konstrukcijos ir patogios, apmu\u0161tos s\u0117dyn\u0117s bei atlo\u0161o derinio. S\u0117dyn\u0117s arba atlo\u0161o apmu\u0161alai galimi u\u017e standartin\u0119 kain\u0105. Pra\u0161ome tai nurodyti u\u017esakymo pastabose.<\/p>","protected":false},"excerpt":{"rendered":"<p>KT386 taburet\u0117 buvo sukurta naudoti virtuv\u0117s saloje ir baro stalvir\u0161yje, derinant minimalistin\u0119 form\u0105 su patogiai taburetei b\u016bdingu funkcionalumu. Ergonomi\u0161kai i\u0161lenktas atlo\u0161as priglunda prie nugaros ir suteikia stabili\u0105 atram\u0105, o plati, mink\u0161ta s\u0117dyn\u0117 u\u017etikrina komfort\u0105 net ir ilgai s\u0117dint. Tvirtos \u0105\u017euolo medienos konstrukcija garantuoja [\u2026]<\/p>","protected":false},"featured_media":82460,"comment_status":"open","ping_status":"open","template":"","meta":[],"product_brand":[],"product_cat":[9303,1930,2113],"product_tag":[],"class_list":{"0":"post-82478","1":"product","2":"type-product","3":"status-publish","4":"has-post-thumbnail","6":"product_cat-oak-furniture-drewmax","7":"product_cat-chairs","8":"product_cat-drewmax","9":"pa_upholstery-material-leather","11":"first","12":"instock","13":"purchasable","14":"product-type-simple"},"_links":{"self":[{"href":"https:\/\/baldumarket.lt\/lt\/wp-json\/wp\/v2\/product\/82478","targetHints":{"allow":["GET"]}}],"collection":[{"href":"https:\/\/baldumarket.lt\/lt\/wp-json\/wp\/v2\/product"}],"about":[{"href":"https:\/\/baldumarket.lt\/lt\/wp-json\/wp\/v2\/types\/product"}],"replies":[{"embeddable":true,"href":"https:\/\/baldumarket.lt\/lt\/wp-json\/wp\/v2\/comments?post=82478"}],"wp:featuredmedia":[{"embeddable":true,"href":"https:\/\/baldumarket.lt\/lt\/wp-json\/wp\/v2\/media\/82460"}],"wp:attachment":[{"href":"https:\/\/baldumarket.lt\/lt\/wp-json\/wp\/v2\/media?parent=82478"}],"wp:term":[{"taxonomy":"product_brand","embeddable":true,"href":"https:\/\/baldumarket.lt\/lt\/wp-json\/wp\/v2\/product_brand?post=82478"},{"taxonomy":"product_cat","embeddable":true,"href":"https:\/\/baldumarket.lt\/lt\/wp-json\/wp\/v2\/product_cat?post=82478"},{"taxonomy":"product_tag","embeddable":true,"href":"https:\/\/baldumarket.lt\/lt\/wp-json\/wp\/v2\/product_tag?post=82478"}],"curies":[{"name":"wp","href":"https:\/\/api.w.org\/{rel}","templated":true}]}}