{"id":82458,"date":"2025-12-04T22:46:38","date_gmt":"2025-12-04T19:46:38","guid":{"rendered":"https:\/\/baldumarket.lt\/product\/hoker-krzeslo-debowe-kt386-lite-dab-naturalny\/"},"modified":"2026-02-04T00:31:12","modified_gmt":"2026-02-03T21:31:12","slug":"hoker-krzeslo-debowe-kt386-lite-dab-naturalny","status":"publish","type":"product","link":"https:\/\/baldumarket.lt\/lt\/produktas\/hoker-krzeslo-debowe-kt386-lite-dab-naturalny\/","title":{"rendered":"\u0104\u017euolin\u0117 k\u0117d\u0117 KT386 LITE nat\u016bralus \u0105\u017euolas"},"content":{"rendered":"<p>KT386 taburet\u0117 sukurta naudoti virtuv\u0117s saloje arba prie baro stalvir\u0161io. Ji derina minimalistin\u012f dizain\u0105 su patogiai taburetei b\u016bdingu funkcionalumu. Ergonomi\u0161kai suformuota atlo\u0161as apgl\u0117bia nugar\u0105 ir suteikia stabili\u0105 atram\u0105, o plati \u0105\u017euolo masyvo s\u0117dyn\u0117 u\u017etikrina komfort\u0105 net ir ilgai s\u0117dint. Integruota pakoja suma\u017eina koj\u0173 apkrov\u0105 ir palengvina atsistojim\u0105, tod\u0117l taburet\u0117 tinka tiek nam\u0173 virtuv\u0117ms, tiek barams ar kavin\u0117ms.<\/p>\n<p>Tvirto \u0105\u017euolo konstrukcija garantuoja didel\u012f patvarum\u0105 ir stabilum\u0105, o tiksl\u016bs sujungimai ir \u0161iek tiek plat\u0117jan\u010dios kojel\u0117s padidina atsparum\u0105 auk\u0161t\u0173 s\u0117dyni\u0173 supimui. Nat\u016bral\u016bs \u0105\u017euolo ra\u0161tai, pary\u0161kinti aliejumi arba laku, suteikia taburetei eleganti\u0161k\u0105, nesenstant\u012f charakter\u012f ir lengvai integruojasi \u012f skandinavi\u0161ko, japoni\u0161ko, modernaus ir lofto stiliaus interjerus. Slydikliai apsaugo grindis, o lygus med\u017eio pavir\u0161ius palengvina kasdien\u0119 prie\u017ei\u016br\u0105.<\/p>\n<p>KT386 taburet\u0117s proporcijos pritaikytos naudoti su standartin\u0117mis virtuv\u0117s salomis ir barais, tod\u0117l ji puikiai dera su stalvir\u0161iais tipiniuose virtuv\u0117s ir baro auk\u0161\u010diuose ir palieka patog\u0173 tarp\u0105 tarp s\u0117dyn\u0117s ir stalvir\u0161io. Tai pasirinkimas tiems, kurie i\u0161 taburet\u0117s tikisi ne tik patrauklios i\u0161vaizdos, bet, svarbiausia, stabilumo, ergonomikos ir patvarumo, atsirandan\u010dio d\u0117l \u0105\u017euolo masyvo medienos naudojimo.<\/p>","protected":false},"excerpt":{"rendered":"<p>KT386 taburet\u0117 buvo sukurta naudoti virtuv\u0117s saloje arba baro stalvir\u0161yje. Ji derina minimalistin\u012f dizain\u0105 su patogiai taburetei b\u016bdingu funkcionalumu. Ergonomi\u0161kai suformuota atlo\u0161as priglunda prie nugaros ir suteikia stabili\u0105 atram\u0105, o plati \u0105\u017euolo masyvo s\u0117dyn\u0117 suteikia komforto net ir ilgai s\u0117dint. Integruota pakoja ma\u017eina [\u2026]<\/p>","protected":false},"featured_media":82453,"comment_status":"open","ping_status":"open","template":"","meta":[],"product_brand":[],"product_cat":[9303,1930,2113],"product_tag":[],"class_list":{"0":"post-82458","1":"product","2":"type-product","3":"status-publish","4":"has-post-thumbnail","6":"product_cat-oak-furniture-drewmax","7":"product_cat-chairs","8":"product_cat-drewmax","10":"first","11":"instock","12":"purchasable","13":"product-type-simple"},"_links":{"self":[{"href":"https:\/\/baldumarket.lt\/lt\/wp-json\/wp\/v2\/product\/82458","targetHints":{"allow":["GET"]}}],"collection":[{"href":"https:\/\/baldumarket.lt\/lt\/wp-json\/wp\/v2\/product"}],"about":[{"href":"https:\/\/baldumarket.lt\/lt\/wp-json\/wp\/v2\/types\/product"}],"replies":[{"embeddable":true,"href":"https:\/\/baldumarket.lt\/lt\/wp-json\/wp\/v2\/comments?post=82458"}],"wp:featuredmedia":[{"embeddable":true,"href":"https:\/\/baldumarket.lt\/lt\/wp-json\/wp\/v2\/media\/82453"}],"wp:attachment":[{"href":"https:\/\/baldumarket.lt\/lt\/wp-json\/wp\/v2\/media?parent=82458"}],"wp:term":[{"taxonomy":"product_brand","embeddable":true,"href":"https:\/\/baldumarket.lt\/lt\/wp-json\/wp\/v2\/product_brand?post=82458"},{"taxonomy":"product_cat","embeddable":true,"href":"https:\/\/baldumarket.lt\/lt\/wp-json\/wp\/v2\/product_cat?post=82458"},{"taxonomy":"product_tag","embeddable":true,"href":"https:\/\/baldumarket.lt\/lt\/wp-json\/wp\/v2\/product_tag?post=82458"}],"curies":[{"name":"wp","href":"https:\/\/api.w.org\/{rel}","templated":true}]}}