{"id":82434,"date":"2025-12-04T22:46:15","date_gmt":"2025-12-04T19:46:15","guid":{"rendered":"https:\/\/baldumarket.lt\/product\/krzeslo-debowe-kt386-dab-dark-2\/"},"modified":"2026-02-04T00:31:14","modified_gmt":"2026-02-03T21:31:14","slug":"krzeslo-debowe-kt386-dab-dark-2","status":"publish","type":"product","link":"https:\/\/baldumarket.lt\/lt\/produktas\/krzeslo-debowe-kt386-dab-dark-2\/","title":{"rendered":"\u0104\u017euolin\u0117 k\u0117d\u0117 KT386 tamsaus \u0105\u017euolo"},"content":{"rendered":"<p>KT386 mink\u0161ta k\u0117d\u0117 \u2013 tai modernus dizainas, kuriame eleganti\u0161ka forma dera su i\u0161skirtiniu komfortu. Pagaminta tik i\u0161 tvirto \u0105\u017euolo, k\u0117d\u0117 yra patvari ir stabili, o mink\u0161ta mink\u0161ta s\u0117dyn\u0117 ir atlo\u0161as u\u017etikrina komfort\u0105 net ir ilgesn\u012f laik\u0105 s\u0117dint.<\/p>\n<p>Subtiliai apvalios linijos ir sklandus per\u0117jimas nuo atlo\u0161o iki poranki\u0173 suteikia k\u0117dei lengvumo ir unikalaus charakterio. Nat\u016bralios medienos ir subtilaus audinio derinys KT386 model\u012f daro puikiai tinkant\u012f skandinavi\u0161kam, japoni\u0161kam, moderniam ir minimalistiniam interjerui.<\/p>\n<p>KT386 mink\u0161tas fotelis puikiai tinka valgomajam, svetainei ar restorano erdvei, kur svarbiausia funkcionalumas ir estetika. Kruop\u0161\u010diai pagamintos detal\u0117s ir nat\u016brali apdaila i\u0161ry\u0161kina unikal\u0173 \u0105\u017euolo gro\u017e\u012f, sukurdamos darn\u0173 ir eleganti\u0161k\u0105 interjero dizaino element\u0105.<\/p>\n<p>S\u0117dyn\u0117s arba atlo\u0161o apmu\u0161alai si\u016blomi u\u017e standartin\u0119 k\u0117d\u0117s kain\u0105. Pra\u0161ome tai nurodyti u\u017esakymo pastabose.<\/p>\n<p>Tik s\u0117dyn\u0117s apmu\u0161al\u0173 pavyzdin\u0117 nuotrauka:<\/p>","protected":false},"excerpt":{"rendered":"<p>KT386 mink\u0161ta k\u0117d\u0117 \u2013 tai modernus dizainas, kuriame eleganti\u0161ka forma dera su i\u0161skirtiniu komfortu. Pagaminta vien i\u0161 tvirto \u0105\u017euolo, k\u0117d\u0117 yra patvari ir stabili, o mink\u0161ta mink\u0161ta s\u0117dyn\u0117 ir atlo\u0161as u\u017etikrina komfort\u0105 net ir ilgesn\u012f laik\u0105 s\u0117dint. Subtiliai suapvalintos linijos ir sklandus per\u0117jimas nuo atlo\u0161o iki poranki\u0173 suteikia k\u0117dei [\u2026]<\/p>","protected":false},"featured_media":82427,"comment_status":"open","ping_status":"open","template":"","meta":[],"product_brand":[],"product_cat":[9303,1930,2113],"product_tag":[],"class_list":{"0":"post-82434","1":"product","2":"type-product","3":"status-publish","4":"has-post-thumbnail","6":"product_cat-oak-furniture-drewmax","7":"product_cat-chairs","8":"product_cat-drewmax","10":"first","11":"instock","12":"purchasable","13":"product-type-simple"},"_links":{"self":[{"href":"https:\/\/baldumarket.lt\/lt\/wp-json\/wp\/v2\/product\/82434","targetHints":{"allow":["GET"]}}],"collection":[{"href":"https:\/\/baldumarket.lt\/lt\/wp-json\/wp\/v2\/product"}],"about":[{"href":"https:\/\/baldumarket.lt\/lt\/wp-json\/wp\/v2\/types\/product"}],"replies":[{"embeddable":true,"href":"https:\/\/baldumarket.lt\/lt\/wp-json\/wp\/v2\/comments?post=82434"}],"wp:featuredmedia":[{"embeddable":true,"href":"https:\/\/baldumarket.lt\/lt\/wp-json\/wp\/v2\/media\/82427"}],"wp:attachment":[{"href":"https:\/\/baldumarket.lt\/lt\/wp-json\/wp\/v2\/media?parent=82434"}],"wp:term":[{"taxonomy":"product_brand","embeddable":true,"href":"https:\/\/baldumarket.lt\/lt\/wp-json\/wp\/v2\/product_brand?post=82434"},{"taxonomy":"product_cat","embeddable":true,"href":"https:\/\/baldumarket.lt\/lt\/wp-json\/wp\/v2\/product_cat?post=82434"},{"taxonomy":"product_tag","embeddable":true,"href":"https:\/\/baldumarket.lt\/lt\/wp-json\/wp\/v2\/product_tag?post=82434"}],"curies":[{"name":"wp","href":"https:\/\/api.w.org\/{rel}","templated":true}]}}