{"id":82424,"date":"2025-12-04T22:46:06","date_gmt":"2025-12-04T19:46:06","guid":{"rendered":"https:\/\/baldumarket.lt\/product\/krzeslo-debowe-kt386-lite-dab-kakao\/"},"modified":"2026-02-04T00:31:16","modified_gmt":"2026-02-03T21:31:16","slug":"krzeslo-debowe-kt386-lite-dab-kakao","status":"publish","type":"product","link":"https:\/\/baldumarket.lt\/lt\/produktas\/krzeslo-debowe-kt386-lite-dab-kakao\/","title":{"rendered":"\u0104\u017euolin\u0117 k\u0117d\u0117 KT386 LITE kakavos spalvos \u0105\u017euolas"},"content":{"rendered":"<p>KT386 LITE k\u0117d\u0117 \u2013 tai unikalus modelis, kuriame dera moderni forma ir nat\u016bralus \u0105\u017euolo medienos gro\u017eis. I\u0161skirtinis, apvalus atlo\u0161as, skland\u017eiai \u012fsiliejantis \u012f porankius, sukuria darni\u0105, harmoning\u0105 linij\u0105, kuri \u017eavi savo paprastumu ir elegancija. D\u0117l ergonomi\u0161kos formos s\u0117dyn\u0117s k\u0117d\u0117 garantuoja auk\u0161t\u0105 komfort\u0105, tod\u0117l tinka tiek valgomajam, tiek svetainei, tiek biurui.<\/p>\n<p>Tvirta \u0105\u017euolo masyvo konstrukcija u\u017etikrina stabilum\u0105 ir ilgalaik\u012f patvarum\u0105, o nat\u016brali apdaila i\u0161ry\u0161kina unikali\u0105 medienos tekst\u016br\u0105. KT386 LITE k\u0117d\u0117 atitinka dabartines dizaino tendencijas, \u012fkv\u0117ptas skandinavi\u0161ko, japoni\u0161ko ir minimalistinio stili\u0173, puikiai papildydama modern\u0173 interjer\u0105.<\/p>\n<p>\u0160i k\u0117d\u0117 puikiai tinka tiems, kurie vertina auk\u0161t\u0105 meistri\u0161kumo kokyb\u0119, funkcionalum\u0105 ir nesenstant\u012f dizain\u0105. KT386 LITE k\u0117d\u0117 pabr\u0117\u017eia nat\u016bral\u0173 kambario charakter\u012f ir puikiai dera su \u0105\u017euoliniais stalais bei baldais i\u0161 \u201eDrewmax\u201c kolekcijos, sukurdama darni\u0105, eleganti\u0161k\u0105 visum\u0105.<\/p>","protected":false},"excerpt":{"rendered":"<p>KT386 LITE k\u0117d\u0117 \u2013 tai unikalus modelis, kuriame dera moderni forma ir nat\u016bralus \u0105\u017euolo medienos gro\u017eis. I\u0161skirtinis, apvalus atlo\u0161as, skland\u017eiai \u012fsiliejantis \u012f porankius, sukuria darni\u0105, harmoning\u0105 linij\u0105, kuri \u017eavi savo paprastumu ir elegancija. D\u0117l ergonomi\u0161kos formos s\u0117dyn\u0117s k\u0117d\u0117 garantuoja auk\u0161t\u0105 komfort\u0105, tod\u0117l [\u2026]<\/p>","protected":false},"featured_media":82418,"comment_status":"open","ping_status":"open","template":"","meta":[],"product_brand":[],"product_cat":[9303,1930,2113],"product_tag":[],"class_list":{"0":"post-82424","1":"product","2":"type-product","3":"status-publish","4":"has-post-thumbnail","6":"product_cat-oak-furniture-drewmax","7":"product_cat-chairs","8":"product_cat-drewmax","10":"first","11":"instock","12":"purchasable","13":"product-type-simple"},"_links":{"self":[{"href":"https:\/\/baldumarket.lt\/lt\/wp-json\/wp\/v2\/product\/82424","targetHints":{"allow":["GET"]}}],"collection":[{"href":"https:\/\/baldumarket.lt\/lt\/wp-json\/wp\/v2\/product"}],"about":[{"href":"https:\/\/baldumarket.lt\/lt\/wp-json\/wp\/v2\/types\/product"}],"replies":[{"embeddable":true,"href":"https:\/\/baldumarket.lt\/lt\/wp-json\/wp\/v2\/comments?post=82424"}],"wp:featuredmedia":[{"embeddable":true,"href":"https:\/\/baldumarket.lt\/lt\/wp-json\/wp\/v2\/media\/82418"}],"wp:attachment":[{"href":"https:\/\/baldumarket.lt\/lt\/wp-json\/wp\/v2\/media?parent=82424"}],"wp:term":[{"taxonomy":"product_brand","embeddable":true,"href":"https:\/\/baldumarket.lt\/lt\/wp-json\/wp\/v2\/product_brand?post=82424"},{"taxonomy":"product_cat","embeddable":true,"href":"https:\/\/baldumarket.lt\/lt\/wp-json\/wp\/v2\/product_cat?post=82424"},{"taxonomy":"product_tag","embeddable":true,"href":"https:\/\/baldumarket.lt\/lt\/wp-json\/wp\/v2\/product_tag?post=82424"}],"curies":[{"name":"wp","href":"https:\/\/api.w.org\/{rel}","templated":true}]}}