{"id":82394,"date":"2025-12-04T22:45:41","date_gmt":"2025-12-04T19:45:41","guid":{"rendered":"https:\/\/baldumarket.lt\/product\/komoda-bukowa-vip-kd408-buk-mokka\/"},"modified":"2026-02-04T00:31:18","modified_gmt":"2026-02-03T21:31:18","slug":"komoda-bukowa-vip-kd408-buk-mokka","status":"publish","type":"product","link":"https:\/\/baldumarket.lt\/lt\/product\/komoda-bukowa-vip-kd408-buk-mokka\/","title":{"rendered":"VIP KD408 buko komoda, mokas bukas"},"content":{"rendered":"<p>KD408 buko medienos komoda sukurta moderniu, minimalistiniu stiliumi. Ji neturi matom\u0173 ranken\u0117li\u0173, o fasaduose puo\u0161ta paprastais grioveliais. Ai\u0161kiai matoma nat\u016bralaus buko medienos, i\u0161 kurios ji pagaminta, tekst\u016bra suteikia jai negin\u010dijamo \u017eavesio. Bald\u0173 gamintojas \u201eDrewmax\u201c si\u016blo ne tik gro\u017e\u012f, bet ir funkcionalum\u0105. KD408 komoda sukurta patogiai laikyti nam\u0173 apyvokos daiktus erdvioje spintel\u0117je ir funkcionaliuose stal\u010diuose. Erdvus stalvir\u0161is \u2013 puiki vieta eksponuoti dekoratyvinius daiktus.<\/p>\n<p>Spintel\u0117 turi vien\u0105 lentyn\u0105.<\/p>","protected":false},"excerpt":{"rendered":"<p>Buko medienos komoda KD408 sukurta moderniu, minimalistiniu stiliumi. Ji neturi matom\u0173 ranken\u0117li\u0173 ir yra papuo\u0161ta paprastais grioveliais fasaduose. Ai\u0161kiai matoma nat\u016bralaus buko medienos, i\u0161 kurios ji pagaminta, tekst\u016bra suteikia jai negin\u010dijamo \u017eavesio. Bald\u0173 gamintojas \u201eDrewmax\u201c si\u016blo ne tik gro\u017e\u012f, bet ir [\u2026]<\/p>","protected":false},"featured_media":82395,"comment_status":"open","ping_status":"open","template":"","meta":[],"product_brand":[],"product_cat":[9304,9314,1173,2113],"product_tag":[],"class_list":{"0":"post-82394","1":"product","2":"type-product","3":"status-publish","4":"has-post-thumbnail","6":"product_cat-beech-furniture-drewmax","7":"product_cat-kolekcja-vip-drewmax","8":"product_cat-chests-of-drawers","9":"product_cat-drewmax","11":"first","12":"instock","13":"purchasable","14":"product-type-simple"},"_links":{"self":[{"href":"https:\/\/baldumarket.lt\/lt\/wp-json\/wp\/v2\/product\/82394","targetHints":{"allow":["GET"]}}],"collection":[{"href":"https:\/\/baldumarket.lt\/lt\/wp-json\/wp\/v2\/product"}],"about":[{"href":"https:\/\/baldumarket.lt\/lt\/wp-json\/wp\/v2\/types\/product"}],"replies":[{"embeddable":true,"href":"https:\/\/baldumarket.lt\/lt\/wp-json\/wp\/v2\/comments?post=82394"}],"wp:featuredmedia":[{"embeddable":true,"href":"https:\/\/baldumarket.lt\/lt\/wp-json\/wp\/v2\/media\/82395"}],"wp:attachment":[{"href":"https:\/\/baldumarket.lt\/lt\/wp-json\/wp\/v2\/media?parent=82394"}],"wp:term":[{"taxonomy":"product_brand","embeddable":true,"href":"https:\/\/baldumarket.lt\/lt\/wp-json\/wp\/v2\/product_brand?post=82394"},{"taxonomy":"product_cat","embeddable":true,"href":"https:\/\/baldumarket.lt\/lt\/wp-json\/wp\/v2\/product_cat?post=82394"},{"taxonomy":"product_tag","embeddable":true,"href":"https:\/\/baldumarket.lt\/lt\/wp-json\/wp\/v2\/product_tag?post=82394"}],"curies":[{"name":"wp","href":"https:\/\/api.w.org\/{rel}","templated":true}]}}