{"id":82374,"date":"2025-12-04T22:45:25","date_gmt":"2025-12-04T19:45:25","guid":{"rendered":"https:\/\/baldumarket.lt\/product\/komoda-bukowa-vip-kd413-buk-mokka\/"},"modified":"2026-02-04T00:31:20","modified_gmt":"2026-02-03T21:31:20","slug":"komoda-bukowa-vip-kd413-buk-mokka","status":"publish","type":"product","link":"https:\/\/baldumarket.lt\/lt\/product\/komoda-bukowa-vip-kd413-buk-mokka\/","title":{"rendered":"VIP KD413 buko komoda, moka bukas"},"content":{"rendered":"<p>KD413 buko medienos komoda sukurta moderniu, minimalistiniu stiliumi. Ji neturi matom\u0173 ranken\u0117li\u0173, o fasad\u0105 puo\u0161ia paprasti grioveliai. Ai\u0161kiai matoma nat\u016bralaus buko medienos, i\u0161 kurios ji pagaminta, tekst\u016bra suteikia jai negin\u010dijamo \u017eavesio. Bald\u0173 gamintojas \u2019Drewmax\u201c yra \u017einomas d\u0117l savo gamini\u0173 gro\u017eio ir funkcionalumo. \u0160tai kod\u0117l KD413 komoda buvo sukurta taip, kad erdviose spintel\u0117se ir funkcionaliuose stal\u010diuose b\u016bt\u0173 patogu laikyti nam\u0173 apyvokos daiktus.<\/p>\n<p>Kiekvienoje spintel\u0117je yra viena lentyna.<\/p>","protected":false},"excerpt":{"rendered":"<p>Buko medienos komoda KD413 sukurta moderniu, minimalistiniu stiliumi. Ji neturi matom\u0173 ranken\u0117li\u0173, o fasad\u0105 puo\u0161ia paprasti grioveliai. Ai\u0161kiai matoma nat\u016bralaus buko medienos, i\u0161 kurios ji pagaminta, tekst\u016bra suteikia jai negin\u010dijamo \u017eavesio. Bald\u0173 gamintojas \u2019Drewmax\u201c yra \u017einomas d\u0117l savo gamini\u0173 gro\u017eio [\u2026]<\/p>","protected":false},"featured_media":82375,"comment_status":"open","ping_status":"open","template":"","meta":[],"product_brand":[],"product_cat":[9304,9314,1173,2113],"product_tag":[],"class_list":{"0":"post-82374","1":"product","2":"type-product","3":"status-publish","4":"has-post-thumbnail","6":"product_cat-beech-furniture-drewmax","7":"product_cat-kolekcja-vip-drewmax","8":"product_cat-chests-of-drawers","9":"product_cat-drewmax","11":"first","12":"instock","13":"purchasable","14":"product-type-simple"},"_links":{"self":[{"href":"https:\/\/baldumarket.lt\/lt\/wp-json\/wp\/v2\/product\/82374","targetHints":{"allow":["GET"]}}],"collection":[{"href":"https:\/\/baldumarket.lt\/lt\/wp-json\/wp\/v2\/product"}],"about":[{"href":"https:\/\/baldumarket.lt\/lt\/wp-json\/wp\/v2\/types\/product"}],"replies":[{"embeddable":true,"href":"https:\/\/baldumarket.lt\/lt\/wp-json\/wp\/v2\/comments?post=82374"}],"wp:featuredmedia":[{"embeddable":true,"href":"https:\/\/baldumarket.lt\/lt\/wp-json\/wp\/v2\/media\/82375"}],"wp:attachment":[{"href":"https:\/\/baldumarket.lt\/lt\/wp-json\/wp\/v2\/media?parent=82374"}],"wp:term":[{"taxonomy":"product_brand","embeddable":true,"href":"https:\/\/baldumarket.lt\/lt\/wp-json\/wp\/v2\/product_brand?post=82374"},{"taxonomy":"product_cat","embeddable":true,"href":"https:\/\/baldumarket.lt\/lt\/wp-json\/wp\/v2\/product_cat?post=82374"},{"taxonomy":"product_tag","embeddable":true,"href":"https:\/\/baldumarket.lt\/lt\/wp-json\/wp\/v2\/product_tag?post=82374"}],"curies":[{"name":"wp","href":"https:\/\/api.w.org\/{rel}","templated":true}]}}