{"id":82372,"date":"2025-12-04T22:45:23","date_gmt":"2025-12-04T19:45:23","guid":{"rendered":"https:\/\/baldumarket.lt\/product\/komoda-bukowa-vip-kd414-buk-mokka\/"},"modified":"2026-02-04T00:31:20","modified_gmt":"2026-02-03T21:31:20","slug":"komoda-bukowa-vip-kd414-buk-mokka","status":"publish","type":"product","link":"https:\/\/baldumarket.lt\/lt\/product\/komoda-bukowa-vip-kd414-buk-mokka\/","title":{"rendered":"VIP KD414 buko komoda, moka bukas"},"content":{"rendered":"<p>Buko medienos komoda KD414 sukurta moderniu, minimalistiniu stiliumi. Ji neturi matom\u0173 ranken\u0117li\u0173, ta\u010diau \u017eavi savo paprasta forma. Funkcional\u016bs ir erdv\u016bs stal\u010diai u\u017etikrina patog\u0173 nam\u0173 apyvokos daikt\u0173 laikym\u0105. Erdvus stalvir\u0161is \u2013 puiki vieta eksponuoti dekoratyvinius daiktus.<\/p>","protected":false},"excerpt":{"rendered":"<p>Buko medienos komoda KD414 sukurta moderniu, minimalistiniu stiliumi. Ji neturi matom\u0173 ranken\u0117li\u0173, ta\u010diau \u017eavi savo paprasta forma. Funkcional\u016bs ir erdv\u016bs stal\u010diai u\u017etikrina patog\u0173 nam\u0173 apyvokos daikt\u0173 laikym\u0105. Erdvus stalvir\u0161is \u2013 puiki vieta eksponuoti dekoratyvinius daiktus.<\/p>","protected":false},"featured_media":82373,"comment_status":"open","ping_status":"open","template":"","meta":[],"product_brand":[],"product_cat":[9304,9314,1173,2113],"product_tag":[],"class_list":{"0":"post-82372","1":"product","2":"type-product","3":"status-publish","4":"has-post-thumbnail","6":"product_cat-beech-furniture-drewmax","7":"product_cat-kolekcja-vip-drewmax","8":"product_cat-chests-of-drawers","9":"product_cat-drewmax","11":"first","12":"instock","13":"purchasable","14":"product-type-simple"},"_links":{"self":[{"href":"https:\/\/baldumarket.lt\/lt\/wp-json\/wp\/v2\/product\/82372","targetHints":{"allow":["GET"]}}],"collection":[{"href":"https:\/\/baldumarket.lt\/lt\/wp-json\/wp\/v2\/product"}],"about":[{"href":"https:\/\/baldumarket.lt\/lt\/wp-json\/wp\/v2\/types\/product"}],"replies":[{"embeddable":true,"href":"https:\/\/baldumarket.lt\/lt\/wp-json\/wp\/v2\/comments?post=82372"}],"wp:featuredmedia":[{"embeddable":true,"href":"https:\/\/baldumarket.lt\/lt\/wp-json\/wp\/v2\/media\/82373"}],"wp:attachment":[{"href":"https:\/\/baldumarket.lt\/lt\/wp-json\/wp\/v2\/media?parent=82372"}],"wp:term":[{"taxonomy":"product_brand","embeddable":true,"href":"https:\/\/baldumarket.lt\/lt\/wp-json\/wp\/v2\/product_brand?post=82372"},{"taxonomy":"product_cat","embeddable":true,"href":"https:\/\/baldumarket.lt\/lt\/wp-json\/wp\/v2\/product_cat?post=82372"},{"taxonomy":"product_tag","embeddable":true,"href":"https:\/\/baldumarket.lt\/lt\/wp-json\/wp\/v2\/product_tag?post=82372"}],"curies":[{"name":"wp","href":"https:\/\/api.w.org\/{rel}","templated":true}]}}