{"id":82305,"date":"2025-12-04T22:44:28","date_gmt":"2025-12-04T19:44:28","guid":{"rendered":"https:\/\/baldumarket.lt\/product\/krzeslo-bukowe-kt173-buk-mokka\/"},"modified":"2026-02-04T00:31:23","modified_gmt":"2026-02-03T21:31:23","slug":"krzeslo-bukowe-kt173-buk-mokka","status":"publish","type":"product","link":"https:\/\/baldumarket.lt\/lt\/produktas\/krzeslo-bukowe-kt173-buk-mokka\/","title":{"rendered":"Buko k\u0117d\u0117 KT173 moka buko spalvos"},"content":{"rendered":"<p>Paprastas KT173 buko k\u0117d\u0117s dizainas spinduliuoja mading\u0105, modern\u0173 stili\u0173. Minimalistinis dizainas kartu su nat\u016bralia mediena, i\u0161 kurios ji pagaminta, garantuoja \u0161iam baldui unikal\u0173 stili\u0173. Neabejotinas buko k\u0117d\u0117s privalumas \u2013 didelis komfortas, kur\u012f u\u017etikrina apmu\u0161ta s\u0117dyn\u0117 ir i\u0161lenktas atlo\u0161as.<\/p>\n<p>Apmu\u0161alai yra prieinami pasirinktose \u201eToptextil\u201c kolekcijose i\u0161 \u201eDrewmax\u201c katalogo.<\/p>","protected":false},"excerpt":{"rendered":"<p>Paprastas KT173 buko k\u0117d\u0117s dizainas spinduliuoja madingu, moderniu stiliumi. Minimalistinis dizainas kartu su nat\u016bralia mediena, i\u0161 kurios ji pagaminta, garantuoja \u0161iam baldui unikal\u0173 stili\u0173. Neabejotinas buko k\u0117d\u0117s privalumas yra didelis komfortas, kur\u012f u\u017etikrina apmu\u0161ta s\u0117dyn\u0117 ir kont\u016bruotas atlo\u0161as. Apmu\u0161alai galimi pasirinkt\u0173 [\u2026]<\/p>","protected":false},"featured_media":82306,"comment_status":"open","ping_status":"open","template":"","meta":[],"product_brand":[],"product_cat":[9304,1930,2113],"product_tag":[],"class_list":{"0":"post-82305","1":"product","2":"type-product","3":"status-publish","4":"has-post-thumbnail","6":"product_cat-beech-furniture-drewmax","7":"product_cat-chairs","8":"product_cat-drewmax","9":"pa_upholstery-material-leather","11":"first","12":"instock","13":"purchasable","14":"product-type-simple"},"_links":{"self":[{"href":"https:\/\/baldumarket.lt\/lt\/wp-json\/wp\/v2\/product\/82305","targetHints":{"allow":["GET"]}}],"collection":[{"href":"https:\/\/baldumarket.lt\/lt\/wp-json\/wp\/v2\/product"}],"about":[{"href":"https:\/\/baldumarket.lt\/lt\/wp-json\/wp\/v2\/types\/product"}],"replies":[{"embeddable":true,"href":"https:\/\/baldumarket.lt\/lt\/wp-json\/wp\/v2\/comments?post=82305"}],"wp:featuredmedia":[{"embeddable":true,"href":"https:\/\/baldumarket.lt\/lt\/wp-json\/wp\/v2\/media\/82306"}],"wp:attachment":[{"href":"https:\/\/baldumarket.lt\/lt\/wp-json\/wp\/v2\/media?parent=82305"}],"wp:term":[{"taxonomy":"product_brand","embeddable":true,"href":"https:\/\/baldumarket.lt\/lt\/wp-json\/wp\/v2\/product_brand?post=82305"},{"taxonomy":"product_cat","embeddable":true,"href":"https:\/\/baldumarket.lt\/lt\/wp-json\/wp\/v2\/product_cat?post=82305"},{"taxonomy":"product_tag","embeddable":true,"href":"https:\/\/baldumarket.lt\/lt\/wp-json\/wp\/v2\/product_tag?post=82305"}],"curies":[{"name":"wp","href":"https:\/\/api.w.org\/{rel}","templated":true}]}}