{"id":82301,"date":"2025-12-04T22:44:25","date_gmt":"2025-12-04T19:44:25","guid":{"rendered":"https:\/\/baldumarket.lt\/product\/krzeslo-bukowe-kt176-buk-mokka-2\/"},"modified":"2026-02-04T00:31:24","modified_gmt":"2026-02-03T21:31:24","slug":"krzeslo-bukowe-kt176-buk-mokka-2","status":"publish","type":"product","link":"https:\/\/baldumarket.lt\/lt\/produktas\/krzeslo-bukowe-kt176-buk-mokka-2\/","title":{"rendered":"Buko k\u0117d\u0117 KT176 moka buko spalvos"},"content":{"rendered":"<p>KT176 k\u0117d\u0117 pagaminta i\u0161 tvirtos buko medienos. D\u0117l modernaus stiliaus ji puikiai dera prie dabartini\u0173 tendencij\u0173. Apmu\u0161ta s\u0117dyn\u0117 ir \u0161velniai i\u0161lenktas atlo\u0161as u\u017etikrina komfort\u0105.<\/p>\n<p>Apmu\u0161alai yra prieinami pasirinktose \u201eToptextil\u201c kolekcijose i\u0161 \u201eDrewmax\u201c katalogo.<\/p>","protected":false},"excerpt":{"rendered":"<p>KT176 k\u0117d\u0117 pagaminta i\u0161 tvirtos buko medienos. D\u0117l modernaus stiliaus ji puikiai dera prie dabartini\u0173 tendencij\u0173. Apmu\u0161ta s\u0117dyn\u0117 ir \u0161velniai i\u0161lenktas atlo\u0161as u\u017etikrina komfort\u0105. Apmu\u0161alus galima \u012fsigyti pasirinktose \u201eToptextil\u201c kolekcijose i\u0161 \u201eDrewmax\u201c katalogo.<\/p>","protected":false},"featured_media":82295,"comment_status":"open","ping_status":"open","template":"","meta":[],"product_brand":[],"product_cat":[9304,1930,2113],"product_tag":[],"class_list":{"0":"post-82301","1":"product","2":"type-product","3":"status-publish","4":"has-post-thumbnail","6":"product_cat-beech-furniture-drewmax","7":"product_cat-chairs","8":"product_cat-drewmax","10":"first","11":"instock","12":"purchasable","13":"product-type-simple"},"_links":{"self":[{"href":"https:\/\/baldumarket.lt\/lt\/wp-json\/wp\/v2\/product\/82301","targetHints":{"allow":["GET"]}}],"collection":[{"href":"https:\/\/baldumarket.lt\/lt\/wp-json\/wp\/v2\/product"}],"about":[{"href":"https:\/\/baldumarket.lt\/lt\/wp-json\/wp\/v2\/types\/product"}],"replies":[{"embeddable":true,"href":"https:\/\/baldumarket.lt\/lt\/wp-json\/wp\/v2\/comments?post=82301"}],"wp:featuredmedia":[{"embeddable":true,"href":"https:\/\/baldumarket.lt\/lt\/wp-json\/wp\/v2\/media\/82295"}],"wp:attachment":[{"href":"https:\/\/baldumarket.lt\/lt\/wp-json\/wp\/v2\/media?parent=82301"}],"wp:term":[{"taxonomy":"product_brand","embeddable":true,"href":"https:\/\/baldumarket.lt\/lt\/wp-json\/wp\/v2\/product_brand?post=82301"},{"taxonomy":"product_cat","embeddable":true,"href":"https:\/\/baldumarket.lt\/lt\/wp-json\/wp\/v2\/product_cat?post=82301"},{"taxonomy":"product_tag","embeddable":true,"href":"https:\/\/baldumarket.lt\/lt\/wp-json\/wp\/v2\/product_tag?post=82301"}],"curies":[{"name":"wp","href":"https:\/\/api.w.org\/{rel}","templated":true}]}}