{"id":82288,"date":"2025-12-04T22:44:14","date_gmt":"2025-12-04T19:44:14","guid":{"rendered":"https:\/\/baldumarket.lt\/product\/krzeslo-bukowe-kt179-buk-mokka\/"},"modified":"2026-02-04T00:31:25","modified_gmt":"2026-02-03T21:31:25","slug":"krzeslo-bukowe-kt179-buk-mokka","status":"publish","type":"product","link":"https:\/\/baldumarket.lt\/lt\/produktas\/krzeslo-bukowe-kt179-buk-mokka\/","title":{"rendered":"Buko k\u0117d\u0117 KT179 moka buko spalvos"},"content":{"rendered":"<p>KT179 k\u0117d\u0117 pagaminta i\u0161 tvirtos buko medienos. Patogum\u0105 u\u017etikrina apmu\u0161ta s\u0117dyn\u0117 ir \u0161velniai i\u0161lenktas atlo\u0161as. Klasikinis jos stilius, derinamas su nat\u016bralaus buko medienos, i\u0161 kurios ji pagaminta, gro\u017eiu, papuo\u0161 bet kok\u012f interjer\u0105.<\/p>\n<p>Apmu\u0161alai yra prieinami pasirinktose \u201eToptextil\u201c kolekcijose i\u0161 \u201eDrewmax\u201c katalogo.<\/p>","protected":false},"excerpt":{"rendered":"<p>KT179 k\u0117d\u0117 pagaminta i\u0161 tvirtos buko medienos. Komfort\u0105 u\u017etikrina apmu\u0161ta s\u0117dyn\u0117 ir \u0161velniai i\u0161lenktas atlo\u0161as. Klasikinis stilius, derinamas su nat\u016bralaus buko medienos, i\u0161 kurios ji pagaminta, gro\u017eiu, papuo\u0161 bet kok\u012f interjer\u0105. Apmu\u0161alus galima \u012fsigyti pasirinktose \u201eToptextil\u201c kolekcijose i\u0161 \u201eDrewmax\u201c katalogo.<\/p>","protected":false},"featured_media":82289,"comment_status":"open","ping_status":"open","template":"","meta":[],"product_brand":[],"product_cat":[9304,1930,2113],"product_tag":[],"class_list":{"0":"post-82288","1":"product","2":"type-product","3":"status-publish","4":"has-post-thumbnail","6":"product_cat-beech-furniture-drewmax","7":"product_cat-chairs","8":"product_cat-drewmax","9":"pa_upholstery-material-leather","11":"first","12":"instock","13":"purchasable","14":"product-type-simple"},"_links":{"self":[{"href":"https:\/\/baldumarket.lt\/lt\/wp-json\/wp\/v2\/product\/82288","targetHints":{"allow":["GET"]}}],"collection":[{"href":"https:\/\/baldumarket.lt\/lt\/wp-json\/wp\/v2\/product"}],"about":[{"href":"https:\/\/baldumarket.lt\/lt\/wp-json\/wp\/v2\/types\/product"}],"replies":[{"embeddable":true,"href":"https:\/\/baldumarket.lt\/lt\/wp-json\/wp\/v2\/comments?post=82288"}],"wp:featuredmedia":[{"embeddable":true,"href":"https:\/\/baldumarket.lt\/lt\/wp-json\/wp\/v2\/media\/82289"}],"wp:attachment":[{"href":"https:\/\/baldumarket.lt\/lt\/wp-json\/wp\/v2\/media?parent=82288"}],"wp:term":[{"taxonomy":"product_brand","embeddable":true,"href":"https:\/\/baldumarket.lt\/lt\/wp-json\/wp\/v2\/product_brand?post=82288"},{"taxonomy":"product_cat","embeddable":true,"href":"https:\/\/baldumarket.lt\/lt\/wp-json\/wp\/v2\/product_cat?post=82288"},{"taxonomy":"product_tag","embeddable":true,"href":"https:\/\/baldumarket.lt\/lt\/wp-json\/wp\/v2\/product_tag?post=82288"}],"curies":[{"name":"wp","href":"https:\/\/api.w.org\/{rel}","templated":true}]}}