{"id":82245,"date":"2025-12-04T22:43:35","date_gmt":"2025-12-04T19:43:35","guid":{"rendered":"https:\/\/baldumarket.lt\/product\/witryna-bukowa-vip-kw401-prawa-buk-mokka\/"},"modified":"2026-02-04T00:31:27","modified_gmt":"2026-02-03T21:31:27","slug":"witryna-bukowa-vip-kw401-prawa-buk-mokka","status":"publish","type":"product","link":"https:\/\/baldumarket.lt\/lt\/product\/witryna-bukowa-vip-kw401-prawa-buk-mokka\/","title":{"rendered":"VIP KW401 buko vitrina RIGHT moka buko spalvos"},"content":{"rendered":"<p>Pagaminta i\u0161 tvirtos buko medienos, KW401 vitrina j\u016bs\u0173 valgomajame ar svetain\u0117je sukuria \u0161ilt\u0105, jauki\u0105, ta\u010diau stiling\u0105 ir modern\u0173 vaizd\u0105. Su stikline vitrina, stal\u010diumi ir u\u017edara lentyna, tai puiki vieta laikyti visus nieku\u010dius, knygas ar \u0161eimos relikvijas.<\/p>","protected":false},"excerpt":{"rendered":"<p>Pagaminta i\u0161 tvirtos buko medienos, KW401 vitrina j\u016bs\u0173 valgomajame ar svetain\u0117je sukuria \u0161ilt\u0105, jauki\u0105, ta\u010diau stiling\u0105 ir modern\u0173 vaizd\u0105. Su stikline vitrina, stal\u010diumi ir u\u017edara lentyna, tai puiki vieta laikyti visus nieku\u010dius, knygas ar \u0161eimos relikvijas.<\/p>","protected":false},"featured_media":82246,"comment_status":"open","ping_status":"open","template":"","meta":[],"product_brand":[],"product_cat":[9314,2113,2006],"product_tag":[],"class_list":{"0":"post-82245","1":"product","2":"type-product","3":"status-publish","4":"has-post-thumbnail","6":"product_cat-kolekcja-vip-drewmax","7":"product_cat-drewmax","8":"product_cat-vitrines","10":"first","11":"instock","12":"purchasable","13":"product-type-simple"},"_links":{"self":[{"href":"https:\/\/baldumarket.lt\/lt\/wp-json\/wp\/v2\/product\/82245","targetHints":{"allow":["GET"]}}],"collection":[{"href":"https:\/\/baldumarket.lt\/lt\/wp-json\/wp\/v2\/product"}],"about":[{"href":"https:\/\/baldumarket.lt\/lt\/wp-json\/wp\/v2\/types\/product"}],"replies":[{"embeddable":true,"href":"https:\/\/baldumarket.lt\/lt\/wp-json\/wp\/v2\/comments?post=82245"}],"wp:featuredmedia":[{"embeddable":true,"href":"https:\/\/baldumarket.lt\/lt\/wp-json\/wp\/v2\/media\/82246"}],"wp:attachment":[{"href":"https:\/\/baldumarket.lt\/lt\/wp-json\/wp\/v2\/media?parent=82245"}],"wp:term":[{"taxonomy":"product_brand","embeddable":true,"href":"https:\/\/baldumarket.lt\/lt\/wp-json\/wp\/v2\/product_brand?post=82245"},{"taxonomy":"product_cat","embeddable":true,"href":"https:\/\/baldumarket.lt\/lt\/wp-json\/wp\/v2\/product_cat?post=82245"},{"taxonomy":"product_tag","embeddable":true,"href":"https:\/\/baldumarket.lt\/lt\/wp-json\/wp\/v2\/product_tag?post=82245"}],"curies":[{"name":"wp","href":"https:\/\/api.w.org\/{rel}","templated":true}]}}