{"id":82239,"date":"2025-12-04T22:43:30","date_gmt":"2025-12-04T19:43:30","guid":{"rendered":"https:\/\/baldumarket.lt\/product\/witryna-bukowa-vip-kw402-buk-mokka\/"},"modified":"2026-02-04T00:31:28","modified_gmt":"2026-02-03T21:31:28","slug":"witryna-bukowa-vip-kw402-buk-mokka","status":"publish","type":"product","link":"https:\/\/baldumarket.lt\/lt\/product\/witryna-bukowa-vip-kw402-buk-mokka\/","title":{"rendered":"VIP buko vitrina KW402 moka bukas"},"content":{"rendered":"<p>Buko medienos vitrina KW402 leid\u017eia sukurti \u0161ilt\u0105, jauki\u0105, ta\u010diau stiling\u0105 ir modern\u0173 valgomojo ar svetain\u0117s vaizd\u0105. Ji pasi\u017eymi didele stikline vitrina, erdviais stal\u010diais ir patogiomis spintel\u0117mis. Ji puikiai tinka laikyti piet\u0173 servizus ar \u0161eimos relikvijas, kurias norite eksponuoti.<\/p>\n<p>Spintel\u0117 turi vien\u0105 lentyn\u0105.<\/p>","protected":false},"excerpt":{"rendered":"<p>Buko medienos vitrina KW402 leid\u017eia sukurti \u0161ilt\u0105, jauki\u0105, ta\u010diau stiling\u0105 ir modern\u0173 valgomojo ar svetain\u0117s vaizd\u0105. Ji pasi\u017eymi didele stikline vitrina, erdviais stal\u010diais ir patogiomis spintel\u0117mis. Ji puikiai tinka laikyti piet\u0173 servizus ar \u0161eimos relikvijas, kurias norite eksponuoti. Spintel\u0117je yra viena lentyna.<\/p>","protected":false},"featured_media":82240,"comment_status":"open","ping_status":"open","template":"","meta":[],"product_brand":[],"product_cat":[9314,2113,2006],"product_tag":[],"class_list":{"0":"post-82239","1":"product","2":"type-product","3":"status-publish","4":"has-post-thumbnail","6":"product_cat-kolekcja-vip-drewmax","7":"product_cat-drewmax","8":"product_cat-vitrines","10":"first","11":"instock","12":"purchasable","13":"product-type-simple"},"_links":{"self":[{"href":"https:\/\/baldumarket.lt\/lt\/wp-json\/wp\/v2\/product\/82239","targetHints":{"allow":["GET"]}}],"collection":[{"href":"https:\/\/baldumarket.lt\/lt\/wp-json\/wp\/v2\/product"}],"about":[{"href":"https:\/\/baldumarket.lt\/lt\/wp-json\/wp\/v2\/types\/product"}],"replies":[{"embeddable":true,"href":"https:\/\/baldumarket.lt\/lt\/wp-json\/wp\/v2\/comments?post=82239"}],"wp:featuredmedia":[{"embeddable":true,"href":"https:\/\/baldumarket.lt\/lt\/wp-json\/wp\/v2\/media\/82240"}],"wp:attachment":[{"href":"https:\/\/baldumarket.lt\/lt\/wp-json\/wp\/v2\/media?parent=82239"}],"wp:term":[{"taxonomy":"product_brand","embeddable":true,"href":"https:\/\/baldumarket.lt\/lt\/wp-json\/wp\/v2\/product_brand?post=82239"},{"taxonomy":"product_cat","embeddable":true,"href":"https:\/\/baldumarket.lt\/lt\/wp-json\/wp\/v2\/product_cat?post=82239"},{"taxonomy":"product_tag","embeddable":true,"href":"https:\/\/baldumarket.lt\/lt\/wp-json\/wp\/v2\/product_tag?post=82239"}],"curies":[{"name":"wp","href":"https:\/\/api.w.org\/{rel}","templated":true}]}}