{"id":82207,"date":"2025-12-04T22:43:03","date_gmt":"2025-12-04T19:43:03","guid":{"rendered":"https:\/\/baldumarket.lt\/product\/witryna-bukowa-modern-kw421-buk-mokka\/"},"modified":"2026-02-04T00:31:29","modified_gmt":"2026-02-03T21:31:29","slug":"witryna-bukowa-modern-kw421-buk-mokka","status":"publish","type":"product","link":"https:\/\/baldumarket.lt\/lt\/product\/witryna-bukowa-modern-kw421-buk-mokka\/","title":{"rendered":"Buko vitrina MODERN KW421 moka buko spalvos"},"content":{"rendered":"<p>Buko medienos vitrina KW421 buvo sukurta galvojant apie modernaus minimalizmo m\u0117g\u0117jus. \u0160is baldas derina elegancij\u0105 su moderniu dizainu ir funkcionalumu. Nat\u016brali buko mediena suteikia \u017eavesio, sukurdama \u0161ilt\u0105 ir jauki\u0105 atmosfer\u0105 bet kuriame interjere, kuriame ji bus eksponuojama. Gra\u017e\u016bs stikliniai fasadai ne tik puo\u0161ia, bet ir leid\u017eia eksponuoti \u0161eimos nuotraukas ar suvenyrus. Erdv\u016bs stal\u010diai, esantys tiesiai vir\u0161 grind\u0173, suteikia prakti\u0161k\u0105 viet\u0105 nam\u0173 nieku\u010diams. Vitrina sumontuota ant medini\u0173 kojeli\u0173. Papildomai galima \u012fsigyti 10 cm auk\u0161\u010dio aliuminio kojeles (NG002) ir 15 cm auk\u0161\u010dio metalines kojeles (NG003). Tai leid\u017eia lengvai ir visi\u0161kai pakeisti baldo charakter\u012f ir stili\u0173.<\/p>\n<p>KW421 vitrinos kojeli\u0173 kiekis, reikalingas atskiroms kojel\u0117ms:<\/p>\n<p>NG002 \u2013 2 vnt.<\/p>\n<p>NG003 \u2013 4 vnt.<\/p>","protected":false},"excerpt":{"rendered":"<p>Buko medienos vitrina KW421 buvo sukurta galvojant apie modernaus minimalizmo m\u0117g\u0117jus. \u0160is baldas sujungia elegancij\u0105 su moderniu dizainu ir funkcionalumu. Nat\u016brali buko mediena suteikia \u017eavesio, sukurdama \u0161ilt\u0105 ir jauki\u0105 atmosfer\u0105 bet kuriame interjere, kuriame ji bus eksponuojama. Gra\u017e\u016bs stikliniai fasadai ne tik puo\u0161ia, bet ir leid\u017eia eksponuoti [\u2026]<\/p>","protected":false},"featured_media":82208,"comment_status":"open","ping_status":"open","template":"","meta":[],"product_brand":[],"product_cat":[9315,2113,2006],"product_tag":[],"class_list":{"0":"post-82207","1":"product","2":"type-product","3":"status-publish","4":"has-post-thumbnail","6":"product_cat-the-modern-collection-drewmax","7":"product_cat-drewmax","8":"product_cat-vitrines","10":"first","11":"instock","12":"purchasable","13":"product-type-simple"},"_links":{"self":[{"href":"https:\/\/baldumarket.lt\/lt\/wp-json\/wp\/v2\/product\/82207","targetHints":{"allow":["GET"]}}],"collection":[{"href":"https:\/\/baldumarket.lt\/lt\/wp-json\/wp\/v2\/product"}],"about":[{"href":"https:\/\/baldumarket.lt\/lt\/wp-json\/wp\/v2\/types\/product"}],"replies":[{"embeddable":true,"href":"https:\/\/baldumarket.lt\/lt\/wp-json\/wp\/v2\/comments?post=82207"}],"wp:featuredmedia":[{"embeddable":true,"href":"https:\/\/baldumarket.lt\/lt\/wp-json\/wp\/v2\/media\/82208"}],"wp:attachment":[{"href":"https:\/\/baldumarket.lt\/lt\/wp-json\/wp\/v2\/media?parent=82207"}],"wp:term":[{"taxonomy":"product_brand","embeddable":true,"href":"https:\/\/baldumarket.lt\/lt\/wp-json\/wp\/v2\/product_brand?post=82207"},{"taxonomy":"product_cat","embeddable":true,"href":"https:\/\/baldumarket.lt\/lt\/wp-json\/wp\/v2\/product_cat?post=82207"},{"taxonomy":"product_tag","embeddable":true,"href":"https:\/\/baldumarket.lt\/lt\/wp-json\/wp\/v2\/product_tag?post=82207"}],"curies":[{"name":"wp","href":"https:\/\/api.w.org\/{rel}","templated":true}]}}