{"id":82194,"date":"2025-12-04T22:42:50","date_gmt":"2025-12-04T19:42:50","guid":{"rendered":"https:\/\/baldumarket.lt\/product\/lozko-box-bukowe-lk112-box-buk-mokka-4\/"},"modified":"2026-02-04T00:31:31","modified_gmt":"2026-02-03T21:31:31","slug":"lozko-box-bukowe-lk112-box-buk-mokka-4","status":"publish","type":"product","link":"https:\/\/baldumarket.lt\/lt\/product\/lozko-box-bukowe-lk112-box-buk-mokka-4\/","title":{"rendered":"BOX buko lova LK112 BOX moka bukas"},"content":{"rendered":"<p>LK112 BOX buko lova \u2013 puikus pasirinkimas ie\u0161kantiems prakti\u0161k\u0173 sprendim\u0173 savo miegamajam. Paprastas, ta\u010diau tvirtas dizainas papuo\u0161 bet kok\u012f interjer\u0105. I\u0161skirtinis nat\u016bralus medienos ra\u0161tas ir matomas ra\u0161tas suteikia charakterio ir pagerina estetin\u012f patrauklum\u0105. Bald\u0173 gamintojas taip pat u\u017etikrina savo gamini\u0173 prakti\u0161kum\u0105.<\/p>\n<p>LK112 BOX lova turi metalin\u012f r\u0117m\u0105 su pak\u0117limo mechanizmu ir groteles, kurios parduodamos atskirai \u2013 r\u0117mas FRONT d\u0117\u017eei.<\/p>\n<p>Lova LK112 BOX taip pat galima \u012fsigyti be patalyn\u0117s laikymo skyriaus \u2013 buko medienos lova LK112<\/p>","protected":false},"excerpt":{"rendered":"<p>LK112 BOX buko lova \u2013 puikus pasirinkimas ie\u0161kantiems prakti\u0161k\u0173 sprendim\u0173 savo miegamajam. Paprastas, ta\u010diau tvirtas dizainas papuo\u0161 bet kok\u012f interjer\u0105. I\u0161skirtinis nat\u016bralus medienos ra\u0161tas ir matomas ra\u0161tas suteikia charakterio ir pagerina estetin\u012f patrauklum\u0105. Bald\u0173 gamintojas taip pat u\u017etikrina savo gamini\u0173 prakti\u0161kum\u0105. LK112 BOX [\u2026]<\/p>","protected":false},"featured_media":82184,"comment_status":"open","ping_status":"open","template":"","meta":[],"product_brand":[],"product_cat":[9304,505,2113],"product_tag":[],"class_list":{"0":"post-82194","1":"product","2":"type-product","3":"status-publish","4":"has-post-thumbnail","6":"product_cat-beech-furniture-drewmax","7":"product_cat-bedroom-beds","8":"product_cat-drewmax","10":"first","11":"instock","12":"purchasable","13":"product-type-simple"},"_links":{"self":[{"href":"https:\/\/baldumarket.lt\/lt\/wp-json\/wp\/v2\/product\/82194","targetHints":{"allow":["GET"]}}],"collection":[{"href":"https:\/\/baldumarket.lt\/lt\/wp-json\/wp\/v2\/product"}],"about":[{"href":"https:\/\/baldumarket.lt\/lt\/wp-json\/wp\/v2\/types\/product"}],"replies":[{"embeddable":true,"href":"https:\/\/baldumarket.lt\/lt\/wp-json\/wp\/v2\/comments?post=82194"}],"wp:featuredmedia":[{"embeddable":true,"href":"https:\/\/baldumarket.lt\/lt\/wp-json\/wp\/v2\/media\/82184"}],"wp:attachment":[{"href":"https:\/\/baldumarket.lt\/lt\/wp-json\/wp\/v2\/media?parent=82194"}],"wp:term":[{"taxonomy":"product_brand","embeddable":true,"href":"https:\/\/baldumarket.lt\/lt\/wp-json\/wp\/v2\/product_brand?post=82194"},{"taxonomy":"product_cat","embeddable":true,"href":"https:\/\/baldumarket.lt\/lt\/wp-json\/wp\/v2\/product_cat?post=82194"},{"taxonomy":"product_tag","embeddable":true,"href":"https:\/\/baldumarket.lt\/lt\/wp-json\/wp\/v2\/product_tag?post=82194"}],"curies":[{"name":"wp","href":"https:\/\/api.w.org\/{rel}","templated":true}]}}