{"id":82179,"date":"2025-12-04T22:42:30","date_gmt":"2025-12-04T19:42:30","guid":{"rendered":"https:\/\/baldumarket.lt\/product\/lozko-bukowe-lk112-buk-mokka-2\/"},"modified":"2026-02-04T00:31:33","modified_gmt":"2026-02-03T21:31:33","slug":"lozko-bukowe-lk112-buk-mokka-2","status":"publish","type":"product","link":"https:\/\/baldumarket.lt\/lt\/produktas\/lozko-bukowe-lk112-buk-mokka-2\/","title":{"rendered":"Buko lova LK112 moka buko spalvos"},"content":{"rendered":"<p>LK112 buko lova puikiai tinka tiems, kurie vertina nat\u016bralios medienos patvarum\u0105 ir estetik\u0105. Pagaminta i\u0161 tvirtos buko medienos, ji \u017eavi savo paprasta, tvirta konstrukcija ir ry\u0161kia tekst\u016bra. Geometrin\u0117 galv\u016bgalio ir priekio forma suteikia visam baldui modern\u0173, ta\u010diau nesenstant\u012f charakter\u012f. \u0160is modelis puikiai dera prie klasikinio, skandinavi\u0161ko ar lofto stiliaus interjero.<\/p>\n<p>LK112 buko lova garantuoja stabilum\u0105 ir komfort\u0105 daugeliui naudojimo met\u0173 \u2013 investicija \u012f patog\u0173 ir sveik\u0105 mieg\u0105. Nat\u016brali med\u017eio spalva suteikia \u0161ilumos ir harmonijos bet kuriam miegamajam, sukurdama tobul\u0105 aplink\u0105 poilsiui.<\/p>\n<p>Lova yra \u012fvairi\u0173 dyd\u017ei\u0173 ir apdailos \u2013 idealiai tinka priva\u010dioms erdv\u0117ms ir vie\u0161bu\u010di\u0173 aplinkai.<\/p>\n<p>Lovos r\u0117mas ir \u010diu\u017einys parduodami atskirai.<\/p>","protected":false},"excerpt":{"rendered":"<p>LK112 buko lova puikiai tinka tiems, kurie vertina nat\u016bralios medienos patvarum\u0105 ir estetik\u0105. Pagaminta i\u0161 tvirtos buko medienos, ji \u017eavi savo paprasta, tvirta konstrukcija ir ry\u0161kiais ra\u0161tais. Geometrin\u0117 galv\u016bgalio ir priekio forma suteikia visam baldui modern\u0173, ta\u010diau nesenstant\u012f charakter\u012f. \u0160is modelis puikiai dera su klasikiniu, skandinavi\u0161ku, [\u2026]<\/p>","protected":false},"featured_media":82174,"comment_status":"open","ping_status":"open","template":"","meta":[],"product_brand":[],"product_cat":[9304,505,2113],"product_tag":[],"class_list":{"0":"post-82179","1":"product","2":"type-product","3":"status-publish","4":"has-post-thumbnail","6":"product_cat-beech-furniture-drewmax","7":"product_cat-bedroom-beds","8":"product_cat-drewmax","9":"pa_length-cm-2123","11":"first","12":"instock","13":"purchasable","14":"product-type-simple"},"_links":{"self":[{"href":"https:\/\/baldumarket.lt\/lt\/wp-json\/wp\/v2\/product\/82179","targetHints":{"allow":["GET"]}}],"collection":[{"href":"https:\/\/baldumarket.lt\/lt\/wp-json\/wp\/v2\/product"}],"about":[{"href":"https:\/\/baldumarket.lt\/lt\/wp-json\/wp\/v2\/types\/product"}],"replies":[{"embeddable":true,"href":"https:\/\/baldumarket.lt\/lt\/wp-json\/wp\/v2\/comments?post=82179"}],"wp:featuredmedia":[{"embeddable":true,"href":"https:\/\/baldumarket.lt\/lt\/wp-json\/wp\/v2\/media\/82174"}],"wp:attachment":[{"href":"https:\/\/baldumarket.lt\/lt\/wp-json\/wp\/v2\/media?parent=82179"}],"wp:term":[{"taxonomy":"product_brand","embeddable":true,"href":"https:\/\/baldumarket.lt\/lt\/wp-json\/wp\/v2\/product_brand?post=82179"},{"taxonomy":"product_cat","embeddable":true,"href":"https:\/\/baldumarket.lt\/lt\/wp-json\/wp\/v2\/product_cat?post=82179"},{"taxonomy":"product_tag","embeddable":true,"href":"https:\/\/baldumarket.lt\/lt\/wp-json\/wp\/v2\/product_tag?post=82179"}],"curies":[{"name":"wp","href":"https:\/\/api.w.org\/{rel}","templated":true}]}}