{"id":82163,"date":"2025-12-04T22:42:15","date_gmt":"2025-12-04T19:42:15","guid":{"rendered":"https:\/\/baldumarket.lt\/product\/lozko-bukowe-lk164-buk-mokka\/"},"modified":"2026-02-04T00:31:34","modified_gmt":"2026-02-03T21:31:34","slug":"lozko-bukowe-lk164-buk-mokka","status":"publish","type":"product","link":"https:\/\/baldumarket.lt\/lt\/produktas\/lozko-bukowe-lk164-buk-mokka\/","title":{"rendered":"Buko lova LK164 moka buko spalvos"},"content":{"rendered":"<p>Labai moderni ir unikali LK164 lova, pagaminta i\u0161 tvirtos buko medienos. A\u017e\u016brinis, lenktas galv\u016bgalis, besit\u0119siantis vir\u0161 lovos r\u0117mo, atlieka ne tik dekoratyvin\u0119 funkcij\u0105, bet ir yra prakti\u0161kas. Unikalus dizainas i\u0161siskirs i\u0161 tradicini\u0173 galv\u016bgali\u0173 ir sustiprins individual\u0173 kambario charakter\u012f. I\u0161lenktos kojel\u0117s ties galv\u016bgaliu ir ma\u017eos, dekoratyvin\u0117s priekin\u0117s kojel\u0117s suteikia visai konstrukcijai lengvumo ir pabr\u0117\u017eia jos unikal\u0173 charakter\u012f. Kartu LK164 lova gali tapti bet kurio miegamojo centriniu elementu.<\/p>\n<p>Lovos r\u0117mas ir \u010diu\u017einys parduodami atskirai.<\/p>","protected":false},"excerpt":{"rendered":"<p>Labai moderni ir unikali LK164 lova, pagaminta i\u0161 tvirtos buko medienos. A\u017e\u016brinis, lenktas galv\u016bgalis, besit\u0119siantis vir\u0161 lovos r\u0117mo, atlieka ne tik prakti\u0161kumo, bet ir dekoratyvin\u0119 funkcij\u0105. Unikalus dizainas i\u0161siskirs i\u0161 tradicini\u0173 galv\u016bgali\u0173 ir sustiprins individual\u0173 kambario charakter\u012f. I\u0161lenktos kojel\u0117s galv\u016bgalyje ir ma\u017ea, dekoratyvin\u0117 [\u2026]<\/p>","protected":false},"featured_media":82164,"comment_status":"open","ping_status":"open","template":"","meta":[],"product_brand":[],"product_cat":[9304,505,2113],"product_tag":[],"class_list":{"0":"post-82163","1":"product","2":"type-product","3":"status-publish","4":"has-post-thumbnail","6":"product_cat-beech-furniture-drewmax","7":"product_cat-bedroom-beds","8":"product_cat-drewmax","9":"pa_length-cm-2123","11":"first","12":"instock","13":"purchasable","14":"product-type-simple"},"_links":{"self":[{"href":"https:\/\/baldumarket.lt\/lt\/wp-json\/wp\/v2\/product\/82163","targetHints":{"allow":["GET"]}}],"collection":[{"href":"https:\/\/baldumarket.lt\/lt\/wp-json\/wp\/v2\/product"}],"about":[{"href":"https:\/\/baldumarket.lt\/lt\/wp-json\/wp\/v2\/types\/product"}],"replies":[{"embeddable":true,"href":"https:\/\/baldumarket.lt\/lt\/wp-json\/wp\/v2\/comments?post=82163"}],"wp:featuredmedia":[{"embeddable":true,"href":"https:\/\/baldumarket.lt\/lt\/wp-json\/wp\/v2\/media\/82164"}],"wp:attachment":[{"href":"https:\/\/baldumarket.lt\/lt\/wp-json\/wp\/v2\/media?parent=82163"}],"wp:term":[{"taxonomy":"product_brand","embeddable":true,"href":"https:\/\/baldumarket.lt\/lt\/wp-json\/wp\/v2\/product_brand?post=82163"},{"taxonomy":"product_cat","embeddable":true,"href":"https:\/\/baldumarket.lt\/lt\/wp-json\/wp\/v2\/product_cat?post=82163"},{"taxonomy":"product_tag","embeddable":true,"href":"https:\/\/baldumarket.lt\/lt\/wp-json\/wp\/v2\/product_tag?post=82163"}],"curies":[{"name":"wp","href":"https:\/\/api.w.org\/{rel}","templated":true}]}}