{"id":82157,"date":"2025-12-04T22:42:10","date_gmt":"2025-12-04T19:42:10","guid":{"rendered":"https:\/\/baldumarket.lt\/product\/szuflada-bukowa-lk172-buk-mokka\/"},"modified":"2026-02-04T00:31:35","modified_gmt":"2026-02-03T21:31:35","slug":"szuflada-bukowa-lk172-buk-mokka","status":"publish","type":"product","link":"https:\/\/baldumarket.lt\/lt\/produktas\/szuflada-bukowa-lk172-buk-mokka\/","title":{"rendered":"Buko stal\u010dius LK172 moka bukas"},"content":{"rendered":"<p>Buko patalyn\u0117s stal\u010dius LK172, skirtas \u012fstumti po lova, yra idealus sprendimas ma\u017eoms erdv\u0117ms.<\/p>\n<p>Puikiai tinka patalynei, pagalv\u0117ms ir antklod\u0117ms laikyti. Skland\u0173 veikim\u0105 u\u017etikrina apa\u010dioje sumontuoti ratukai.<\/p>\n<p>MATMENYS:<\/p>\n<p>Plotis: 197 cm \u2013 per vis\u0105 lovos ilg\u012f<\/p>\n<p>Gylis: 67 cm \u2013 skirtas visiems standartiniams lov\u0173 dyd\u017eiams, i\u0161skyrus 120 cm plo\u010dio. 120 cm plo\u010dio lovoms rinkit\u0117s stal\u010di\u0173 LK179.<\/p>\n<p>Auk\u0161tis: 24 cm<\/p>\n<p>Patikrinkite MATMEN\u0172 LENTEL\u0118, ar \u0161is stal\u010dius tinka j\u016bs\u0173 pasirinktam lovos modeliui.<\/p>","protected":false},"excerpt":{"rendered":"<p>LK172 buko patalyn\u0117s stal\u010dius, skirtas \u012fstumti po lova, yra idealus sprendimas ma\u017eoms erdv\u0117ms. Jis puikiai tinka patalynei, pagalv\u0117ms ir antklod\u0117ms laikyti. Skland\u0173 veikim\u0105 u\u017etikrina apa\u010dioje sumontuoti ratukai. MATMENYS: Plotis: 197 cm \u2013 visas lovos ilgis Gylis: 67 cm \u2013 skirtas visiems standartiniams [\u2026]<\/p>","protected":false},"featured_media":82158,"comment_status":"open","ping_status":"open","template":"","meta":[],"product_brand":[],"product_cat":[9304,9251,2113],"product_tag":[],"class_list":{"0":"post-82157","1":"product","2":"type-product","3":"status-publish","4":"has-post-thumbnail","6":"product_cat-beech-furniture-drewmax","7":"product_cat-musor","8":"product_cat-drewmax","10":"first","11":"instock","12":"purchasable","13":"product-type-simple"},"_links":{"self":[{"href":"https:\/\/baldumarket.lt\/lt\/wp-json\/wp\/v2\/product\/82157","targetHints":{"allow":["GET"]}}],"collection":[{"href":"https:\/\/baldumarket.lt\/lt\/wp-json\/wp\/v2\/product"}],"about":[{"href":"https:\/\/baldumarket.lt\/lt\/wp-json\/wp\/v2\/types\/product"}],"replies":[{"embeddable":true,"href":"https:\/\/baldumarket.lt\/lt\/wp-json\/wp\/v2\/comments?post=82157"}],"wp:featuredmedia":[{"embeddable":true,"href":"https:\/\/baldumarket.lt\/lt\/wp-json\/wp\/v2\/media\/82158"}],"wp:attachment":[{"href":"https:\/\/baldumarket.lt\/lt\/wp-json\/wp\/v2\/media?parent=82157"}],"wp:term":[{"taxonomy":"product_brand","embeddable":true,"href":"https:\/\/baldumarket.lt\/lt\/wp-json\/wp\/v2\/product_brand?post=82157"},{"taxonomy":"product_cat","embeddable":true,"href":"https:\/\/baldumarket.lt\/lt\/wp-json\/wp\/v2\/product_cat?post=82157"},{"taxonomy":"product_tag","embeddable":true,"href":"https:\/\/baldumarket.lt\/lt\/wp-json\/wp\/v2\/product_tag?post=82157"}],"curies":[{"name":"wp","href":"https:\/\/api.w.org\/{rel}","templated":true}]}}