{"id":82140,"date":"2025-12-04T22:41:52","date_gmt":"2025-12-04T19:41:52","guid":{"rendered":"https:\/\/baldumarket.lt\/product\/lozko-box-bukowe-lk186-box-buk-mokka-5\/"},"modified":"2026-02-04T00:31:37","modified_gmt":"2026-02-03T21:31:37","slug":"lozko-box-bukowe-lk186-box-buk-mokka-5","status":"publish","type":"product","link":"https:\/\/baldumarket.lt\/lt\/product\/lozko-box-bukowe-lk186-box-buk-mokka-5\/","title":{"rendered":"BOX buko lova LK186 BOX buko moka"},"content":{"rendered":"<p>Tvirta ir masyvi LK186 BOX lova su daiktad\u0117\u017ee pagaminta i\u0161 tvirtos buko medienos. Auk\u0161tas galv\u016bgalis, pasi\u017eymintis klasikiniu, a\u017e\u016briniu dizainu, suteikia puiki\u0105 atram\u0105 skaitant ar ilsintis. D\u0117l ai\u0161kiai matomos tekst\u016bros galv\u016bgalis taip pat yra puikus dekoratyvinis elementas, galintis tapti bet kokio kambario akcentu ir suteikti unikal\u0173 stili\u0173. Auk\u0161tos kokyb\u0117s mediena ir tvirta konstrukcija u\u017etikrina, kad \u0161i lova tarnaus ilgus metus. LK186 BOX lova yra viengul\u0117s ir dvigul\u0117s.<\/p>\n<p>LK186 BOX lova turi metalin\u012f r\u0117m\u0105 su pak\u0117limo mechanizmu ir groteles, kurios parduodamos atskirai \u2013 FRONT lovos r\u0117mas<\/p>\n<p>Lova \u201eLK186 BOX\u201c taip pat prieinama be vietos daiktams laikyti \u2013 buko medienos lova \u201eLK186\u201c<\/p>","protected":false},"excerpt":{"rendered":"<p>Tvirta ir masyvi LK186 BOX lova su daiktad\u0117\u017ee pagaminta i\u0161 tvirtos buko medienos. Auk\u0161tas galv\u016bgalis, pasi\u017eymintis klasikiniu, a\u017e\u016briniu dizainu, suteikia puiki\u0105 atram\u0105 skaitant ar ilsintis. D\u0117l ai\u0161kiai matomo ra\u0161to galv\u016bgalis taip pat yra puikus dekoratyvinis elementas, galintis tapti bet kokio kambario akcentu ir suteikti unikal\u0173 [\u2026]<\/p>","protected":false},"featured_media":82133,"comment_status":"open","ping_status":"open","template":"","meta":[],"product_brand":[],"product_cat":[9304,505,2113],"product_tag":[],"class_list":{"0":"post-82140","1":"product","2":"type-product","3":"status-publish","4":"has-post-thumbnail","6":"product_cat-beech-furniture-drewmax","7":"product_cat-bedroom-beds","8":"product_cat-drewmax","9":"pa_length-cm-2123","11":"first","12":"instock","13":"purchasable","14":"product-type-simple"},"_links":{"self":[{"href":"https:\/\/baldumarket.lt\/lt\/wp-json\/wp\/v2\/product\/82140","targetHints":{"allow":["GET"]}}],"collection":[{"href":"https:\/\/baldumarket.lt\/lt\/wp-json\/wp\/v2\/product"}],"about":[{"href":"https:\/\/baldumarket.lt\/lt\/wp-json\/wp\/v2\/types\/product"}],"replies":[{"embeddable":true,"href":"https:\/\/baldumarket.lt\/lt\/wp-json\/wp\/v2\/comments?post=82140"}],"wp:featuredmedia":[{"embeddable":true,"href":"https:\/\/baldumarket.lt\/lt\/wp-json\/wp\/v2\/media\/82133"}],"wp:attachment":[{"href":"https:\/\/baldumarket.lt\/lt\/wp-json\/wp\/v2\/media?parent=82140"}],"wp:term":[{"taxonomy":"product_brand","embeddable":true,"href":"https:\/\/baldumarket.lt\/lt\/wp-json\/wp\/v2\/product_brand?post=82140"},{"taxonomy":"product_cat","embeddable":true,"href":"https:\/\/baldumarket.lt\/lt\/wp-json\/wp\/v2\/product_cat?post=82140"},{"taxonomy":"product_tag","embeddable":true,"href":"https:\/\/baldumarket.lt\/lt\/wp-json\/wp\/v2\/product_tag?post=82140"}],"curies":[{"name":"wp","href":"https:\/\/api.w.org\/{rel}","templated":true}]}}