{"id":82121,"date":"2025-12-04T22:41:32","date_gmt":"2025-12-04T19:41:32","guid":{"rendered":"https:\/\/baldumarket.lt\/product\/lozko-box-bukowe-lk187-box-buk-mokka-2\/"},"modified":"2026-02-04T00:31:41","modified_gmt":"2026-02-03T21:31:41","slug":"lozko-box-bukowe-lk187-box-buk-mokka-2","status":"publish","type":"product","link":"https:\/\/baldumarket.lt\/lt\/product\/lozko-box-bukowe-lk187-box-buk-mokka-2\/","title":{"rendered":"BOX buko lova LK187 BOX buko moka"},"content":{"rendered":"<p>Prakti\u0161ka ir \u012fsp\u016bdinga LK187 BOX lova buvo sukurta atsi\u017evelgiant \u012f individualius m\u016bs\u0173 klient\u0173 poreikius. J\u0105 sudaro buko lovos pagrindas, metalinis r\u0117mas su groteli\u0173 pagrindu ir pak\u0117limo mechanizmu. Po lova yra daiktad\u0117\u017e\u0117, kurioje telpa papildoma patalyn\u0117 ir daug daugiau daikt\u0173.<\/p>\n<p>Lovos galv\u016bgal\u012f LK187 BOX galima naudoti kaip atskir\u0105 lov\u0105 arba derinti su galv\u016bgaliu (parduodamas atskirai) (ZG001, ZG002, ZG003), taip sukuriant unikal\u0173 komplekt\u0105. Galv\u016bgalis yra trij\u0173 skirting\u0173 si\u016bli\u0173 ra\u0161t\u0173 ir spalv\u0173, tod\u0117l lengva susikurti lov\u0105, atitinkan\u010di\u0105 j\u016bs\u0173 skon\u012f ir l\u016bkes\u010dius. Galv\u016bgalius galima \u012fsigyti pasirinktose \u201eToptextil\u201c apmu\u0161al\u0173 kolekcijose i\u0161 \u201eDrewmax\u201c katalogo (netaikoma ATOS kolekcijai).<\/p>\n<p>LK187 BOX lova turi metalin\u012f r\u0117m\u0105 su pak\u0117limo mechanizmu ir groteli\u0173 pagrindu, kuris parduodamas atskirai \u2013 FRONT lovos r\u0117mas<\/p>\n<p>LK187 BOX lova taip pat prieinama be daiktad\u0117\u017e\u0117s \u2013 buko medienos lova LK187<\/p>\n<p>Kiekvienoje LK187 BOX lovoje yra komponentai galv\u016bgalio tvirtinimui.<\/p>","protected":false},"excerpt":{"rendered":"<p>Prakti\u0161ka ir \u012fsp\u016bdinga LK187 BOX lova buvo sukurta atsi\u017evelgiant \u012f individualius m\u016bs\u0173 klient\u0173 poreikius. J\u0105 sudaro buko lovos pagrindas, metalinis r\u0117mas su groteli\u0173 pagrindu ir pak\u0117limo mechanizmu. Po lova esanti daiktad\u0117\u017e\u0117 suteikia vietos papildomai patalynei ir daug daugiau. LK187 BOX gali b\u016bti naudojama [\u2026]<\/p>","protected":false},"featured_media":82116,"comment_status":"open","ping_status":"open","template":"","meta":[],"product_brand":[],"product_cat":[9304,505,2113],"product_tag":[],"class_list":{"0":"post-82121","1":"product","2":"type-product","3":"status-publish","4":"has-post-thumbnail","6":"product_cat-beech-furniture-drewmax","7":"product_cat-bedroom-beds","8":"product_cat-drewmax","9":"pa_length-cm-2123","11":"first","12":"instock","13":"purchasable","14":"product-type-simple"},"_links":{"self":[{"href":"https:\/\/baldumarket.lt\/lt\/wp-json\/wp\/v2\/product\/82121","targetHints":{"allow":["GET"]}}],"collection":[{"href":"https:\/\/baldumarket.lt\/lt\/wp-json\/wp\/v2\/product"}],"about":[{"href":"https:\/\/baldumarket.lt\/lt\/wp-json\/wp\/v2\/types\/product"}],"replies":[{"embeddable":true,"href":"https:\/\/baldumarket.lt\/lt\/wp-json\/wp\/v2\/comments?post=82121"}],"wp:featuredmedia":[{"embeddable":true,"href":"https:\/\/baldumarket.lt\/lt\/wp-json\/wp\/v2\/media\/82116"}],"wp:attachment":[{"href":"https:\/\/baldumarket.lt\/lt\/wp-json\/wp\/v2\/media?parent=82121"}],"wp:term":[{"taxonomy":"product_brand","embeddable":true,"href":"https:\/\/baldumarket.lt\/lt\/wp-json\/wp\/v2\/product_brand?post=82121"},{"taxonomy":"product_cat","embeddable":true,"href":"https:\/\/baldumarket.lt\/lt\/wp-json\/wp\/v2\/product_cat?post=82121"},{"taxonomy":"product_tag","embeddable":true,"href":"https:\/\/baldumarket.lt\/lt\/wp-json\/wp\/v2\/product_tag?post=82121"}],"curies":[{"name":"wp","href":"https:\/\/api.w.org\/{rel}","templated":true}]}}