{"id":82114,"date":"2025-12-04T22:41:26","date_gmt":"2025-12-04T19:41:26","guid":{"rendered":"https:\/\/baldumarket.lt\/product\/lozko-bukowe-lk187-buk-mokka-3\/"},"modified":"2026-02-04T00:31:41","modified_gmt":"2026-02-03T21:31:41","slug":"lozko-bukowe-lk187-buk-mokka-3","status":"publish","type":"product","link":"https:\/\/baldumarket.lt\/lt\/product\/lozko-bukowe-lk187-buk-mokka-3\/","title":{"rendered":"Buko lova LK187 moka buko spalvos"},"content":{"rendered":"<p>LK187 lova buvo sukurta atsi\u017evelgiant \u012f individualius m\u016bs\u0173 klient\u0173 poreikius. LK187 modelis yra tik lovos r\u0117mas, pagamintas i\u0161 tvirtos buko medienos. D\u0117l paprasto, nesenstan\u010dio dizaino ji puikiai tinka tiek klasikiniam, tiek moderniam miegamojo dizainui.<\/p>\n<p>LK187 galima naudoti kaip atskir\u0105 lov\u0105 arba derinti su galv\u016bgaliu (parduodamas atskirai) (ZG001, ZG002, ZG003), taip sukuriant unikal\u0173 komplekt\u0105. Galv\u016bgalis yra trij\u0173 skirting\u0173 si\u016bli\u0173 ra\u0161t\u0173 ir spalv\u0173. Tai leid\u017eia lengvai susikurti lov\u0105, atitinkan\u010di\u0105 j\u016bs\u0173 skon\u012f ir l\u016bkes\u010dius. Galv\u016bgaliai yra pasirinktose \u201eToptextil\u201c apmu\u0161al\u0173 kolekcijose i\u0161 \u201eDrewmax\u201c katalogo (netaikoma ATOS kolekcijai).<\/p>\n<p>Kiekvienoje LK187 lovoje yra galv\u016bgalio tvirtinimo detal\u0117s.<\/p>\n<p>Lovos r\u0117mas ir \u010diu\u017einys parduodami atskirai.<\/p>","protected":false},"excerpt":{"rendered":"<p>LK187 lova buvo sukurta atsi\u017evelgiant \u012f individualius m\u016bs\u0173 klient\u0173 poreikius. LK187 modelis yra tik lovos r\u0117mas, pagamintas i\u0161 tvirtos buko medienos. D\u0117l paprasto, nesenstan\u010dio dizaino ji puikiai tinka tiek klasikiniam, tiek moderniam miegamojo dizainui. LK187 galima naudoti kaip atskir\u0105 lov\u0105 arba derinti su [\u2026]<\/p>","protected":false},"featured_media":82109,"comment_status":"open","ping_status":"open","template":"","meta":[],"product_brand":[],"product_cat":[9304,505,2113],"product_tag":[],"class_list":{"0":"post-82114","1":"product","2":"type-product","3":"status-publish","4":"has-post-thumbnail","6":"product_cat-beech-furniture-drewmax","7":"product_cat-bedroom-beds","8":"product_cat-drewmax","10":"first","11":"instock","12":"purchasable","13":"product-type-simple"},"_links":{"self":[{"href":"https:\/\/baldumarket.lt\/lt\/wp-json\/wp\/v2\/product\/82114","targetHints":{"allow":["GET"]}}],"collection":[{"href":"https:\/\/baldumarket.lt\/lt\/wp-json\/wp\/v2\/product"}],"about":[{"href":"https:\/\/baldumarket.lt\/lt\/wp-json\/wp\/v2\/types\/product"}],"replies":[{"embeddable":true,"href":"https:\/\/baldumarket.lt\/lt\/wp-json\/wp\/v2\/comments?post=82114"}],"wp:featuredmedia":[{"embeddable":true,"href":"https:\/\/baldumarket.lt\/lt\/wp-json\/wp\/v2\/media\/82109"}],"wp:attachment":[{"href":"https:\/\/baldumarket.lt\/lt\/wp-json\/wp\/v2\/media?parent=82114"}],"wp:term":[{"taxonomy":"product_brand","embeddable":true,"href":"https:\/\/baldumarket.lt\/lt\/wp-json\/wp\/v2\/product_brand?post=82114"},{"taxonomy":"product_cat","embeddable":true,"href":"https:\/\/baldumarket.lt\/lt\/wp-json\/wp\/v2\/product_cat?post=82114"},{"taxonomy":"product_tag","embeddable":true,"href":"https:\/\/baldumarket.lt\/lt\/wp-json\/wp\/v2\/product_tag?post=82114"}],"curies":[{"name":"wp","href":"https:\/\/api.w.org\/{rel}","templated":true}]}}