{"id":82094,"date":"2025-12-04T22:41:07","date_gmt":"2025-12-04T19:41:07","guid":{"rendered":"https:\/\/baldumarket.lt\/product\/lozko-bukowe-lk188-buk-mokka\/"},"modified":"2026-02-04T00:31:43","modified_gmt":"2026-02-03T21:31:43","slug":"lozko-bukowe-lk188-buk-mokka","status":"publish","type":"product","link":"https:\/\/baldumarket.lt\/lt\/product\/lozko-bukowe-lk188-buk-mokka\/","title":{"rendered":"Buko lova LK188 moka buko spalvos"},"content":{"rendered":"<p>Buko LK188 lova patraukia ak\u012f nuo pat \u012f\u017eengimo. I\u0161skirtinis dizainas sukuria \u012fsp\u016bd\u012f, kad ji \u201ckyla\u201d ore. Pasl\u0117ptos priekin\u0117s lovos kojel\u0117s suteikia jai lengvumo, sukurdamos pl\u016bduriavimo vir\u0161 grind\u0173 iliuzij\u0105. Gausiai dekoruotas galv\u016bgalis suteikia \u017eavesio ir elegancijos. Tai pasirinkimas tiems, kurie vertina unikalius i\u0161d\u0117stymus.<\/p>\n<p>Apmu\u0161alai yra prieinami pasirinktose \u201eToptextil\u201c kolekcijose i\u0161 \u201eDrewmax\u201c katalogo.<\/p>\n<p>Lovos r\u0117mas ir \u010diu\u017einys parduodami atskirai.<\/p>\n<p>Lovos konstrukcija neleid\u017eia montuoti elektrinio lovos r\u0117mo.<\/p>","protected":false},"excerpt":{"rendered":"<p>Buko LK188 lova patraukia ak\u012f nuo pat \u012f\u017eengimo. I\u0161skirtinis dizainas sukuria \u012fsp\u016bd\u012f, kad ji \u201ckyla\u201d ore. Pasl\u0117ptos priekin\u0117s lovos kojel\u0117s suteikia jai lengvumo, sukurdamos pl\u016bduriavimo vir\u0161 grind\u0173 iliuzij\u0105. Gausiai dekoruotas galv\u016bgalis suteikia \u017eavesio ir elegancijos. Tai pasirinkimas [\u2026]<\/p>","protected":false},"featured_media":82095,"comment_status":"open","ping_status":"open","template":"","meta":[],"product_brand":[],"product_cat":[9304,505,2113],"product_tag":[],"class_list":{"0":"post-82094","1":"product","2":"type-product","3":"status-publish","4":"has-post-thumbnail","6":"product_cat-beech-furniture-drewmax","7":"product_cat-bedroom-beds","8":"product_cat-drewmax","10":"first","11":"instock","12":"purchasable","13":"product-type-simple"},"_links":{"self":[{"href":"https:\/\/baldumarket.lt\/lt\/wp-json\/wp\/v2\/product\/82094","targetHints":{"allow":["GET"]}}],"collection":[{"href":"https:\/\/baldumarket.lt\/lt\/wp-json\/wp\/v2\/product"}],"about":[{"href":"https:\/\/baldumarket.lt\/lt\/wp-json\/wp\/v2\/types\/product"}],"replies":[{"embeddable":true,"href":"https:\/\/baldumarket.lt\/lt\/wp-json\/wp\/v2\/comments?post=82094"}],"wp:featuredmedia":[{"embeddable":true,"href":"https:\/\/baldumarket.lt\/lt\/wp-json\/wp\/v2\/media\/82095"}],"wp:attachment":[{"href":"https:\/\/baldumarket.lt\/lt\/wp-json\/wp\/v2\/media?parent=82094"}],"wp:term":[{"taxonomy":"product_brand","embeddable":true,"href":"https:\/\/baldumarket.lt\/lt\/wp-json\/wp\/v2\/product_brand?post=82094"},{"taxonomy":"product_cat","embeddable":true,"href":"https:\/\/baldumarket.lt\/lt\/wp-json\/wp\/v2\/product_cat?post=82094"},{"taxonomy":"product_tag","embeddable":true,"href":"https:\/\/baldumarket.lt\/lt\/wp-json\/wp\/v2\/product_tag?post=82094"}],"curies":[{"name":"wp","href":"https:\/\/api.w.org\/{rel}","templated":true}]}}