{"id":82079,"date":"2025-12-04T22:40:52","date_gmt":"2025-12-04T19:40:52","guid":{"rendered":"https:\/\/baldumarket.lt\/product\/lozko-bukowe-lk189-buk-mokka-2\/"},"modified":"2026-02-04T00:31:45","modified_gmt":"2026-02-03T21:31:45","slug":"lozko-bukowe-lk189-buk-mokka-2","status":"publish","type":"product","link":"https:\/\/baldumarket.lt\/lt\/product\/lozko-bukowe-lk189-buk-mokka-2\/","title":{"rendered":"Buko lova LK189 moka buko spalvos"},"content":{"rendered":"<p>Buko medienos lovai LK189 b\u016bdingas minimalizmas. Jos paprastas r\u0117mas remiasi \u012f \u017eemas kojeles ir yra papuo\u0161tas a\u017e\u016briniu galv\u016bgaliu. Tai gryna klasika. Ji puikiai tiks daugumoje interjer\u0173. Pagaminta i\u0161 nat\u016bralios buko medienos, lova suteiks \u0161ilumos bet kuriame kambaryje, kuriame ji bus eksponuojama.<\/p>\n<p>Lovos r\u0117mas ir \u010diu\u017einys parduodami atskirai.<\/p>","protected":false},"excerpt":{"rendered":"<p>Buko lovai LK189 b\u016bdingas minimalizmas. Jos paprastas r\u0117mas remiasi \u012f \u017eemas kojeles ir yra papuo\u0161tas a\u017e\u016briniu galv\u016bgaliu. Tai gryna klasika. Ji puikiai tiks daugumoje interjer\u0173. Pagaminta i\u0161 nat\u016bralios buko medienos, lova suteiks \u0161ilumos bet kuriame kambaryje, kuriame ji bus eksponuojama. Lovos r\u0117mas ir \u010diu\u017einys [\u2026]<\/p>","protected":false},"featured_media":82072,"comment_status":"open","ping_status":"open","template":"","meta":[],"product_brand":[],"product_cat":[9304,505,2113],"product_tag":[],"class_list":{"0":"post-82079","1":"product","2":"type-product","3":"status-publish","4":"has-post-thumbnail","6":"product_cat-beech-furniture-drewmax","7":"product_cat-bedroom-beds","8":"product_cat-drewmax","10":"first","11":"instock","12":"purchasable","13":"product-type-simple"},"_links":{"self":[{"href":"https:\/\/baldumarket.lt\/lt\/wp-json\/wp\/v2\/product\/82079","targetHints":{"allow":["GET"]}}],"collection":[{"href":"https:\/\/baldumarket.lt\/lt\/wp-json\/wp\/v2\/product"}],"about":[{"href":"https:\/\/baldumarket.lt\/lt\/wp-json\/wp\/v2\/types\/product"}],"replies":[{"embeddable":true,"href":"https:\/\/baldumarket.lt\/lt\/wp-json\/wp\/v2\/comments?post=82079"}],"wp:featuredmedia":[{"embeddable":true,"href":"https:\/\/baldumarket.lt\/lt\/wp-json\/wp\/v2\/media\/82072"}],"wp:attachment":[{"href":"https:\/\/baldumarket.lt\/lt\/wp-json\/wp\/v2\/media?parent=82079"}],"wp:term":[{"taxonomy":"product_brand","embeddable":true,"href":"https:\/\/baldumarket.lt\/lt\/wp-json\/wp\/v2\/product_brand?post=82079"},{"taxonomy":"product_cat","embeddable":true,"href":"https:\/\/baldumarket.lt\/lt\/wp-json\/wp\/v2\/product_cat?post=82079"},{"taxonomy":"product_tag","embeddable":true,"href":"https:\/\/baldumarket.lt\/lt\/wp-json\/wp\/v2\/product_tag?post=82079"}],"curies":[{"name":"wp","href":"https:\/\/api.w.org\/{rel}","templated":true}]}}