{"id":82060,"date":"2025-12-04T22:40:34","date_gmt":"2025-12-04T19:40:34","guid":{"rendered":"https:\/\/baldumarket.lt\/product\/lozko-bukowe-lk191-buk-mokka\/"},"modified":"2026-02-04T00:31:47","modified_gmt":"2026-02-03T21:31:47","slug":"lozko-bukowe-lk191-buk-mokka","status":"publish","type":"product","link":"https:\/\/baldumarket.lt\/lt\/product\/lozko-bukowe-lk191-buk-mokka\/","title":{"rendered":"Buko lova LK191 moka buko spalvos"},"content":{"rendered":"<p>LK191 buko lova yra vienas i\u0161 t\u0173 bald\u0173, kurie patraukia d\u0117mes\u012f nuo pat pirmos akimirkos, kai \u012f\u017eengiate. Tvirta ir tvirta, ji pagaminta i\u0161 tvirtos buko medienos. I\u0161skirtinis, lenktas galv\u016bgalis suteikia jai unikalaus \u017eavesio. Pana\u0161iai, lenktos kojel\u0117s galv\u016bgalyje ir ma\u017eos, dekoratyvin\u0117s priekin\u0117s kojel\u0117s suteikia visai konstrukcijai lengvumo ir pabr\u0117\u017eia jos unikal\u0173 charakter\u012f. Kartu \u0161is baldas gali tapti bet kurio miegamojo pagrindiniu akcentu.<\/p>\n<p>Lovos r\u0117mas ir \u010diu\u017einys parduodami atskirai.<\/p>","protected":false},"excerpt":{"rendered":"<p>LK191 buko lova yra vienas i\u0161 t\u0173 bald\u0173, kurie patraukia d\u0117mes\u012f nuo pat pirmos akimirkos, kai \u012f\u017eengiate. Tvirta ir tvirta, ji pagaminta i\u0161 tvirtos buko medienos. I\u0161skirtinis, i\u0161lenktas galv\u016bgalis suteikia jai unikalaus \u017eavesio. Pana\u0161iai, i\u0161lenktos kojel\u0117s galv\u016bgalyje ir ma\u017eos, dekoratyvios priekin\u0117s kojel\u0117s suteikia visai konstrukcijai lengvumo ir [\u2026]<\/p>","protected":false},"featured_media":82061,"comment_status":"open","ping_status":"open","template":"","meta":[],"product_brand":[],"product_cat":[9304,505,2113],"product_tag":[],"class_list":{"0":"post-82060","1":"product","2":"type-product","3":"status-publish","4":"has-post-thumbnail","6":"product_cat-beech-furniture-drewmax","7":"product_cat-bedroom-beds","8":"product_cat-drewmax","10":"first","11":"instock","12":"purchasable","13":"product-type-simple"},"_links":{"self":[{"href":"https:\/\/baldumarket.lt\/lt\/wp-json\/wp\/v2\/product\/82060","targetHints":{"allow":["GET"]}}],"collection":[{"href":"https:\/\/baldumarket.lt\/lt\/wp-json\/wp\/v2\/product"}],"about":[{"href":"https:\/\/baldumarket.lt\/lt\/wp-json\/wp\/v2\/types\/product"}],"replies":[{"embeddable":true,"href":"https:\/\/baldumarket.lt\/lt\/wp-json\/wp\/v2\/comments?post=82060"}],"wp:featuredmedia":[{"embeddable":true,"href":"https:\/\/baldumarket.lt\/lt\/wp-json\/wp\/v2\/media\/82061"}],"wp:attachment":[{"href":"https:\/\/baldumarket.lt\/lt\/wp-json\/wp\/v2\/media?parent=82060"}],"wp:term":[{"taxonomy":"product_brand","embeddable":true,"href":"https:\/\/baldumarket.lt\/lt\/wp-json\/wp\/v2\/product_brand?post=82060"},{"taxonomy":"product_cat","embeddable":true,"href":"https:\/\/baldumarket.lt\/lt\/wp-json\/wp\/v2\/product_cat?post=82060"},{"taxonomy":"product_tag","embeddable":true,"href":"https:\/\/baldumarket.lt\/lt\/wp-json\/wp\/v2\/product_tag?post=82060"}],"curies":[{"name":"wp","href":"https:\/\/api.w.org\/{rel}","templated":true}]}}