{"id":81960,"date":"2025-12-04T22:39:02","date_gmt":"2025-12-04T19:39:02","guid":{"rendered":"https:\/\/baldumarket.lt\/product\/lozko-box-bukowe-lk198-f-box-buk-mokka\/"},"modified":"2026-02-04T00:31:53","modified_gmt":"2026-02-03T21:31:53","slug":"lozko-box-bukowe-lk198-f-box-buk-mokka","status":"publish","type":"product","link":"https:\/\/baldumarket.lt\/lt\/product\/lozko-box-bukowe-lk198-f-box-buk-mokka\/","title":{"rendered":"BOX buko lova LK198 F BOX buko moka"},"content":{"rendered":"<p>I\u0161skirtinai funkcionali buko lova LK198 F BOX su patalyn\u0117s d\u0117\u017ee, pagaminta i\u0161 auk\u0161\u010diausios kokyb\u0117s medienos, pasi\u017eymi minimalistiniu dizainu, suteikian\u010diu jai unikali\u0105 stiling\u0105 ir eleganti\u0161k\u0105 i\u0161vaizd\u0105. R\u0117mas pastatytas ant metalinio r\u0117mo, kuris atsidaro i\u0161 priekio ir yra sumontuotas ant dujini\u0173 keltuv\u0173, u\u017etikrinan\u010di\u0173 lengv\u0105 prieig\u0105 prie patalyn\u0117s d\u0117\u017e\u0117s, esan\u010dios po lova. \u0160is sprendimas idealiai tinka kambariams su ribota erdve. LK198 F BOX lova su patalyn\u0117s d\u0117\u017ee yra puikus sprendimas tiems, kurie nori maksimaliai i\u0161naudoti ir sutvarkyti savo nam\u0173 erdv\u0119 neprarandant komforto ir patogumo.<\/p>\n<p>LK198 F BOX lova turi atidarom\u0105 metalin\u012f r\u0117m\u0105 su pak\u0117limo mechanizmu ir pagrind\u0105, kuris parduodamas atskirai \u2013 FRONT lovos r\u0117m\u0105.<\/p>\n<p>Lova LK198 F BOX taip pat galima \u012fsigyti su \u0161oniniu atidaromu r\u0117mu \u2013 LK198 B BOX.<\/p>","protected":false},"excerpt":{"rendered":"<p>I\u0161skirtinai funkcionali buko lova LK198 F BOX su patalyn\u0117s d\u0117\u017ee, pagaminta i\u0161 auk\u0161\u010diausios kokyb\u0117s medienos, pasi\u017eymi minimalistiniu dizainu, suteikian\u010diu jai unikali\u0105 stiling\u0105 ir eleganti\u0161k\u0105 i\u0161vaizd\u0105. R\u0117mas pastatytas ant metalinio r\u0117mo, kuris atsidaro i\u0161 priekio ir yra sumontuotas ant dujini\u0173 keltuv\u0173, tod\u0117l lengva pasiekti patalyn\u0117s d\u0117\u017e\u0119 [\u2026]<\/p>","protected":false},"featured_media":81961,"comment_status":"open","ping_status":"open","template":"","meta":[],"product_brand":[],"product_cat":[9304,505,2113],"product_tag":[],"class_list":{"0":"post-81960","1":"product","2":"type-product","3":"status-publish","4":"has-post-thumbnail","6":"product_cat-beech-furniture-drewmax","7":"product_cat-bedroom-beds","8":"product_cat-drewmax","9":"pa_length-cm-2123","11":"first","12":"instock","13":"purchasable","14":"product-type-simple"},"_links":{"self":[{"href":"https:\/\/baldumarket.lt\/lt\/wp-json\/wp\/v2\/product\/81960","targetHints":{"allow":["GET"]}}],"collection":[{"href":"https:\/\/baldumarket.lt\/lt\/wp-json\/wp\/v2\/product"}],"about":[{"href":"https:\/\/baldumarket.lt\/lt\/wp-json\/wp\/v2\/types\/product"}],"replies":[{"embeddable":true,"href":"https:\/\/baldumarket.lt\/lt\/wp-json\/wp\/v2\/comments?post=81960"}],"wp:featuredmedia":[{"embeddable":true,"href":"https:\/\/baldumarket.lt\/lt\/wp-json\/wp\/v2\/media\/81961"}],"wp:attachment":[{"href":"https:\/\/baldumarket.lt\/lt\/wp-json\/wp\/v2\/media?parent=81960"}],"wp:term":[{"taxonomy":"product_brand","embeddable":true,"href":"https:\/\/baldumarket.lt\/lt\/wp-json\/wp\/v2\/product_brand?post=81960"},{"taxonomy":"product_cat","embeddable":true,"href":"https:\/\/baldumarket.lt\/lt\/wp-json\/wp\/v2\/product_cat?post=81960"},{"taxonomy":"product_tag","embeddable":true,"href":"https:\/\/baldumarket.lt\/lt\/wp-json\/wp\/v2\/product_tag?post=81960"}],"curies":[{"name":"wp","href":"https:\/\/api.w.org\/{rel}","templated":true}]}}