{"id":81952,"date":"2025-12-04T22:38:55","date_gmt":"2025-12-04T19:38:55","guid":{"rendered":"https:\/\/baldumarket.lt\/product\/lozko-bukowe-lk198-buk-mokka-2\/"},"modified":"2026-02-04T00:31:55","modified_gmt":"2026-02-03T21:31:55","slug":"lozko-bukowe-lk198-buk-mokka-2","status":"publish","type":"product","link":"https:\/\/baldumarket.lt\/lt\/product\/lozko-bukowe-lk198-buk-mokka-2\/","title":{"rendered":"Buko lova LK198 moka buko spalvos"},"content":{"rendered":"<p>LK198 buko lova yra klasika su moderniu prieskoniu. Ji \u017eavi savo paprasta forma ir tiksliu meistri\u0161kumu. Tvirta buko mediena, i\u0161 kurios ji pagaminta, suteikia jai \u017eavesio.<\/p>\n<p>Lovos r\u0117mas ir \u010diu\u017einys parduodami atskirai.<\/p>","protected":false},"excerpt":{"rendered":"<p>LK198 buko lova \u2013 tai klasika su moderniu prieskoniu. Ji \u017eavi savo paprasta forma ir tiksliu meistri\u0161kumu. Tvirta buko mediena, i\u0161 kurios ji pagaminta, suteikia jai \u017eavesio. Lovos r\u0117mas ir \u010diu\u017einys parduodami atskirai.<\/p>","protected":false},"featured_media":81953,"comment_status":"open","ping_status":"open","template":"","meta":[],"product_brand":[],"product_cat":[9304,505,2113],"product_tag":[],"class_list":{"0":"post-81952","1":"product","2":"type-product","3":"status-publish","4":"has-post-thumbnail","6":"product_cat-beech-furniture-drewmax","7":"product_cat-bedroom-beds","8":"product_cat-drewmax","9":"pa_length-cm-2123","11":"first","12":"instock","13":"purchasable","14":"product-type-simple"},"_links":{"self":[{"href":"https:\/\/baldumarket.lt\/lt\/wp-json\/wp\/v2\/product\/81952","targetHints":{"allow":["GET"]}}],"collection":[{"href":"https:\/\/baldumarket.lt\/lt\/wp-json\/wp\/v2\/product"}],"about":[{"href":"https:\/\/baldumarket.lt\/lt\/wp-json\/wp\/v2\/types\/product"}],"replies":[{"embeddable":true,"href":"https:\/\/baldumarket.lt\/lt\/wp-json\/wp\/v2\/comments?post=81952"}],"wp:featuredmedia":[{"embeddable":true,"href":"https:\/\/baldumarket.lt\/lt\/wp-json\/wp\/v2\/media\/81953"}],"wp:attachment":[{"href":"https:\/\/baldumarket.lt\/lt\/wp-json\/wp\/v2\/media?parent=81952"}],"wp:term":[{"taxonomy":"product_brand","embeddable":true,"href":"https:\/\/baldumarket.lt\/lt\/wp-json\/wp\/v2\/product_brand?post=81952"},{"taxonomy":"product_cat","embeddable":true,"href":"https:\/\/baldumarket.lt\/lt\/wp-json\/wp\/v2\/product_cat?post=81952"},{"taxonomy":"product_tag","embeddable":true,"href":"https:\/\/baldumarket.lt\/lt\/wp-json\/wp\/v2\/product_tag?post=81952"}],"curies":[{"name":"wp","href":"https:\/\/api.w.org\/{rel}","templated":true}]}}