{"id":81947,"date":"2025-12-04T22:38:50","date_gmt":"2025-12-04T19:38:50","guid":{"rendered":"https:\/\/baldumarket.lt\/product\/toaletka-bukowa-vip-lt401-buk-mokka\/"},"modified":"2026-02-04T00:31:56","modified_gmt":"2026-02-03T21:31:56","slug":"toaletka-bukowa-vip-lt401-buk-mokka","status":"publish","type":"product","link":"https:\/\/baldumarket.lt\/lt\/product\/toaletka-bukowa-vip-lt401-buk-mokka\/","title":{"rendered":"VIP LT401 buko tualetinis staliukas, mokas bukas"},"content":{"rendered":"<p>Klasikinis LT401 tualetinis staliukas pagamintas i\u0161 tvirtos buko medienos. Paprastas dizainas puikiai tinka moderniems miegamiesiems. Po erdviu stalvir\u0161iu yra du stal\u010diai, puikiai tinkantys laikyti m\u0117gstam\u0105 kosmetik\u0105 ir papuo\u0161alus.<\/p>","protected":false},"excerpt":{"rendered":"<p>Klasikinis LT401 tualetinis staliukas pagamintas i\u0161 tvirtos buko medienos. Paprastas dizainas puikiai tinka moderniems miegamiesiems. Po erdviu stalvir\u0161iu yra du stal\u010diai, puikiai tinkantys laikyti m\u0117gstam\u0105 kosmetik\u0105 ir papuo\u0161alus.<\/p>","protected":false},"featured_media":81948,"comment_status":"open","ping_status":"open","template":"","meta":[],"product_brand":[],"product_cat":[9314,1237,2113],"product_tag":[],"class_list":{"0":"post-81947","1":"product","2":"type-product","3":"status-publish","4":"has-post-thumbnail","6":"product_cat-kolekcja-vip-drewmax","7":"product_cat-dressing-tables","8":"product_cat-drewmax","10":"first","11":"instock","12":"purchasable","13":"product-type-simple"},"_links":{"self":[{"href":"https:\/\/baldumarket.lt\/lt\/wp-json\/wp\/v2\/product\/81947","targetHints":{"allow":["GET"]}}],"collection":[{"href":"https:\/\/baldumarket.lt\/lt\/wp-json\/wp\/v2\/product"}],"about":[{"href":"https:\/\/baldumarket.lt\/lt\/wp-json\/wp\/v2\/types\/product"}],"replies":[{"embeddable":true,"href":"https:\/\/baldumarket.lt\/lt\/wp-json\/wp\/v2\/comments?post=81947"}],"wp:featuredmedia":[{"embeddable":true,"href":"https:\/\/baldumarket.lt\/lt\/wp-json\/wp\/v2\/media\/81948"}],"wp:attachment":[{"href":"https:\/\/baldumarket.lt\/lt\/wp-json\/wp\/v2\/media?parent=81947"}],"wp:term":[{"taxonomy":"product_brand","embeddable":true,"href":"https:\/\/baldumarket.lt\/lt\/wp-json\/wp\/v2\/product_brand?post=81947"},{"taxonomy":"product_cat","embeddable":true,"href":"https:\/\/baldumarket.lt\/lt\/wp-json\/wp\/v2\/product_cat?post=81947"},{"taxonomy":"product_tag","embeddable":true,"href":"https:\/\/baldumarket.lt\/lt\/wp-json\/wp\/v2\/product_tag?post=81947"}],"curies":[{"name":"wp","href":"https:\/\/api.w.org\/{rel}","templated":true}]}}