{"id":81940,"date":"2025-12-04T22:38:45","date_gmt":"2025-12-04T19:38:45","guid":{"rendered":"https:\/\/baldumarket.lt\/product\/toaletka-bukowa-retro-lt432-buk-mokka\/"},"modified":"2026-02-04T00:31:56","modified_gmt":"2026-02-03T21:31:56","slug":"toaletka-bukowa-retro-lt432-buk-mokka","status":"publish","type":"product","link":"https:\/\/baldumarket.lt\/lt\/product\/toaletka-bukowa-retro-lt432-buk-mokka\/","title":{"rendered":"RETRO LT432 buko tualetinis staliukas, mokas bukas"},"content":{"rendered":"<p>LT432 buko medienos tualetinis staliukas puikiai tinka koridoriui, miegamajam, biurui ar svetainei. Paprastas, ta\u010diau unikalus dizainas paver\u010dia j\u012f unikaliu bet kurio kambario akcentu. Pagamintas i\u0161 tvirtos buko medienos, jis suteiks jaukumo bet kokiam interjerui.<\/p>","protected":false},"excerpt":{"rendered":"<p>LT432 buko medienos tualetinis staliukas puikiai tinka koridoriui, miegamajam, biurui ar svetainei. Paprastas, ta\u010diau unikalus dizainas paver\u010dia j\u012f unikaliu bet kurio kambario akcentu. Pagamintas i\u0161 tvirtos buko medienos, jis suteiks jaukumo bet kokiam interjerui.<\/p>","protected":false},"featured_media":81941,"comment_status":"open","ping_status":"open","template":"","meta":[],"product_brand":[],"product_cat":[9312,1237,2113],"product_tag":[],"class_list":{"0":"post-81940","1":"product","2":"type-product","3":"status-publish","4":"has-post-thumbnail","6":"product_cat-retro-collection-drewmax","7":"product_cat-dressing-tables","8":"product_cat-drewmax","10":"first","11":"instock","12":"purchasable","13":"product-type-simple"},"_links":{"self":[{"href":"https:\/\/baldumarket.lt\/lt\/wp-json\/wp\/v2\/product\/81940","targetHints":{"allow":["GET"]}}],"collection":[{"href":"https:\/\/baldumarket.lt\/lt\/wp-json\/wp\/v2\/product"}],"about":[{"href":"https:\/\/baldumarket.lt\/lt\/wp-json\/wp\/v2\/types\/product"}],"replies":[{"embeddable":true,"href":"https:\/\/baldumarket.lt\/lt\/wp-json\/wp\/v2\/comments?post=81940"}],"wp:featuredmedia":[{"embeddable":true,"href":"https:\/\/baldumarket.lt\/lt\/wp-json\/wp\/v2\/media\/81941"}],"wp:attachment":[{"href":"https:\/\/baldumarket.lt\/lt\/wp-json\/wp\/v2\/media?parent=81940"}],"wp:term":[{"taxonomy":"product_brand","embeddable":true,"href":"https:\/\/baldumarket.lt\/lt\/wp-json\/wp\/v2\/product_brand?post=81940"},{"taxonomy":"product_cat","embeddable":true,"href":"https:\/\/baldumarket.lt\/lt\/wp-json\/wp\/v2\/product_cat?post=81940"},{"taxonomy":"product_tag","embeddable":true,"href":"https:\/\/baldumarket.lt\/lt\/wp-json\/wp\/v2\/product_tag?post=81940"}],"curies":[{"name":"wp","href":"https:\/\/api.w.org\/{rel}","templated":true}]}}