{"id":81935,"date":"2025-12-04T22:38:41","date_gmt":"2025-12-04T19:38:41","guid":{"rendered":"https:\/\/baldumarket.lt\/product\/polka-bukowa-vip-pk210-buk-mokka\/"},"modified":"2026-02-04T00:31:56","modified_gmt":"2026-02-03T21:31:56","slug":"polka-bukowa-vip-pk210-buk-mokka","status":"publish","type":"product","link":"https:\/\/baldumarket.lt\/lt\/product\/polka-bukowa-vip-pk210-buk-mokka\/","title":{"rendered":"VIP PK210 buko lentyna, moka spalvos, bukas"},"content":{"rendered":"<p>Buko medienos sienin\u0117 lentyna PK210 \u2013 puikus b\u016bdas funkcionaliai sutvarkyti sien\u0105, ypa\u010d kai erdv\u0117 ribota. Pagaminta i\u0161 nat\u016bralios medienos, ji suteiks \u0161ilumos bet kuriam kambariui, kuriame bus eksponuojama. \u0160is ma\u017eas baldas turi mil\u017eini\u0161k\u0105 potencial\u0105. Juo galima papuo\u0161ti vis\u0105 sien\u0105 arba laikyti smulkius daiktus, tokius kaip knygos ar \u0161eimos relikvijos. Patvari ir funkcionali, kaip ir visi \u201eDrewmax\u201c baldai.<\/p>","protected":false},"excerpt":{"rendered":"<p>Buko medienos sienin\u0117 lentyna PK210 \u2013 puikus b\u016bdas funkcionaliai sutvarkyti sien\u0105, ypa\u010d kai erdv\u0117 ribota. Pagaminta i\u0161 nat\u016bralios medienos, ji suteiks \u0161ilumos bet kuriam kambariui, kuriame bus eksponuojama. \u0160is ma\u017eas baldas turi mil\u017eini\u0161k\u0105 potencial\u0105. Jis gali b\u016bti naudojamas visai sienai papuo\u0161ti arba laikyti ma\u017eus [\u2026]<\/p>","protected":false},"featured_media":81936,"comment_status":"open","ping_status":"open","template":"","meta":[],"product_brand":[],"product_cat":[9304,9314,2113,1174],"product_tag":[],"class_list":{"0":"post-81935","1":"product","2":"type-product","3":"status-publish","4":"has-post-thumbnail","6":"product_cat-beech-furniture-drewmax","7":"product_cat-kolekcja-vip-drewmax","8":"product_cat-drewmax","9":"product_cat-hanging-shelves","11":"first","12":"instock","13":"purchasable","14":"product-type-simple"},"_links":{"self":[{"href":"https:\/\/baldumarket.lt\/lt\/wp-json\/wp\/v2\/product\/81935","targetHints":{"allow":["GET"]}}],"collection":[{"href":"https:\/\/baldumarket.lt\/lt\/wp-json\/wp\/v2\/product"}],"about":[{"href":"https:\/\/baldumarket.lt\/lt\/wp-json\/wp\/v2\/types\/product"}],"replies":[{"embeddable":true,"href":"https:\/\/baldumarket.lt\/lt\/wp-json\/wp\/v2\/comments?post=81935"}],"wp:featuredmedia":[{"embeddable":true,"href":"https:\/\/baldumarket.lt\/lt\/wp-json\/wp\/v2\/media\/81936"}],"wp:attachment":[{"href":"https:\/\/baldumarket.lt\/lt\/wp-json\/wp\/v2\/media?parent=81935"}],"wp:term":[{"taxonomy":"product_brand","embeddable":true,"href":"https:\/\/baldumarket.lt\/lt\/wp-json\/wp\/v2\/product_brand?post=81935"},{"taxonomy":"product_cat","embeddable":true,"href":"https:\/\/baldumarket.lt\/lt\/wp-json\/wp\/v2\/product_cat?post=81935"},{"taxonomy":"product_tag","embeddable":true,"href":"https:\/\/baldumarket.lt\/lt\/wp-json\/wp\/v2\/product_tag?post=81935"}],"curies":[{"name":"wp","href":"https:\/\/api.w.org\/{rel}","templated":true}]}}