{"id":81926,"date":"2025-12-04T22:38:32","date_gmt":"2025-12-04T19:38:32","guid":{"rendered":"https:\/\/baldumarket.lt\/product\/szafka-rtv-bukowa-vip-rv401-buk-mokka\/"},"modified":"2026-02-04T00:31:57","modified_gmt":"2026-02-03T21:31:57","slug":"szafka-rtv-bukowa-vip-rv401-buk-mokka","status":"publish","type":"product","link":"https:\/\/baldumarket.lt\/lt\/product\/szafka-rtv-bukowa-vip-rv401-buk-mokka\/","title":{"rendered":"Buko TV spintel\u0117 VIP RV401 moka buko spalvos"},"content":{"rendered":"<p>Ma\u017ea, buko medienos RV401 spintel\u0117 pasi\u017eymi moderniu dizainu. Ji buvo sukurta galvojant apie funkcional\u0173 svetain\u0117s interjer\u0105. Joje yra dvi atviros lentynos elektronikai laikyti. Stilingi, be ranken\u0117li\u0173 stal\u010diai suteikia daug vietos nam\u0173 apyvokos daiktams susid\u0117ti.<\/p>","protected":false},"excerpt":{"rendered":"<p>Ma\u017ea, buko medienos RV401 spintel\u0117 pasi\u017eymi moderniu dizainu. Ji buvo sukurta galvojant apie funkcional\u0173 svetain\u0117s interjer\u0105. Joje yra dvi atviros lentynos elektronikai laikyti. Stilingi, be ranken\u0117li\u0173 stal\u010diai suteikia daug vietos nam\u0173 apyvokos daiktams susid\u0117ti.<\/p>","protected":false},"featured_media":81927,"comment_status":"open","ping_status":"open","template":"","meta":[],"product_brand":[],"product_cat":[9314,2113,1175],"product_tag":[],"class_list":{"0":"post-81926","1":"product","2":"type-product","3":"status-publish","4":"has-post-thumbnail","6":"product_cat-kolekcja-vip-drewmax","7":"product_cat-drewmax","8":"product_cat-tv-stands","10":"first","11":"instock","12":"purchasable","13":"product-type-simple"},"_links":{"self":[{"href":"https:\/\/baldumarket.lt\/lt\/wp-json\/wp\/v2\/product\/81926","targetHints":{"allow":["GET"]}}],"collection":[{"href":"https:\/\/baldumarket.lt\/lt\/wp-json\/wp\/v2\/product"}],"about":[{"href":"https:\/\/baldumarket.lt\/lt\/wp-json\/wp\/v2\/types\/product"}],"replies":[{"embeddable":true,"href":"https:\/\/baldumarket.lt\/lt\/wp-json\/wp\/v2\/comments?post=81926"}],"wp:featuredmedia":[{"embeddable":true,"href":"https:\/\/baldumarket.lt\/lt\/wp-json\/wp\/v2\/media\/81927"}],"wp:attachment":[{"href":"https:\/\/baldumarket.lt\/lt\/wp-json\/wp\/v2\/media?parent=81926"}],"wp:term":[{"taxonomy":"product_brand","embeddable":true,"href":"https:\/\/baldumarket.lt\/lt\/wp-json\/wp\/v2\/product_brand?post=81926"},{"taxonomy":"product_cat","embeddable":true,"href":"https:\/\/baldumarket.lt\/lt\/wp-json\/wp\/v2\/product_cat?post=81926"},{"taxonomy":"product_tag","embeddable":true,"href":"https:\/\/baldumarket.lt\/lt\/wp-json\/wp\/v2\/product_tag?post=81926"}],"curies":[{"name":"wp","href":"https:\/\/api.w.org\/{rel}","templated":true}]}}