{"id":81924,"date":"2025-12-04T22:38:30","date_gmt":"2025-12-04T19:38:30","guid":{"rendered":"https:\/\/baldumarket.lt\/product\/szafka-rtv-bukowa-vip-rv402-buk-mokka\/"},"modified":"2026-02-04T00:31:57","modified_gmt":"2026-02-03T21:31:57","slug":"szafka-rtv-bukowa-vip-rv402-buk-mokka","status":"publish","type":"product","link":"https:\/\/baldumarket.lt\/lt\/product\/szafka-rtv-bukowa-vip-rv402-buk-mokka\/","title":{"rendered":"Buko TV spintel\u0117 VIP RV402 moka buko spalvos"},"content":{"rendered":"<p>Didel\u0117, buko medienos RV402 spintel\u0117 pasi\u017eymi moderniu dizainu. Ji buvo sukurta galvojant apie funkcional\u0173 svetain\u0117s interjer\u0105. Joje yra trys atviros lentynos elektronikai laikyti. Stilingi stal\u010diai be ranken\u0117li\u0173 suteikia daug vietos nam\u0173 apyvokos reikmenims.<\/p>","protected":false},"excerpt":{"rendered":"<p>Didel\u0117, buko medienos RV402 spintel\u0117 pasi\u017eymi moderniu dizainu. Ji buvo sukurta galvojant apie funkcional\u0173 svetain\u0117s interjer\u0105. Joje yra trys atviros lentynos elektronikai laikyti. Stilingi stal\u010diai be ranken\u0117li\u0173 suteikia daug vietos nam\u0173 apyvokos reikmenims.<\/p>","protected":false},"featured_media":81925,"comment_status":"open","ping_status":"open","template":"","meta":[],"product_brand":[],"product_cat":[9314,2113,1175],"product_tag":[],"class_list":{"0":"post-81924","1":"product","2":"type-product","3":"status-publish","4":"has-post-thumbnail","6":"product_cat-kolekcja-vip-drewmax","7":"product_cat-drewmax","8":"product_cat-tv-stands","10":"first","11":"instock","12":"purchasable","13":"product-type-simple"},"_links":{"self":[{"href":"https:\/\/baldumarket.lt\/lt\/wp-json\/wp\/v2\/product\/81924","targetHints":{"allow":["GET"]}}],"collection":[{"href":"https:\/\/baldumarket.lt\/lt\/wp-json\/wp\/v2\/product"}],"about":[{"href":"https:\/\/baldumarket.lt\/lt\/wp-json\/wp\/v2\/types\/product"}],"replies":[{"embeddable":true,"href":"https:\/\/baldumarket.lt\/lt\/wp-json\/wp\/v2\/comments?post=81924"}],"wp:featuredmedia":[{"embeddable":true,"href":"https:\/\/baldumarket.lt\/lt\/wp-json\/wp\/v2\/media\/81925"}],"wp:attachment":[{"href":"https:\/\/baldumarket.lt\/lt\/wp-json\/wp\/v2\/media?parent=81924"}],"wp:term":[{"taxonomy":"product_brand","embeddable":true,"href":"https:\/\/baldumarket.lt\/lt\/wp-json\/wp\/v2\/product_brand?post=81924"},{"taxonomy":"product_cat","embeddable":true,"href":"https:\/\/baldumarket.lt\/lt\/wp-json\/wp\/v2\/product_cat?post=81924"},{"taxonomy":"product_tag","embeddable":true,"href":"https:\/\/baldumarket.lt\/lt\/wp-json\/wp\/v2\/product_tag?post=81924"}],"curies":[{"name":"wp","href":"https:\/\/api.w.org\/{rel}","templated":true}]}}