{"id":81912,"date":"2025-12-04T22:38:21","date_gmt":"2025-12-04T19:38:21","guid":{"rendered":"https:\/\/baldumarket.lt\/product\/szafka-rtv-bukowa-modern-rv420-buk-mokka\/"},"modified":"2026-02-04T00:31:57","modified_gmt":"2026-02-03T21:31:57","slug":"szafka-rtv-bukowa-modern-rv420-buk-mokka","status":"publish","type":"product","link":"https:\/\/baldumarket.lt\/lt\/product\/szafka-rtv-bukowa-modern-rv420-buk-mokka\/","title":{"rendered":"Buko TV spintel\u0117 MODERN RV420 moka buko spalvos"},"content":{"rendered":"<p>Buko medienos spintel\u0117 RV420 buvo sukurta galvojant apie modernaus minimalizmo m\u0117g\u0117jus. Funkcionalumas yra jos skiriamasis bruo\u017eas, tod\u0117l ji yra nepakei\u010diamas multimedijos svetain\u0117s elementas. \u012erengtas keturiais erdviais stal\u010diais be ranken\u0117li\u0173, jis puikiai tinka laikyti nam\u0173 apyvokos daiktus. Spintel\u0117, skirta elektronikos prietaisams laikyti dviejose atvirose lentynose, turi specialius laid\u0173 i\u0161vadus, kad b\u016bt\u0173 lengva prijungti laid\u0105 ir u\u017etikrinti tinkam\u0105 oro cirkuliacij\u0105. Didelis buko medienos stalvir\u0161is gali tilpti ne tik televizori\u0173, bet ir \u0161eimos relikvijoms ar nuotraukoms eksponuoti. Spintel\u0117 stovi ant medini\u0173 kojeli\u0173. Papildomai galima \u012fsigyti 10 cm auk\u0161\u010dio aliuminio kojeles (NG002) ir 15 cm auk\u0161\u010dio metalines kojeles (NG003). Tai leid\u017eia lengvai pakeisti bald\u0173 charakter\u012f ir stili\u0173.<\/p>\n<p>RV420 televizoriaus stovui reikaling\u0173 atskir\u0173 kojeli\u0173 kiekis:<\/p>\n<p>NG002 \u2013 2 vnt.<\/p>\n<p>NG003 \u2013 5 vnt.<\/p>","protected":false},"excerpt":{"rendered":"<p>Buko medienos spintel\u0117 RV420 buvo sukurta galvojant apie modernaus minimalizmo m\u0117g\u0117jus. Funkcionalumas yra jos skiriamasis bruo\u017eas, tod\u0117l ji yra nepakei\u010diamas multimedijos svetain\u0117s elementas. \u012erengta keturiais erdviais stal\u010diais be ranken\u0117li\u0173, tod\u0117l ji puikiai tinka nam\u0173 apyvokos daiktams laikyti. Spintel\u0117, skirta elektronikai laikyti ant dviej\u0173 atvir\u0173 lentyn\u0173, turi specialius laid\u0173 lizdus [\u2026]<\/p>","protected":false},"featured_media":81913,"comment_status":"open","ping_status":"open","template":"","meta":[],"product_brand":[],"product_cat":[9315,2113,2006],"product_tag":[],"class_list":{"0":"post-81912","1":"product","2":"type-product","3":"status-publish","4":"has-post-thumbnail","6":"product_cat-the-modern-collection-drewmax","7":"product_cat-drewmax","8":"product_cat-vitrines","10":"first","11":"instock","12":"purchasable","13":"product-type-simple"},"_links":{"self":[{"href":"https:\/\/baldumarket.lt\/lt\/wp-json\/wp\/v2\/product\/81912","targetHints":{"allow":["GET"]}}],"collection":[{"href":"https:\/\/baldumarket.lt\/lt\/wp-json\/wp\/v2\/product"}],"about":[{"href":"https:\/\/baldumarket.lt\/lt\/wp-json\/wp\/v2\/types\/product"}],"replies":[{"embeddable":true,"href":"https:\/\/baldumarket.lt\/lt\/wp-json\/wp\/v2\/comments?post=81912"}],"wp:featuredmedia":[{"embeddable":true,"href":"https:\/\/baldumarket.lt\/lt\/wp-json\/wp\/v2\/media\/81913"}],"wp:attachment":[{"href":"https:\/\/baldumarket.lt\/lt\/wp-json\/wp\/v2\/media?parent=81912"}],"wp:term":[{"taxonomy":"product_brand","embeddable":true,"href":"https:\/\/baldumarket.lt\/lt\/wp-json\/wp\/v2\/product_brand?post=81912"},{"taxonomy":"product_cat","embeddable":true,"href":"https:\/\/baldumarket.lt\/lt\/wp-json\/wp\/v2\/product_cat?post=81912"},{"taxonomy":"product_tag","embeddable":true,"href":"https:\/\/baldumarket.lt\/lt\/wp-json\/wp\/v2\/product_tag?post=81912"}],"curies":[{"name":"wp","href":"https:\/\/api.w.org\/{rel}","templated":true}]}}