{"id":81890,"date":"2025-12-04T22:38:02","date_gmt":"2025-12-04T19:38:02","guid":{"rendered":"https:\/\/baldumarket.lt\/product\/szafa-bukowa-modern-sf421-buk-mokka\/"},"modified":"2026-02-04T00:31:58","modified_gmt":"2026-02-03T21:31:58","slug":"szafa-bukowa-modern-sf421-buk-mokka","status":"publish","type":"product","link":"https:\/\/baldumarket.lt\/lt\/product\/szafa-bukowa-modern-sf421-buk-mokka\/","title":{"rendered":"Buko spinta MODERN SF421 moka buko spalvos"},"content":{"rendered":"<p>Dviej\u0173 dur\u0173 buko medienos spinta SF421 \u2013 puikus pasirinkimas tiems, kurie vertina nat\u016bralios medienos gro\u017e\u012f ir unikal\u0173 dizain\u0105. Funkcinis spintos i\u0161d\u0117stymas leid\u017eia prakti\u0161kai i\u0161naudoti erdv\u0119 ir lengvai laikyti visus b\u016btiniausius daiktus vienoje vietoje. Tod\u0117l ji puikiai tinka miegamajam, persirengimo kambariui ar prie\u0161kambariui. Buko medienos spinta SF421 turi pakab\u0105 daiktams susid\u0117ti. Vir\u0161 pakabos yra lentyna papildomiems drabu\u017ei\u0173 spintos daiktams susid\u0117ti. Spintos apa\u010dioje yra gilus stal\u010dius, puikiai tinkantis apatiniams drabu\u017eiams, kojin\u0117ms ar smulkiems aksesuarams laikyti. Spinta pagaminta i\u0161 auk\u0161tos kokyb\u0117s buko medienos, tod\u0117l yra patvari ir tvirta.<\/p>\n<p>Spinta standarti\u0161kai komplektuojama su medin\u0117mis kojel\u0117mis. Papildomai galima \u012fsigyti 10 cm auk\u0161\u010dio aliuminio kojeles (NG002) arba 15 cm auk\u0161\u010dio metalines kojeles (NG003). Tai leid\u017eia lengvai ir visi\u0161kai pakeisti baldo charakter\u012f ir stili\u0173.<\/p>\n<p>Spinta SF421 puikiai dera su kitais MODERN kolekcijos baldais.<\/p>\n<p>SF421 spintai reikaling\u0173 atskir\u0173 koj\u0173 skai\u010dius:<\/p>\n<p>NG002 \u2013 2 vnt.<\/p>\n<p>NG003 \u2013 4 vnt.<\/p>","protected":false},"excerpt":{"rendered":"<p>Dviej\u0173 dur\u0173 buko medienos spinta SF421 \u2013 puikus pasirinkimas tiems, kurie vertina nat\u016bralios medienos gro\u017e\u012f ir unikal\u0173 dizain\u0105. Funkcinis spintos i\u0161d\u0117stymas leid\u017eia prakti\u0161kai i\u0161naudoti erdv\u0119 ir lengvai laikyti visus b\u016btiniausius daiktus vienoje vietoje. Tod\u0117l ji puikiai tinka miegamajam, persirengimo kambariui ar prie\u0161kambariui. [\u2026]<\/p>","protected":false},"featured_media":81891,"comment_status":"open","ping_status":"open","template":"","meta":[],"product_brand":[],"product_cat":[9315,2113,1177],"product_tag":[],"class_list":{"0":"post-81890","1":"product","2":"type-product","3":"status-publish","4":"has-post-thumbnail","6":"product_cat-the-modern-collection-drewmax","7":"product_cat-drewmax","8":"product_cat-wardrobes","10":"first","11":"instock","12":"purchasable","13":"product-type-simple"},"_links":{"self":[{"href":"https:\/\/baldumarket.lt\/lt\/wp-json\/wp\/v2\/product\/81890","targetHints":{"allow":["GET"]}}],"collection":[{"href":"https:\/\/baldumarket.lt\/lt\/wp-json\/wp\/v2\/product"}],"about":[{"href":"https:\/\/baldumarket.lt\/lt\/wp-json\/wp\/v2\/types\/product"}],"replies":[{"embeddable":true,"href":"https:\/\/baldumarket.lt\/lt\/wp-json\/wp\/v2\/comments?post=81890"}],"wp:featuredmedia":[{"embeddable":true,"href":"https:\/\/baldumarket.lt\/lt\/wp-json\/wp\/v2\/media\/81891"}],"wp:attachment":[{"href":"https:\/\/baldumarket.lt\/lt\/wp-json\/wp\/v2\/media?parent=81890"}],"wp:term":[{"taxonomy":"product_brand","embeddable":true,"href":"https:\/\/baldumarket.lt\/lt\/wp-json\/wp\/v2\/product_brand?post=81890"},{"taxonomy":"product_cat","embeddable":true,"href":"https:\/\/baldumarket.lt\/lt\/wp-json\/wp\/v2\/product_cat?post=81890"},{"taxonomy":"product_tag","embeddable":true,"href":"https:\/\/baldumarket.lt\/lt\/wp-json\/wp\/v2\/product_tag?post=81890"}],"curies":[{"name":"wp","href":"https:\/\/api.w.org\/{rel}","templated":true}]}}