{"id":81876,"date":"2025-12-04T22:37:48","date_gmt":"2025-12-04T19:37:48","guid":{"rendered":"https:\/\/baldumarket.lt\/product\/szafka-nocna-bukowa-vip-sn115-buk-mokka\/"},"modified":"2026-02-04T00:31:58","modified_gmt":"2026-02-03T21:31:58","slug":"szafka-nocna-bukowa-vip-sn115-buk-mokka","status":"publish","type":"product","link":"https:\/\/baldumarket.lt\/lt\/product\/szafka-nocna-bukowa-vip-sn115-buk-mokka\/","title":{"rendered":"Buko spalvos naktinis staliukas VIP SN115 moka spalvos bukas"},"content":{"rendered":"<p>SN115 naktinis staliukas buvo sukurtas galvojant apie charaktering\u0105 interjer\u0105. Paprastos formos ir prislopintos nat\u016bralaus buko medienos spalvos atspindi minimalistin\u012f stili\u0173. Mading\u0105 i\u0161vaizd\u0105 suteikia stal\u010diai be ranken\u0117li\u0173, kurie puikiai tinka laikyti kosmetik\u0105 ar \u017eurnalus.<\/p>","protected":false},"excerpt":{"rendered":"<p>SN115 naktinis staliukas buvo sukurtas galvojant apie charaktering\u0105 interjer\u0105. Paprastos formos ir prislopintos nat\u016bralaus buko medienos spalvos atspindi minimalistin\u012f stili\u0173. Mading\u0105 i\u0161vaizd\u0105 suteikia stal\u010diai be ranken\u0117li\u0173, kurie puikiai tinka laikyti kosmetik\u0105 ar \u017eurnalus.<\/p>","protected":false},"featured_media":81877,"comment_status":"open","ping_status":"open","template":"","meta":[],"product_brand":[],"product_cat":[9314,1176,2113],"product_tag":[],"class_list":{"0":"post-81876","1":"product","2":"type-product","3":"status-publish","4":"has-post-thumbnail","6":"product_cat-kolekcja-vip-drewmax","7":"product_cat-bedside-tables","8":"product_cat-drewmax","10":"first","11":"instock","12":"purchasable","13":"product-type-simple"},"_links":{"self":[{"href":"https:\/\/baldumarket.lt\/lt\/wp-json\/wp\/v2\/product\/81876","targetHints":{"allow":["GET"]}}],"collection":[{"href":"https:\/\/baldumarket.lt\/lt\/wp-json\/wp\/v2\/product"}],"about":[{"href":"https:\/\/baldumarket.lt\/lt\/wp-json\/wp\/v2\/types\/product"}],"replies":[{"embeddable":true,"href":"https:\/\/baldumarket.lt\/lt\/wp-json\/wp\/v2\/comments?post=81876"}],"wp:featuredmedia":[{"embeddable":true,"href":"https:\/\/baldumarket.lt\/lt\/wp-json\/wp\/v2\/media\/81877"}],"wp:attachment":[{"href":"https:\/\/baldumarket.lt\/lt\/wp-json\/wp\/v2\/media?parent=81876"}],"wp:term":[{"taxonomy":"product_brand","embeddable":true,"href":"https:\/\/baldumarket.lt\/lt\/wp-json\/wp\/v2\/product_brand?post=81876"},{"taxonomy":"product_cat","embeddable":true,"href":"https:\/\/baldumarket.lt\/lt\/wp-json\/wp\/v2\/product_cat?post=81876"},{"taxonomy":"product_tag","embeddable":true,"href":"https:\/\/baldumarket.lt\/lt\/wp-json\/wp\/v2\/product_tag?post=81876"}],"curies":[{"name":"wp","href":"https:\/\/api.w.org\/{rel}","templated":true}]}}