{"id":81868,"date":"2025-12-04T22:37:41","date_gmt":"2025-12-04T19:37:41","guid":{"rendered":"https:\/\/baldumarket.lt\/product\/szafka-nocna-bukowa-vip-sn117-buk-mokka\/"},"modified":"2026-02-04T00:31:58","modified_gmt":"2026-02-03T21:31:58","slug":"szafka-nocna-bukowa-vip-sn117-buk-mokka","status":"publish","type":"product","link":"https:\/\/baldumarket.lt\/lt\/product\/szafka-nocna-bukowa-vip-sn117-buk-mokka\/","title":{"rendered":"Buko spalvos naktinis staliukas VIP SN117 moka spalvos bukas"},"content":{"rendered":"<p>Prie sienos tvirtinamas naktinis staliukas SN117 \u2013 puikus sprendimas moderniam miegamajam. Paprastas, minimalistinis dizainas ir matomi nat\u016bralaus med\u017eio ra\u0161tai suteikia unikalaus \u017eavesio ir \u0161ilumos poj\u016bt\u012f bet kuriam kambariui, kuriame jis eksponuojamas. Nepaisant kompakti\u0161ko dyd\u017eio, staliukas turi lentyn\u0117l\u0119 smulkiems nam\u0173 apyvokos daiktams ar kosmetikai.<\/p>\n<p>SN117 naktinis staliukas \u2013 nesuderinamas su \u0161iais lov\u0173 modeliais:<br \/>\nLK214, LK214\/II<br \/>\nLK114, LK114\/II<br \/>\nLK370<br \/>\nLK185<br \/>\nVISI D\u0116\u017dI\u0172 LOV\u0172 MODELIAI<\/p>","protected":false},"excerpt":{"rendered":"<p>Prie sienos tvirtinamas naktinis staliukas SN117 \u2013 puikus sprendimas moderniam miegamajam. Paprastas, minimalistinis dizainas ir matomi nat\u016bralaus med\u017eio ra\u0161tai suteikia unikalaus \u017eavesio ir \u0161ilumos poj\u016bt\u012f bet kuriam kambariui, kuriame jis eksponuojamas. Nepaisant kompakti\u0161ko dyd\u017eio, jame yra lentyn\u0117l\u0117 smulkiems nam\u0173 apyvokos daiktams ar kosmetikai. SN117 naktinis staliukas \u2013 nesuderinamas [\u2026]<\/p>","protected":false},"featured_media":81869,"comment_status":"open","ping_status":"open","template":"","meta":[],"product_brand":[],"product_cat":[9314,1176,2113],"product_tag":[],"class_list":{"0":"post-81868","1":"product","2":"type-product","3":"status-publish","4":"has-post-thumbnail","6":"product_cat-kolekcja-vip-drewmax","7":"product_cat-bedside-tables","8":"product_cat-drewmax","10":"first","11":"instock","12":"purchasable","13":"product-type-simple"},"_links":{"self":[{"href":"https:\/\/baldumarket.lt\/lt\/wp-json\/wp\/v2\/product\/81868","targetHints":{"allow":["GET"]}}],"collection":[{"href":"https:\/\/baldumarket.lt\/lt\/wp-json\/wp\/v2\/product"}],"about":[{"href":"https:\/\/baldumarket.lt\/lt\/wp-json\/wp\/v2\/types\/product"}],"replies":[{"embeddable":true,"href":"https:\/\/baldumarket.lt\/lt\/wp-json\/wp\/v2\/comments?post=81868"}],"wp:featuredmedia":[{"embeddable":true,"href":"https:\/\/baldumarket.lt\/lt\/wp-json\/wp\/v2\/media\/81869"}],"wp:attachment":[{"href":"https:\/\/baldumarket.lt\/lt\/wp-json\/wp\/v2\/media?parent=81868"}],"wp:term":[{"taxonomy":"product_brand","embeddable":true,"href":"https:\/\/baldumarket.lt\/lt\/wp-json\/wp\/v2\/product_brand?post=81868"},{"taxonomy":"product_cat","embeddable":true,"href":"https:\/\/baldumarket.lt\/lt\/wp-json\/wp\/v2\/product_cat?post=81868"},{"taxonomy":"product_tag","embeddable":true,"href":"https:\/\/baldumarket.lt\/lt\/wp-json\/wp\/v2\/product_tag?post=81868"}],"curies":[{"name":"wp","href":"https:\/\/api.w.org\/{rel}","templated":true}]}}