{"id":81849,"date":"2025-12-04T22:37:25","date_gmt":"2025-12-04T19:37:25","guid":{"rendered":"https:\/\/baldumarket.lt\/product\/szafka-nocna-bukowa-retro-sn130-ii-buk-mokka\/"},"modified":"2026-02-04T00:31:59","modified_gmt":"2026-02-03T21:31:59","slug":"szafka-nocna-bukowa-retro-sn130-ii-buk-mokka","status":"publish","type":"product","link":"https:\/\/baldumarket.lt\/lt\/product\/szafka-nocna-bukowa-retro-sn130-ii-buk-mokka\/","title":{"rendered":"Buko spalvos naktinis staliukas RETRO SN130\/II moka spalvos bukas"},"content":{"rendered":"<p>Paprastas SN130\/II naktinis staliukas buvo sukurtas galvojant apie klasikin\u012f interjer\u0105. Pagamintas i\u0161 tvirtos buko medienos, jis pasi\u017eymi paprastu ir nesenstan\u010diu dizainu. Unikalios kojel\u0117s suteikia \u017eavesio. Tod\u0117l jis taip pat idealiai tinka madingam, moderniam interjerui. Jis turi prakti\u0161k\u0105 stal\u010di\u0173 smulkiems daiktams laikyti.<\/p>\n<p>Matmenys: P40 x A41 x G35<\/p>\n<p>Naktinis staliukas taip pat yra dviej\u0173 stal\u010di\u0173 versijoje \u2013 SN131\/II. SN130\/II naktinis staliukas dera prie kit\u0173 RETRO kolekcijos bald\u0173.<\/p>","protected":false},"excerpt":{"rendered":"<p>Paprastas SN130\/II naktinis staliukas buvo sukurtas galvojant apie klasikin\u012f interjer\u0105. Pagamintas i\u0161 tvirtos buko medienos, jis pasi\u017eymi paprastu ir nesenstan\u010diu dizainu. Unikalios kojel\u0117s suteikia \u017eavesio. D\u0117l to jis taip pat idealiai tinka madingam, moderniam interjerui. Jis turi prakti\u0161k\u0105 stal\u010di\u0173 smulkiems daiktams laikyti. Matmenys: P40 x A41 x G35 [\u2026]<\/p>","protected":false},"featured_media":81850,"comment_status":"open","ping_status":"open","template":"","meta":[],"product_brand":[],"product_cat":[9312,1176,2113],"product_tag":[],"class_list":{"0":"post-81849","1":"product","2":"type-product","3":"status-publish","4":"has-post-thumbnail","6":"product_cat-retro-collection-drewmax","7":"product_cat-bedside-tables","8":"product_cat-drewmax","10":"first","11":"instock","12":"purchasable","13":"product-type-simple"},"_links":{"self":[{"href":"https:\/\/baldumarket.lt\/lt\/wp-json\/wp\/v2\/product\/81849","targetHints":{"allow":["GET"]}}],"collection":[{"href":"https:\/\/baldumarket.lt\/lt\/wp-json\/wp\/v2\/product"}],"about":[{"href":"https:\/\/baldumarket.lt\/lt\/wp-json\/wp\/v2\/types\/product"}],"replies":[{"embeddable":true,"href":"https:\/\/baldumarket.lt\/lt\/wp-json\/wp\/v2\/comments?post=81849"}],"wp:featuredmedia":[{"embeddable":true,"href":"https:\/\/baldumarket.lt\/lt\/wp-json\/wp\/v2\/media\/81850"}],"wp:attachment":[{"href":"https:\/\/baldumarket.lt\/lt\/wp-json\/wp\/v2\/media?parent=81849"}],"wp:term":[{"taxonomy":"product_brand","embeddable":true,"href":"https:\/\/baldumarket.lt\/lt\/wp-json\/wp\/v2\/product_brand?post=81849"},{"taxonomy":"product_cat","embeddable":true,"href":"https:\/\/baldumarket.lt\/lt\/wp-json\/wp\/v2\/product_cat?post=81849"},{"taxonomy":"product_tag","embeddable":true,"href":"https:\/\/baldumarket.lt\/lt\/wp-json\/wp\/v2\/product_tag?post=81849"}],"curies":[{"name":"wp","href":"https:\/\/api.w.org\/{rel}","templated":true}]}}