{"id":81838,"date":"2025-12-04T22:37:16","date_gmt":"2025-12-04T19:37:16","guid":{"rendered":"https:\/\/baldumarket.lt\/product\/szafka-nocna-bukowa-retro-sn131-ii-buk-mokka\/"},"modified":"2026-02-04T00:32:00","modified_gmt":"2026-02-03T21:32:00","slug":"szafka-nocna-bukowa-retro-sn131-ii-buk-mokka","status":"publish","type":"product","link":"https:\/\/baldumarket.lt\/lt\/product\/szafka-nocna-bukowa-retro-sn131-ii-buk-mokka\/","title":{"rendered":"Buko spalvos naktinis staliukas RETRO SN131\/II moka spalvos bukas"},"content":{"rendered":"<p>Paprastas SN131\/II naktinis staliukas buvo sukurtas galvojant apie klasikin\u012f interjer\u0105. Pagamintas i\u0161 tvirtos buko medienos, jis pasi\u017eymi paprastumu ir nesenstan\u010diu stiliumi. Unikalios kojel\u0117s suteikia \u017eavesio. Tod\u0117l jis taip pat idealiai tinka madingam, moderniam interjerui. Jis turi prakti\u0161kus stal\u010dius smulkiems daiktams laikyti.<\/p>\n<p>Matmenys: P40 x A59 x G35<\/p>\n<p>Naktinis staliukas taip pat yra su vienu stal\u010diumi \u2013 SN130\/II. Naktinis staliukas SN131\/II dera prie kit\u0173 RETRO kolekcijos bald\u0173.<\/p>","protected":false},"excerpt":{"rendered":"<p>Paprastas SN131\/II naktinis staliukas buvo sukurtas galvojant apie klasikin\u012f interjer\u0105. Pagamintas i\u0161 tvirtos buko medienos, jis pasi\u017eymi paprastumu ir nesenstan\u010diu stiliumi. Unikalios kojel\u0117s suteikia \u017eavesio. D\u0117l to jis taip pat idealiai tinka madingam, moderniam interjerui. Jis turi prakti\u0161kus stal\u010dius smulkiems daiktams laikyti. Matmenys: P40 x A59 x G35. Naktinis staliukas taip pat yra [\u2026]<\/p>","protected":false},"featured_media":81839,"comment_status":"open","ping_status":"open","template":"","meta":[],"product_brand":[],"product_cat":[9312,1176,2113],"product_tag":[],"class_list":{"0":"post-81838","1":"product","2":"type-product","3":"status-publish","4":"has-post-thumbnail","6":"product_cat-retro-collection-drewmax","7":"product_cat-bedside-tables","8":"product_cat-drewmax","10":"first","11":"instock","12":"purchasable","13":"product-type-simple"},"_links":{"self":[{"href":"https:\/\/baldumarket.lt\/lt\/wp-json\/wp\/v2\/product\/81838","targetHints":{"allow":["GET"]}}],"collection":[{"href":"https:\/\/baldumarket.lt\/lt\/wp-json\/wp\/v2\/product"}],"about":[{"href":"https:\/\/baldumarket.lt\/lt\/wp-json\/wp\/v2\/types\/product"}],"replies":[{"embeddable":true,"href":"https:\/\/baldumarket.lt\/lt\/wp-json\/wp\/v2\/comments?post=81838"}],"wp:featuredmedia":[{"embeddable":true,"href":"https:\/\/baldumarket.lt\/lt\/wp-json\/wp\/v2\/media\/81839"}],"wp:attachment":[{"href":"https:\/\/baldumarket.lt\/lt\/wp-json\/wp\/v2\/media?parent=81838"}],"wp:term":[{"taxonomy":"product_brand","embeddable":true,"href":"https:\/\/baldumarket.lt\/lt\/wp-json\/wp\/v2\/product_brand?post=81838"},{"taxonomy":"product_cat","embeddable":true,"href":"https:\/\/baldumarket.lt\/lt\/wp-json\/wp\/v2\/product_cat?post=81838"},{"taxonomy":"product_tag","embeddable":true,"href":"https:\/\/baldumarket.lt\/lt\/wp-json\/wp\/v2\/product_tag?post=81838"}],"curies":[{"name":"wp","href":"https:\/\/api.w.org\/{rel}","templated":true}]}}