{"id":81739,"date":"2025-12-04T22:34:59","date_gmt":"2025-12-04T19:34:59","guid":{"rendered":"https:\/\/baldumarket.lt\/product\/stolik-kawowy-bukowy-st175-buk-mokka-9\/"},"modified":"2026-02-04T00:32:21","modified_gmt":"2026-02-03T21:32:21","slug":"stolik-kawowy-bukowy-st175-buk-mokka-9","status":"publish","type":"product","link":"https:\/\/baldumarket.lt\/lt\/product\/stolik-kawowy-bukowy-st175-buk-mokka-9\/","title":{"rendered":"Buko kavos staliukas ST175 moka buko spalvos"},"content":{"rendered":"<p>ST175 kavos staliukas pagamintas i\u0161 tvirtos buko medienos. Paprastas dizainas puikiai dera tiek su klasikiniu, tiek su moderniu interjeru. Matomas medienos ra\u0161tas i\u0161ry\u0161kina nat\u016bralios medienos gro\u017e\u012f. Galima rinktis sta\u010diakamp\u012f stalvir\u0161\u012f, kurio storis yra 2,5 cm arba pasirinktinai 4 cm.<\/p>","protected":false},"excerpt":{"rendered":"<p>ST175 kavos staliukas pagamintas i\u0161 tvirtos buko medienos. Paprastas dizainas puikiai dera tiek su klasikiniu, tiek su moderniu interjeru. Matomas medienos ra\u0161tas i\u0161ry\u0161kina nat\u016bralios medienos gro\u017e\u012f. Galima rinktis sta\u010diakamp\u012f stalvir\u0161\u012f, kurio storis yra 2,5 cm arba pasirinktinai 4 cm.<\/p>","protected":false},"featured_media":81678,"comment_status":"open","ping_status":"open","template":"","meta":[],"product_brand":[],"product_cat":[9304,866,2113],"product_tag":[],"class_list":{"0":"post-81739","1":"product","2":"type-product","3":"status-publish","4":"has-post-thumbnail","6":"product_cat-beech-furniture-drewmax","7":"product_cat-coffee-tables","8":"product_cat-drewmax","9":"pa_tabletop-tabletop-2-5-cm","10":"pa_tabletop-material-solid-lamellas","12":"first","13":"instock","14":"purchasable","15":"product-type-simple"},"_links":{"self":[{"href":"https:\/\/baldumarket.lt\/lt\/wp-json\/wp\/v2\/product\/81739","targetHints":{"allow":["GET"]}}],"collection":[{"href":"https:\/\/baldumarket.lt\/lt\/wp-json\/wp\/v2\/product"}],"about":[{"href":"https:\/\/baldumarket.lt\/lt\/wp-json\/wp\/v2\/types\/product"}],"replies":[{"embeddable":true,"href":"https:\/\/baldumarket.lt\/lt\/wp-json\/wp\/v2\/comments?post=81739"}],"wp:featuredmedia":[{"embeddable":true,"href":"https:\/\/baldumarket.lt\/lt\/wp-json\/wp\/v2\/media\/81678"}],"wp:attachment":[{"href":"https:\/\/baldumarket.lt\/lt\/wp-json\/wp\/v2\/media?parent=81739"}],"wp:term":[{"taxonomy":"product_brand","embeddable":true,"href":"https:\/\/baldumarket.lt\/lt\/wp-json\/wp\/v2\/product_brand?post=81739"},{"taxonomy":"product_cat","embeddable":true,"href":"https:\/\/baldumarket.lt\/lt\/wp-json\/wp\/v2\/product_cat?post=81739"},{"taxonomy":"product_tag","embeddable":true,"href":"https:\/\/baldumarket.lt\/lt\/wp-json\/wp\/v2\/product_tag?post=81739"}],"curies":[{"name":"wp","href":"https:\/\/api.w.org\/{rel}","templated":true}]}}