{"id":7896,"date":"2025-11-14T03:45:27","date_gmt":"2025-11-14T00:45:27","guid":{"rendered":"https:\/\/baldumarket.lt\/product\/megis-1f\/"},"modified":"2026-03-24T18:03:19","modified_gmt":"2026-03-24T15:03:19","slug":"megis-1f","status":"publish","type":"product","link":"https:\/\/baldumarket.lt\/lt\/product\/megis-1f\/","title":{"rendered":"Megis 1F"},"content":{"rendered":"<p>\u201eMegis\u201c fotelis tarnaus ilgai d\u0117l s\u0117dyn\u0117s pagalv\u0117l\u0117s, u\u017epildytos didelio elastingumo putomis, kurios suteikia ger\u0105 atram\u0105 ir greitai atgauna pradin\u0119 form\u0105 po stov\u0117jimo. Baldo matmenys: 102 x 94 x 87 centimetrai, leid\u017eia j\u012f lengvai pritaikyti \u012fvairiems interjerams. \u201eMegis\u201c pasi\u017eymi nesenstan\u010diu dizainu ir auk\u0161tais porankiais su subtiliomis si\u016bl\u0117mis. Kitas i\u0161skirtinis fotelio bruo\u017eas \u2013 13 centimetr\u0173 ilgio kojos, pagamintos i\u0161 juodo plieno. Taip pat galima \u012fsigyti derant\u012f \u201eMegis\u201c sof\u0105 ir puf\u0105.<\/p>","protected":false},"excerpt":{"rendered":"<p>\u201eMegis\u201c fotelis tarnaus ilgai d\u0117l s\u0117dyn\u0117s pagalv\u0117l\u0117s, u\u017epildytos didelio elastingumo putomis, kurios suteikia ger\u0105 atram\u0105 ir greitai atgauna pradin\u0119 form\u0105 po stov\u0117jimo. Baldo matmenys: 102 x 94 x 87 centimetrai, leid\u017eia j\u012f lengvai pritaikyti prie \u012fvairi\u0173 interjer\u0173. \u201eMegis\u201c pasi\u017eymi nesenstan\u010diu dizainu ir [\u2026]<\/p>","protected":false},"featured_media":7897,"comment_status":"open","ping_status":"open","template":"","meta":[],"product_brand":[],"product_cat":[634,2012,9163],"product_tag":[],"class_list":{"0":"post-7896","1":"product","2":"type-product","3":"status-publish","4":"has-post-thumbnail","6":"product_cat-armchairs","7":"product_cat-eltap","8":"product_cat-fotele-eltap","10":"first","11":"instock","12":"purchasable","13":"product-type-variable","14":"wvs-archive-product-wrapper"},"_links":{"self":[{"href":"https:\/\/baldumarket.lt\/lt\/wp-json\/wp\/v2\/product\/7896","targetHints":{"allow":["GET"]}}],"collection":[{"href":"https:\/\/baldumarket.lt\/lt\/wp-json\/wp\/v2\/product"}],"about":[{"href":"https:\/\/baldumarket.lt\/lt\/wp-json\/wp\/v2\/types\/product"}],"replies":[{"embeddable":true,"href":"https:\/\/baldumarket.lt\/lt\/wp-json\/wp\/v2\/comments?post=7896"}],"wp:featuredmedia":[{"embeddable":true,"href":"https:\/\/baldumarket.lt\/lt\/wp-json\/wp\/v2\/media\/7897"}],"wp:attachment":[{"href":"https:\/\/baldumarket.lt\/lt\/wp-json\/wp\/v2\/media?parent=7896"}],"wp:term":[{"taxonomy":"product_brand","embeddable":true,"href":"https:\/\/baldumarket.lt\/lt\/wp-json\/wp\/v2\/product_brand?post=7896"},{"taxonomy":"product_cat","embeddable":true,"href":"https:\/\/baldumarket.lt\/lt\/wp-json\/wp\/v2\/product_cat?post=7896"},{"taxonomy":"product_tag","embeddable":true,"href":"https:\/\/baldumarket.lt\/lt\/wp-json\/wp\/v2\/product_tag?post=7896"}],"curies":[{"name":"wp","href":"https:\/\/api.w.org\/{rel}","templated":true}]}}