{"id":76529,"date":"2025-12-03T21:18:04","date_gmt":"2025-12-03T18:18:04","guid":{"rendered":"https:\/\/baldumarket.lt\/product\/lozko-mlodziezowe-pojedyncze-rico-90x200-z-szuflada-sosna-zielone\/"},"modified":"2026-04-07T02:24:16","modified_gmt":"2026-04-06T23:24:16","slug":"lozko-mlodziezowe-pojedyncze-rico-90x200-z-szuflada-sosna-zielone","status":"publish","type":"product","link":"https:\/\/baldumarket.lt\/lt\/product\/lozko-mlodziezowe-pojedyncze-rico-90x200-z-szuflada-sosna-zielone\/","title":{"rendered":"RICO viengul\u0117 lova jaunimui 90\u00d7200 su stal\u010diumi, pu\u0161is\/\u017ealia"},"content":{"rendered":"<p>Lovos r\u0117mas \u2013 pagamintas i\u0161 pu\u0161ies medienos. Surinkimo priedai \u2013 greitas ir paprastas surinkimas. MDF plok\u0161t\u0117 \u2013 da\u017eyta vandens pagrindo laku. \u010ciu\u017einys: n\u0117ra. R\u0117mas \u2013 esame vienintel\u0117 \u012fmon\u0117, si\u016blanti r\u0117m\u0105 i\u0161 spyruoklini\u0173 lenteli\u0173, pagamint\u0105 i\u0161 ber\u017eo medienos, pritvirtint\u0105 PVC rankena ant metalin\u0117s juostel\u0117s, su spragtel\u0117jimo sistema (greitas surinkimas). HDF plok\u0161t\u0117. Stal\u010dius \u2013 pagamintas i\u0161 med\u017eio dro\u017eli\u0173 plok\u0161t\u0117s. Stal\u010diaus rankena \u2013 pagaminta i\u0161 PVC. Stal\u010diaus ratukai. Apvalinimo spindulys \u2013 R2. Keliamoji galia \u2013 100 kg. Sertifikuota lova \u2013 kokyb\u0117 ir saugumas pagal TUV standartus.<\/p>","protected":false},"excerpt":{"rendered":"<p>Lovos r\u0117mas \u2013 pagamintas i\u0161 pu\u0161ies medienos. Surinkimo priedai \u2013 greitas ir paprastas surinkimas. MDF plok\u0161t\u0117 \u2013 da\u017eyta vandens pagrindo laku. \u010ciu\u017einys: n\u0117ra. R\u0117mas \u2013 esame vienintel\u0117 \u012fmon\u0117, si\u016blanti r\u0117m\u0105 i\u0161 spyruoklini\u0173 lenteli\u0173, pagamint\u0173 i\u0161 ber\u017eo medienos, tvirtinam\u0173 PVC rankena ant metalin\u0117s juostel\u0117s, su spragtel\u0117jimo sistema (greitas surinkimas). HDF [\u2026]<\/p>","protected":false},"featured_media":76530,"comment_status":"open","ping_status":"open","template":"","meta":[],"product_brand":[],"product_cat":[505,1968,2014,9181],"product_tag":[],"class_list":{"0":"post-76529","1":"product","2":"type-product","3":"status-publish","4":"has-post-thumbnail","6":"product_cat-bedroom-beds","7":"product_cat-beds-90x200","8":"product_cat-bms-group","9":"product_cat-youth-beds-bms","11":"first","12":"instock","13":"purchasable","14":"product-type-simple"},"_links":{"self":[{"href":"https:\/\/baldumarket.lt\/lt\/wp-json\/wp\/v2\/product\/76529","targetHints":{"allow":["GET"]}}],"collection":[{"href":"https:\/\/baldumarket.lt\/lt\/wp-json\/wp\/v2\/product"}],"about":[{"href":"https:\/\/baldumarket.lt\/lt\/wp-json\/wp\/v2\/types\/product"}],"replies":[{"embeddable":true,"href":"https:\/\/baldumarket.lt\/lt\/wp-json\/wp\/v2\/comments?post=76529"}],"wp:featuredmedia":[{"embeddable":true,"href":"https:\/\/baldumarket.lt\/lt\/wp-json\/wp\/v2\/media\/76530"}],"wp:attachment":[{"href":"https:\/\/baldumarket.lt\/lt\/wp-json\/wp\/v2\/media?parent=76529"}],"wp:term":[{"taxonomy":"product_brand","embeddable":true,"href":"https:\/\/baldumarket.lt\/lt\/wp-json\/wp\/v2\/product_brand?post=76529"},{"taxonomy":"product_cat","embeddable":true,"href":"https:\/\/baldumarket.lt\/lt\/wp-json\/wp\/v2\/product_cat?post=76529"},{"taxonomy":"product_tag","embeddable":true,"href":"https:\/\/baldumarket.lt\/lt\/wp-json\/wp\/v2\/product_tag?post=76529"}],"curies":[{"name":"wp","href":"https:\/\/api.w.org\/{rel}","templated":true}]}}