{"id":75983,"date":"2025-12-03T21:11:09","date_gmt":"2025-12-03T18:11:09","guid":{"rendered":"https:\/\/baldumarket.lt\/product\/lozko-dla-dzieci-luki-parterowe-rama-bialy-naklejka-hello-kids-szuflada-bialy-80-x-160-kpl\/"},"modified":"2026-02-04T00:32:37","modified_gmt":"2026-02-03T21:32:37","slug":"lozko-dla-dzieci-luki-parterowe-rama-bialy-naklejka-hello-kids-szuflada-bialy-80-x-160-kpl","status":"publish","type":"product","link":"https:\/\/baldumarket.lt\/lt\/product\/lozko-dla-dzieci-luki-parterowe-rama-bialy-naklejka-hello-kids-szuflada-bialy-80-x-160-kpl\/","title":{"rendered":"VAIKI\u0160KA LOVA, PIRMAS AUK\u0160TAS SU TARPIAI, BALTAS R\u0116MAS, LIPDUKAS \u201eHELLO KIDS\u201c, BALTAS STAL\u010cIUS, 80 X 160 KOMPLEKTAS"},"content":{"rendered":"<p>Lovos r\u0117mas \u2013 pagamintas i\u0161 pu\u0161ies medienos, da\u017eytas vandens pagrindo laku. Surinkimo priedai \u2013 greitas ir paprastas surinkimas. MDF plok\u0161t\u0117 \u2013 da\u017eyta vandens pagrindo laku. Laminuotas lipdukas. \u010ciu\u017einys \u2013 7 cm storio, su nuimamu u\u017evalkalu, oro kondicionavimo pluo\u0161tu ir poliuretano putomis. U\u017evalkalas \u2013 dygsniuotas hipoalerginis audinys, pagamintas i\u0161 poliesterio, su u\u017etrauktuku. HDF plok\u0161t\u0117. HDF plok\u0161t\u0117. Stal\u010diaus rankena \u2013 pagaminta i\u0161 PVC. Stal\u010dius \u2013 pagamintas i\u0161 med\u017eio dro\u017eli\u0173 plok\u0161t\u0117s. Stal\u010diaus ratukai. Apvalinimo spindulys \u2013 R2. Maksimali apkrova \u2013 100 kg. Sertifikuota lova \u2013 kokyb\u0117 ir saugumas pagal TUV standartus.<\/p>","protected":false},"excerpt":{"rendered":"<p>Lovos r\u0117mas \u2013 pagamintas i\u0161 pu\u0161ies medienos, da\u017eytas vandens pagrindo laku. Surinkimo priedai \u2013 greitas ir paprastas surinkimas. MDF plok\u0161t\u0117 \u2013 da\u017eyta vandens pagrindo laku. Laminuotas lipdukas. \u010ciu\u017einys \u2013 7 cm storio, su nuimamu u\u017evalkalu, oro kondicionavimo pluo\u0161tu ir poliuretano putomis. U\u017evalkalas \u2013 dygsniuotas hipoalerginis audinys, pagamintas i\u0161 poliesterio, su u\u017etrauktuku. HDF [\u2026]<\/p>","protected":false},"featured_media":75984,"comment_status":"open","ping_status":"open","template":"","meta":[],"product_brand":[],"product_cat":[505,2014,9179],"product_tag":[],"class_list":{"0":"post-75983","1":"product","2":"type-product","3":"status-publish","4":"has-post-thumbnail","6":"product_cat-bedroom-beds","7":"product_cat-bms-group","8":"product_cat-beds-for-children-bms","10":"first","11":"instock","12":"purchasable","13":"product-type-simple"},"_links":{"self":[{"href":"https:\/\/baldumarket.lt\/lt\/wp-json\/wp\/v2\/product\/75983","targetHints":{"allow":["GET"]}}],"collection":[{"href":"https:\/\/baldumarket.lt\/lt\/wp-json\/wp\/v2\/product"}],"about":[{"href":"https:\/\/baldumarket.lt\/lt\/wp-json\/wp\/v2\/types\/product"}],"replies":[{"embeddable":true,"href":"https:\/\/baldumarket.lt\/lt\/wp-json\/wp\/v2\/comments?post=75983"}],"wp:featuredmedia":[{"embeddable":true,"href":"https:\/\/baldumarket.lt\/lt\/wp-json\/wp\/v2\/media\/75984"}],"wp:attachment":[{"href":"https:\/\/baldumarket.lt\/lt\/wp-json\/wp\/v2\/media?parent=75983"}],"wp:term":[{"taxonomy":"product_brand","embeddable":true,"href":"https:\/\/baldumarket.lt\/lt\/wp-json\/wp\/v2\/product_brand?post=75983"},{"taxonomy":"product_cat","embeddable":true,"href":"https:\/\/baldumarket.lt\/lt\/wp-json\/wp\/v2\/product_cat?post=75983"},{"taxonomy":"product_tag","embeddable":true,"href":"https:\/\/baldumarket.lt\/lt\/wp-json\/wp\/v2\/product_tag?post=75983"}],"curies":[{"name":"wp","href":"https:\/\/api.w.org\/{rel}","templated":true}]}}