{"id":75878,"date":"2025-12-03T21:09:50","date_gmt":"2025-12-03T18:09:50","guid":{"rendered":"https:\/\/baldumarket.lt\/product\/lozko-mlodziezowe-wysuwane-eryk-80x190-z-materacem-i-szuflada-sosna-grafitowe\/"},"modified":"2026-04-07T01:48:32","modified_gmt":"2026-04-06T22:48:32","slug":"lozko-mlodziezowe-wysuwane-eryk-80x190-z-materacem-i-szuflada-sosna-grafitowe","status":"publish","type":"product","link":"https:\/\/baldumarket.lt\/lt\/product\/lozko-mlodziezowe-wysuwane-eryk-80x190-z-materacem-i-szuflada-sosna-grafitowe\/","title":{"rendered":"ERYK 80X190 jaunimo i\u0161skleid\u017eiama lova su \u010diu\u017einiu ir stal\u010diumi, pu\u0161is\/grafitas"},"content":{"rendered":"<p>Lovos r\u0117mas \u2013 pagamintas i\u0161 pu\u0161ies medienos, da\u017eytas vandens pagrindo laku. Surinkimo priedai \u2013 greitas ir paprastas surinkimas. R\u0117mas \u2013 esame vienintel\u0117 \u012fmon\u0117, si\u016blanti r\u0117m\u0105 i\u0161 spyruoklini\u0173 lenteli\u0173, pagamint\u0105 i\u0161 ber\u017eo medienos, tvirtinam\u0105 PVC laikikliu ant metalin\u0117s juostel\u0117s, su spragtel\u0117jimo sistema (greitas surinkimas). \u010ciu\u017einiai \u2013 190\u00d780 (1 vnt.), 180\u00d780 (1 vnt.), su nuimamu u\u017evalkalu, kondicionuojan\u010diu pluo\u0161tu ir poliuretano putomis. U\u017evalkalas \u2013 dygsniuotas hipoalerginis audinys, pagamintas i\u0161 poliesterio, su u\u017etrauktuku. Stal\u010dius \u2013 pagamintas i\u0161 med\u017eio dro\u017eli\u0173 plok\u0161t\u0117s, turi papildom\u0105 miegojimo funkcij\u0105. Stal\u010diaus rankena \u2013 pagaminta i\u0161 PVC. Stal\u010diaus ratukai. Maksimali apkrova \u2013 100 kg vienam lygiui. Apvalinimas \u2013 R2 spindulys. Sertifikuota lova \u2013 kokyb\u0117 ir saugumas pagal TUV standartus.<\/p>","protected":false},"excerpt":{"rendered":"<p>Lovos r\u0117mas \u2013 pagamintas i\u0161 pu\u0161ies medienos, da\u017eytas vandens pagrindo laku. Surinkimo priedai \u2013 greitas ir paprastas surinkimas. R\u0117mas \u2013 esame vienintel\u0117 \u012fmon\u0117, si\u016blanti r\u0117m\u0105 i\u0161 spyruoklini\u0173 lenteli\u0173, pagamint\u0173 i\u0161 ber\u017eo medienos, tvirtinam\u0173 PVC laikikliu ant metalin\u0117s juostel\u0117s, su spragtel\u0117jimo sistema (greitas surinkimas). \u010ciu\u017einiai \u2013 190\u00d780 [\u2026]<\/p>","protected":false},"featured_media":75879,"comment_status":"open","ping_status":"open","template":"","meta":[],"product_brand":[],"product_cat":[505,2014,9193],"product_tag":[],"class_list":{"0":"post-75878","1":"product","2":"type-product","3":"status-publish","4":"has-post-thumbnail","6":"product_cat-bedroom-beds","7":"product_cat-bms-group","8":"product_cat-youth-retractable-bed-bms","10":"first","11":"instock","12":"purchasable","13":"product-type-simple"},"_links":{"self":[{"href":"https:\/\/baldumarket.lt\/lt\/wp-json\/wp\/v2\/product\/75878","targetHints":{"allow":["GET"]}}],"collection":[{"href":"https:\/\/baldumarket.lt\/lt\/wp-json\/wp\/v2\/product"}],"about":[{"href":"https:\/\/baldumarket.lt\/lt\/wp-json\/wp\/v2\/types\/product"}],"replies":[{"embeddable":true,"href":"https:\/\/baldumarket.lt\/lt\/wp-json\/wp\/v2\/comments?post=75878"}],"wp:featuredmedia":[{"embeddable":true,"href":"https:\/\/baldumarket.lt\/lt\/wp-json\/wp\/v2\/media\/75879"}],"wp:attachment":[{"href":"https:\/\/baldumarket.lt\/lt\/wp-json\/wp\/v2\/media?parent=75878"}],"wp:term":[{"taxonomy":"product_brand","embeddable":true,"href":"https:\/\/baldumarket.lt\/lt\/wp-json\/wp\/v2\/product_brand?post=75878"},{"taxonomy":"product_cat","embeddable":true,"href":"https:\/\/baldumarket.lt\/lt\/wp-json\/wp\/v2\/product_cat?post=75878"},{"taxonomy":"product_tag","embeddable":true,"href":"https:\/\/baldumarket.lt\/lt\/wp-json\/wp\/v2\/product_tag?post=75878"}],"curies":[{"name":"wp","href":"https:\/\/api.w.org\/{rel}","templated":true}]}}