{"id":75655,"date":"2025-12-03T21:07:15","date_gmt":"2025-12-03T18:07:15","guid":{"rendered":"https:\/\/baldumarket.lt\/product\/lozko-mlodziezowe-pietrowe-max-3-120x200-z-materacem-i-szuflada-zielone\/"},"modified":"2026-04-07T02:34:58","modified_gmt":"2026-04-06T23:34:58","slug":"lozko-mlodziezowe-pietrowe-max-3-120x200-z-materacem-i-szuflada-zielone","status":"publish","type":"product","link":"https:\/\/baldumarket.lt\/lt\/product\/lozko-mlodziezowe-pietrowe-max-3-120x200-z-materacem-i-szuflada-zielone\/","title":{"rendered":"MAX 3 jaunimo dviauk\u0161t\u0117 lova 120\u00d7200 su \u010diu\u017einiu ir stal\u010diumi, \u017ealia"},"content":{"rendered":"<p>MDF plok\u0161t\u0117 \u2013 da\u017eyta vandens pagrindo laku. Laminuota med\u017eio dro\u017eli\u0173 plok\u0161t\u0117. \u010ciu\u017einiai \u2013 200x80x9 (1 vnt.), 200x120x9 (1 vnt.), su nuimamu u\u017evalkalu, oro kondicionavimo pluo\u0161tu ir poliuretano putomis. U\u017evalkalas \u2013 dygsniuotas hipoalerginis poliesterio audinys, su u\u017etrauktuku. R\u0117mas \u2013 esame vienintel\u0117 \u012fmon\u0117, si\u016blanti r\u0117m\u0105 i\u0161 spyruoklini\u0173 lenteli\u0173, pagaminto i\u0161 ber\u017eo medienos, pritvirtinto PVC rankena ant metalin\u0117s juostel\u0117s, su spragtel\u0117jimo sistema (greitas surinkimas). Surinkimo priedai \u2013 greitas ir paprastas surinkimas. Stal\u010diaus rankena \u2013 pagaminta i\u0161 PVC. B\u0117geliai. Apsauga. HDF plok\u0161t\u0117. Stal\u010diaus ratukai. Apvalinimas \u2013 R2 spindulys. Sertifikuota lova \u2013 kokyb\u0117 ir saugumas pagal TUV standartus. Keliamoji galia \u2013 100 kg vienam lygiui.<\/p>","protected":false},"excerpt":{"rendered":"<p>MDF plok\u0161t\u0117 \u2013 da\u017eyta vandens pagrindo laku. Laminuota med\u017eio dro\u017eli\u0173 plok\u0161t\u0117. \u010ciu\u017einiai \u2013 200x80x9 (1 vnt.), 200x120x9 (1 vnt.), su nuimamu u\u017evalkalu, oro kondicionavimo pluo\u0161tu ir poliuretano putomis. U\u017evalkalas \u2013 dygsniuotas hipoalerginis poliesterio audinys, su u\u017etrauktuku. R\u0117mas \u2013 esame vienintel\u0117 \u012fmon\u0117, si\u016blanti r\u0117m\u0105 i\u0161 spyruoklini\u0173 lenteli\u0173, pagamint\u0173 i\u0161 ber\u017eo medienos, pritvirtint\u0173 [\u2026]<\/p>","protected":false},"featured_media":75656,"comment_status":"open","ping_status":"open","template":"","meta":[],"product_brand":[],"product_cat":[505,1969,2014,9180],"product_tag":[],"class_list":{"0":"post-75655","1":"product","2":"type-product","3":"status-publish","4":"has-post-thumbnail","6":"product_cat-bedroom-beds","7":"product_cat-beds-120x200","8":"product_cat-bms-group","9":"product_cat-bunk-beds-bms","11":"first","12":"instock","13":"purchasable","14":"product-type-simple"},"_links":{"self":[{"href":"https:\/\/baldumarket.lt\/lt\/wp-json\/wp\/v2\/product\/75655","targetHints":{"allow":["GET"]}}],"collection":[{"href":"https:\/\/baldumarket.lt\/lt\/wp-json\/wp\/v2\/product"}],"about":[{"href":"https:\/\/baldumarket.lt\/lt\/wp-json\/wp\/v2\/types\/product"}],"replies":[{"embeddable":true,"href":"https:\/\/baldumarket.lt\/lt\/wp-json\/wp\/v2\/comments?post=75655"}],"wp:featuredmedia":[{"embeddable":true,"href":"https:\/\/baldumarket.lt\/lt\/wp-json\/wp\/v2\/media\/75656"}],"wp:attachment":[{"href":"https:\/\/baldumarket.lt\/lt\/wp-json\/wp\/v2\/media?parent=75655"}],"wp:term":[{"taxonomy":"product_brand","embeddable":true,"href":"https:\/\/baldumarket.lt\/lt\/wp-json\/wp\/v2\/product_brand?post=75655"},{"taxonomy":"product_cat","embeddable":true,"href":"https:\/\/baldumarket.lt\/lt\/wp-json\/wp\/v2\/product_cat?post=75655"},{"taxonomy":"product_tag","embeddable":true,"href":"https:\/\/baldumarket.lt\/lt\/wp-json\/wp\/v2\/product_tag?post=75655"}],"curies":[{"name":"wp","href":"https:\/\/api.w.org\/{rel}","templated":true}]}}