{"id":75634,"date":"2025-12-03T21:07:00","date_gmt":"2025-12-03T18:07:00","guid":{"rendered":"https:\/\/baldumarket.lt\/product\/lozko-mlodziezowe-pietrowe-max-2-80x200-z-materacem\/"},"modified":"2026-04-07T01:49:17","modified_gmt":"2026-04-06T22:49:17","slug":"lozko-mlodziezowe-pietrowe-max-2-80x200-z-materacem","status":"publish","type":"product","link":"https:\/\/baldumarket.lt\/lt\/product\/lozko-mlodziezowe-pietrowe-max-2-80x200-z-materacem\/","title":{"rendered":"MAX 2 80X200 jaunimo dviauk\u0161t\u0117 lova su \u010diu\u017einiu"},"content":{"rendered":"<p>MDF plok\u0161t\u0117 \u2013 da\u017eyta vandens pagrindo laku. \u010ciu\u017einiai \u2013 200x80x9 (2 vnt.), su nuimamu u\u017evalkalu, oro kondicionavimo pluo\u0161tu ir poliuretano putomis. U\u017evalkalas \u2013 dygsniuotas hipoalerginis poliesterio audinys, su u\u017etrauktuku. R\u0117mas \u2013 esame vienintel\u0117 \u012fmon\u0117, si\u016blanti r\u0117m\u0105 i\u0161 spyruoklini\u0173 lenteli\u0173, pagamint\u0173 i\u0161 ber\u017eo medienos, tvirtinam\u0173 PVC laikikliu ant metalin\u0117s juostel\u0117s, naudojant spragtel\u0117jimo sistem\u0105 (greitas surinkimas). Surinkimo priedai \u2013 greitas ir paprastas surinkimas. Apvalinimas \u2013 R2 spindulys. Sertifikuota lova \u2013 kokyb\u0117 ir saugumas pagal TUV standartus. Keliamoji galia \u2013 100 kg vienam lygiui.<\/p>","protected":false},"excerpt":{"rendered":"<p>MDF plok\u0161t\u0117 \u2013 da\u017eyta vandens pagrindo laku. \u010ciu\u017einiai \u2013 200x80x9 (2 vnt.), su nuimamu u\u017evalkalu, oro kondicionavimo pluo\u0161tu ir poliuretano putomis. U\u017evalkalas \u2013 dygsniuotas hipoalerginis poliesterio audinys, su u\u017etrauktuku. R\u0117mas \u2013 esame vienintel\u0117 \u012fmon\u0117, si\u016blanti r\u0117m\u0105 i\u0161 spyruoklini\u0173 lenteli\u0173, pagamint\u0173 i\u0161 ber\u017eo medienos, tvirtinam\u0173 PVC laikikliu ant metalin\u0117s juostel\u0117s, [\u2026]<\/p>","protected":false},"featured_media":75635,"comment_status":"open","ping_status":"open","template":"","meta":[],"product_brand":[],"product_cat":[505,2014,9180],"product_tag":[],"class_list":{"0":"post-75634","1":"product","2":"type-product","3":"status-publish","4":"has-post-thumbnail","6":"product_cat-bedroom-beds","7":"product_cat-bms-group","8":"product_cat-bunk-beds-bms","10":"first","11":"instock","12":"purchasable","13":"product-type-simple"},"_links":{"self":[{"href":"https:\/\/baldumarket.lt\/lt\/wp-json\/wp\/v2\/product\/75634","targetHints":{"allow":["GET"]}}],"collection":[{"href":"https:\/\/baldumarket.lt\/lt\/wp-json\/wp\/v2\/product"}],"about":[{"href":"https:\/\/baldumarket.lt\/lt\/wp-json\/wp\/v2\/types\/product"}],"replies":[{"embeddable":true,"href":"https:\/\/baldumarket.lt\/lt\/wp-json\/wp\/v2\/comments?post=75634"}],"wp:featuredmedia":[{"embeddable":true,"href":"https:\/\/baldumarket.lt\/lt\/wp-json\/wp\/v2\/media\/75635"}],"wp:attachment":[{"href":"https:\/\/baldumarket.lt\/lt\/wp-json\/wp\/v2\/media?parent=75634"}],"wp:term":[{"taxonomy":"product_brand","embeddable":true,"href":"https:\/\/baldumarket.lt\/lt\/wp-json\/wp\/v2\/product_brand?post=75634"},{"taxonomy":"product_cat","embeddable":true,"href":"https:\/\/baldumarket.lt\/lt\/wp-json\/wp\/v2\/product_cat?post=75634"},{"taxonomy":"product_tag","embeddable":true,"href":"https:\/\/baldumarket.lt\/lt\/wp-json\/wp\/v2\/product_tag?post=75634"}],"curies":[{"name":"wp","href":"https:\/\/api.w.org\/{rel}","templated":true}]}}