{"id":75607,"date":"2025-12-03T21:06:40","date_gmt":"2025-12-03T18:06:40","guid":{"rendered":"https:\/\/baldumarket.lt\/product\/lozko-mlodziezowe-pietrowe-kubus-90x200-z-materacem-i-szuflada-sosna-grafitowe\/"},"modified":"2026-04-07T02:25:21","modified_gmt":"2026-04-06T23:25:21","slug":"lozko-mlodziezowe-pietrowe-kubus-90x200-z-materacem-i-szuflada-sosna-grafitowe","status":"publish","type":"product","link":"https:\/\/baldumarket.lt\/lt\/product\/lozko-mlodziezowe-pietrowe-kubus-90x200-z-materacem-i-szuflada-sosna-grafitowe\/","title":{"rendered":"KUBU\u015a jaunimo dviauk\u0161t\u0117 lova 90\u00d7200 su \u010diu\u017einiu ir stal\u010diumi, pu\u0161is\/grafitas"},"content":{"rendered":"<p>Lovos r\u0117mas \u2013 pagamintas i\u0161 neda\u017eytos pu\u0161ies medienos. Galima padalinti \u012f dvi viengules lovas. Surinkimo priedai \u2013 greitas ir paprastas surinkimas. R\u0117mas \u2013 esame vienintel\u0117 \u012fmon\u0117, si\u016blanti r\u0117m\u0105, pagamint\u0105 i\u0161 spyruoklini\u0173 ber\u017eo medienos lenteli\u0173, tvirtinam\u0105 PVC laikikliu ant metalin\u0117s juostel\u0117s, naudojant spragtel\u0117jimo sistem\u0105 (greitas surinkimas). \u010ciu\u017einiai \u2013 7 cm storio (2 vnt.), su nuimamu u\u017evalkalu, oro kondicionavimo pluo\u0161tu ir poliuretano putomis. U\u017evalkalas \u2013 dygsniuotas hipoalerginis poliesterio audinys, su u\u017etrauktuku. Stal\u010dius \u2013 pagamintas i\u0161 med\u017eio dro\u017eli\u0173 plok\u0161t\u0117s. HDF plok\u0161t\u0117. Stal\u010diaus rankena \u2013 pagaminta i\u0161 PVC. Stal\u010di\u0173 ratukai. Apvalinimo spindulys \u2013 R2. Keliamoji galia \u2013 100 kg kiekvienam lygiui. Sertifikuota lova \u2013 kokyb\u0117 ir saugumas pagal TUV standartus.<\/p>","protected":false},"excerpt":{"rendered":"<p>Lovos r\u0117mas \u2013 pagamintas i\u0161 neda\u017eytos pu\u0161ies medienos. Galima padalinti \u012f dvi viengules lovas. Surinkimo priedai \u2013 greitas ir paprastas surinkimas. R\u0117mas \u2013 esame vienintel\u0117 \u012fmon\u0117, si\u016blanti r\u0117m\u0105, pagamint\u0105 i\u0161 spyruoklini\u0173 ber\u017eo medienos lenteli\u0173, tvirtinam\u0105 PVC laikikliu ant metalin\u0117s juostel\u0117s, naudojant spragtel\u0117jimo sistem\u0105 (greitas surinkimas). \u010ciu\u017einiai \u2013 [\u2026]<\/p>","protected":false},"featured_media":75608,"comment_status":"open","ping_status":"open","template":"","meta":[],"product_brand":[],"product_cat":[505,1968,2014,9180],"product_tag":[],"class_list":{"0":"post-75607","1":"product","2":"type-product","3":"status-publish","4":"has-post-thumbnail","6":"product_cat-bedroom-beds","7":"product_cat-beds-90x200","8":"product_cat-bms-group","9":"product_cat-bunk-beds-bms","11":"first","12":"instock","13":"purchasable","14":"product-type-simple"},"_links":{"self":[{"href":"https:\/\/baldumarket.lt\/lt\/wp-json\/wp\/v2\/product\/75607","targetHints":{"allow":["GET"]}}],"collection":[{"href":"https:\/\/baldumarket.lt\/lt\/wp-json\/wp\/v2\/product"}],"about":[{"href":"https:\/\/baldumarket.lt\/lt\/wp-json\/wp\/v2\/types\/product"}],"replies":[{"embeddable":true,"href":"https:\/\/baldumarket.lt\/lt\/wp-json\/wp\/v2\/comments?post=75607"}],"wp:featuredmedia":[{"embeddable":true,"href":"https:\/\/baldumarket.lt\/lt\/wp-json\/wp\/v2\/media\/75608"}],"wp:attachment":[{"href":"https:\/\/baldumarket.lt\/lt\/wp-json\/wp\/v2\/media?parent=75607"}],"wp:term":[{"taxonomy":"product_brand","embeddable":true,"href":"https:\/\/baldumarket.lt\/lt\/wp-json\/wp\/v2\/product_brand?post=75607"},{"taxonomy":"product_cat","embeddable":true,"href":"https:\/\/baldumarket.lt\/lt\/wp-json\/wp\/v2\/product_cat?post=75607"},{"taxonomy":"product_tag","embeddable":true,"href":"https:\/\/baldumarket.lt\/lt\/wp-json\/wp\/v2\/product_tag?post=75607"}],"curies":[{"name":"wp","href":"https:\/\/api.w.org\/{rel}","templated":true}]}}