{"id":7481,"date":"2025-11-14T03:12:01","date_gmt":"2025-11-14T00:12:01","guid":{"rendered":"https:\/\/baldumarket.lt\/product\/anton\/"},"modified":"2026-03-29T12:44:38","modified_gmt":"2026-03-29T09:44:38","slug":"anton","status":"publish","type":"product","link":"https:\/\/baldumarket.lt\/lt\/product\/anton\/","title":{"rendered":"Antonas"},"content":{"rendered":"<p>\u201eAnton\u201c \u2013 tai daugiafunkcin\u0117 ir erdvi kampin\u0117 sofa, sukurta moderniu stiliumi. D\u0117l pla\u010dios, 60 cm gylio s\u0117dyn\u0117s ir i\u0161skirtinai lanks\u010di\u0173 T30 put\u0173 ji yra auk\u0161tos kokyb\u0117s ir maksimalaus komforto sinonimas. 275 x 202 x 90 cm dyd\u017eio \u201eAnton\u201c sofa taip pat garantuoja ilgas ir ramias naktis d\u0117l didelio 125 x 193 cm miego ploto. Sofoje taip pat yra erdvus patalyn\u0117s skyrius. Maksimal\u0173 komfort\u0105 u\u017etikrina, be kita ko, auk\u0161tos, reguliuojamos galvos atramos, plat\u016bs 28 cm porankiai ir 9 cm metalin\u0117s kojel\u0117s. Jei smalsu, k\u0105 dar gali pasi\u016blyti \u201eAnton\u201c, kvie\u010diame i\u0161sirinkti m\u016bs\u0173 kampin\u0119 sof\u0105.<\/p>","protected":false},"excerpt":{"rendered":"<p>\u201eAnton\u201c \u2013 tai daugiafunkcin\u0117 ir erdvi kampin\u0117 sofa, sukurta moderniu stiliumi. D\u0117l pla\u010dios, 60 cm gylio s\u0117dyn\u0117s ir i\u0161skirtinai lanks\u010dios T30 putos ji yra auk\u0161tos kokyb\u0117s ir maksimalaus komforto sinonimas. 275 x 202 x 90 cm dyd\u017eio \u201eAnton\u201c taip pat garantuoja ilgas ir ramias naktis d\u0117l didel\u0117s miegamosios vietos [\u2026]<\/p>","protected":false},"featured_media":7482,"comment_status":"open","ping_status":"open","template":"","meta":[],"product_brand":[],"product_cat":[616,1983,2012,9166],"product_tag":[],"class_list":{"0":"post-7481","1":"product","2":"type-product","3":"status-publish","4":"has-post-thumbnail","6":"product_cat-corners","7":"product_cat-corners-l","8":"product_cat-eltap","9":"product_cat-narozniki-eltap","10":"pa_frame-material-wood","11":"pa_frame-material-type-pine","12":"pa_leg-color-silver","13":"pa_leg-material-metal","14":"pa_linen-box-undefined","15":"pa_linen-box-yes","16":"pa_main-color-beige","17":"pa_main-color-black","18":"pa_main-color-blue","19":"pa_main-color-brown","20":"pa_main-color-gray","21":"pa_main-color-green","22":"pa_main-color-navy","23":"pa_main-color-pink","24":"pa_main-color-yellow","25":"pa_price-group-prestige","26":"pa_price-group-classic","27":"pa_price-group-special","28":"pa_seat-depth-613","29":"pa_seat-width-612","30":"pa_sleep-function-yes","31":"pa_sleeping-area-length-615","32":"pa_sleeping-area-width-614","33":"pa_style-modern","34":"pa_textile-berlin-01-soft-11","35":"pa_textile-berlin-03-soft-33","36":"pa_textile-berlin-03-soft-66","37":"pa_textile-cover-02","38":"pa_textile-cover-70","39":"pa_textile-inari-96-soft-29","40":"pa_textile-jarell-04","41":"pa_textile-jarell-18","42":"pa_textile-kronos-09","43":"pa_textile-kronos-09-soft-17","44":"pa_textile-kronos-19","45":"pa_textile-monolith-09-monolith-29","46":"pa_textile-monolith-29-monolith-09","47":"pa_textile-monolith-63","48":"pa_textile-monolith-77-monolith-84","49":"pa_textile-monolith-84-monolith-97","50":"pa_textile-monolith-97-monolith-84","51":"pa_textile-omega-68","52":"pa_textile-paros-02","53":"pa_textile-paros-05","54":"pa_textile-paros-05-soft-17","55":"pa_textile-sawana-05-soft-17","56":"pa_textile-sawana-14","57":"pa_textile-sawana-14-soft-17","58":"pa_textile-sawana-21","59":"pa_textile-sawana-21-soft-11","60":"pa_textile-sawana-21-soft-17","61":"pa_upholstery-material-polyester","63":"first","64":"instock","65":"purchasable","66":"product-type-variable","67":"wvs-archive-product-wrapper"},"_links":{"self":[{"href":"https:\/\/baldumarket.lt\/lt\/wp-json\/wp\/v2\/product\/7481","targetHints":{"allow":["GET"]}}],"collection":[{"href":"https:\/\/baldumarket.lt\/lt\/wp-json\/wp\/v2\/product"}],"about":[{"href":"https:\/\/baldumarket.lt\/lt\/wp-json\/wp\/v2\/types\/product"}],"replies":[{"embeddable":true,"href":"https:\/\/baldumarket.lt\/lt\/wp-json\/wp\/v2\/comments?post=7481"}],"wp:featuredmedia":[{"embeddable":true,"href":"https:\/\/baldumarket.lt\/lt\/wp-json\/wp\/v2\/media\/7482"}],"wp:attachment":[{"href":"https:\/\/baldumarket.lt\/lt\/wp-json\/wp\/v2\/media?parent=7481"}],"wp:term":[{"taxonomy":"product_brand","embeddable":true,"href":"https:\/\/baldumarket.lt\/lt\/wp-json\/wp\/v2\/product_brand?post=7481"},{"taxonomy":"product_cat","embeddable":true,"href":"https:\/\/baldumarket.lt\/lt\/wp-json\/wp\/v2\/product_cat?post=7481"},{"taxonomy":"product_tag","embeddable":true,"href":"https:\/\/baldumarket.lt\/lt\/wp-json\/wp\/v2\/product_tag?post=7481"}],"curies":[{"name":"wp","href":"https:\/\/api.w.org\/{rel}","templated":true}]}}