{"id":74214,"date":"2025-12-03T20:48:31","date_gmt":"2025-12-03T17:48:31","guid":{"rendered":"https:\/\/baldumarket.lt\/product\/lozko-mlodziezowe-pojedyncze-rico-90x190-z-szuflada-sosna-niebieskie\/"},"modified":"2026-04-07T01:54:25","modified_gmt":"2026-04-06T22:54:25","slug":"lozko-mlodziezowe-pojedyncze-rico-90x190-z-szuflada-sosna-niebieskie","status":"publish","type":"product","link":"https:\/\/baldumarket.lt\/lt\/product\/lozko-mlodziezowe-pojedyncze-rico-90x190-z-szuflada-sosna-niebieskie\/","title":{"rendered":"RICO viengul\u0117 jaunimo lova 90&#215;190 su stal\u010diumi, pu\u0161is\/m\u0117lyna"},"content":{"rendered":"<p>Bed frame &#8211; made of pine wood, painted with a water-based varnish.<br \/>\nAssembly accessories &#8211; quick and easy assembly.<br \/>\nMDF board &#8211; painted with a water-based varnish.<br \/>\nMattress: None<br \/>\nSlatted frame &#8211; we are the only company offering a frame made of sprung birch wood slats, mounted with a PVC handle on a metal strip, using a click-clack system (quick assembly).<br \/>\nHDF board.<br \/>\nDrawer &#8211; made of particle board.<br \/>\nDrawer handle &#8211; made of PVC.<br \/>\nDrawer casters.<br \/>\nRounding &#8211; R2 radius.<br \/>\nLoad capacity &#8211; 100 kg.<br \/>\nCertified bed &#8211; quality and safety in accordance with TUV standards.<\/p>\n","protected":false},"excerpt":{"rendered":"<p>Bed frame &#8211; made of pine wood, painted with a water-based varnish. Assembly accessories &#8211; quick and easy assembly. MDF board &#8211; painted with a water-based varnish. Mattress: None Slatted frame &#8211; we are the only company offering a frame made of sprung birch wood slats, mounted with a PVC handle on a metal strip, [&hellip;]<\/p>\n","protected":false},"featured_media":74215,"comment_status":"open","ping_status":"open","template":"","meta":[],"product_brand":[],"product_cat":[505,2014,9181],"product_tag":[],"class_list":{"0":"post-74214","1":"product","2":"type-product","3":"status-publish","4":"has-post-thumbnail","6":"product_cat-bedroom-beds","7":"product_cat-bms-group","8":"product_cat-youth-beds-bms","10":"first","11":"instock","12":"purchasable","13":"product-type-simple"},"_links":{"self":[{"href":"https:\/\/baldumarket.lt\/lt\/wp-json\/wp\/v2\/product\/74214","targetHints":{"allow":["GET"]}}],"collection":[{"href":"https:\/\/baldumarket.lt\/lt\/wp-json\/wp\/v2\/product"}],"about":[{"href":"https:\/\/baldumarket.lt\/lt\/wp-json\/wp\/v2\/types\/product"}],"replies":[{"embeddable":true,"href":"https:\/\/baldumarket.lt\/lt\/wp-json\/wp\/v2\/comments?post=74214"}],"wp:featuredmedia":[{"embeddable":true,"href":"https:\/\/baldumarket.lt\/lt\/wp-json\/wp\/v2\/media\/74215"}],"wp:attachment":[{"href":"https:\/\/baldumarket.lt\/lt\/wp-json\/wp\/v2\/media?parent=74214"}],"wp:term":[{"taxonomy":"product_brand","embeddable":true,"href":"https:\/\/baldumarket.lt\/lt\/wp-json\/wp\/v2\/product_brand?post=74214"},{"taxonomy":"product_cat","embeddable":true,"href":"https:\/\/baldumarket.lt\/lt\/wp-json\/wp\/v2\/product_cat?post=74214"},{"taxonomy":"product_tag","embeddable":true,"href":"https:\/\/baldumarket.lt\/lt\/wp-json\/wp\/v2\/product_tag?post=74214"}],"curies":[{"name":"wp","href":"https:\/\/api.w.org\/{rel}","templated":true}]}}