{"id":74207,"date":"2025-12-03T20:48:26","date_gmt":"2025-12-03T17:48:26","guid":{"rendered":"https:\/\/baldumarket.lt\/product\/lozko-mlodziezowe-pojedyncze-bartek-90x200-z-materacem-i-szuflada-biale\/"},"modified":"2026-04-07T02:27:13","modified_gmt":"2026-04-06T23:27:13","slug":"lozko-mlodziezowe-pojedyncze-bartek-90x200-z-materacem-i-szuflada-biale","status":"publish","type":"product","link":"https:\/\/baldumarket.lt\/lt\/product\/lozko-mlodziezowe-pojedyncze-bartek-90x200-z-materacem-i-szuflada-biale\/","title":{"rendered":"BARTEK viengul\u0117 jaunimo lova 90\u00d7200 su \u010diu\u017einiu ir stal\u010diumi, balta"},"content":{"rendered":"<p>Lovos r\u0117mas \u2013 pagamintas i\u0161 pu\u0161ies medienos, da\u017eytas vandens pagrindo laku.<br \/>\nMDF plok\u0161t\u0117 \u2013 da\u017eyta vandens pagrindo laku.<br \/>\nSurinkimo priedai \u2013 greitas ir paprastas surinkimas.<br \/>\n\u010ciu\u017einys \u2013 matmenys 200x90x7, su nuimamu u\u017evalkalu, oro kondicionavimo pluo\u0161tu ir poliuretano putomis. U\u017evalkalas \u2013 dygsniuotas hipoalerginis poliesterio audinys su u\u017etrauktuku.<br \/>\nR\u0117mas \u2013 esame vienintel\u0117 \u012fmon\u0117, si\u016blanti r\u0117m\u0105, pagamint\u0105 i\u0161 spyruoklini\u0173 ber\u017eo medienos lenteli\u0173, pritvirtint\u0105 PVC rankena prie metalin\u0117s juostel\u0117s, naudojant spragtel\u0117jimo sistem\u0105 (greitas surinkimas).<br \/>\nHDF plok\u0161t\u0117.<br \/>\nStal\u010diaus rankena \u2013 pagaminta i\u0161 PVC.<br \/>\nStal\u010di\u0173 ratukai.<br \/>\nKeliamoji galia \u2013 100 kg.<br \/>\nKreiv\u0117 \u2013 spindulys R2.<\/p>","protected":false},"excerpt":{"rendered":"<p>Lovos r\u0117mas \u2013 pagamintas i\u0161 pu\u0161ies medienos, da\u017eytas vandens pagrindo laku. MDF plok\u0161t\u0117 \u2013 da\u017eyta vandens pagrindo laku. Surinkimo priedai \u2013 greitas ir paprastas surinkimas. \u010ciu\u017einys \u2013 matmenys 200x90x7, su nuimamu u\u017evalkalu, oro kondicionavimo pluo\u0161tu ir poliuretano putomis. U\u017evalkalas \u2013 dygsniuotas hipoalerginis poliesterio audinys su u\u017etrauktuku. R\u0117mas \u2013 esame vieninteliai [\u2026]<\/p>","protected":false},"featured_media":74208,"comment_status":"open","ping_status":"open","template":"","meta":[],"product_brand":[],"product_cat":[505,1968,2014,9181],"product_tag":[],"class_list":{"0":"post-74207","1":"product","2":"type-product","3":"status-publish","4":"has-post-thumbnail","6":"product_cat-bedroom-beds","7":"product_cat-beds-90x200","8":"product_cat-bms-group","9":"product_cat-youth-beds-bms","11":"first","12":"instock","13":"purchasable","14":"product-type-simple"},"_links":{"self":[{"href":"https:\/\/baldumarket.lt\/lt\/wp-json\/wp\/v2\/product\/74207","targetHints":{"allow":["GET"]}}],"collection":[{"href":"https:\/\/baldumarket.lt\/lt\/wp-json\/wp\/v2\/product"}],"about":[{"href":"https:\/\/baldumarket.lt\/lt\/wp-json\/wp\/v2\/types\/product"}],"replies":[{"embeddable":true,"href":"https:\/\/baldumarket.lt\/lt\/wp-json\/wp\/v2\/comments?post=74207"}],"wp:featuredmedia":[{"embeddable":true,"href":"https:\/\/baldumarket.lt\/lt\/wp-json\/wp\/v2\/media\/74208"}],"wp:attachment":[{"href":"https:\/\/baldumarket.lt\/lt\/wp-json\/wp\/v2\/media?parent=74207"}],"wp:term":[{"taxonomy":"product_brand","embeddable":true,"href":"https:\/\/baldumarket.lt\/lt\/wp-json\/wp\/v2\/product_brand?post=74207"},{"taxonomy":"product_cat","embeddable":true,"href":"https:\/\/baldumarket.lt\/lt\/wp-json\/wp\/v2\/product_cat?post=74207"},{"taxonomy":"product_tag","embeddable":true,"href":"https:\/\/baldumarket.lt\/lt\/wp-json\/wp\/v2\/product_tag?post=74207"}],"curies":[{"name":"wp","href":"https:\/\/api.w.org\/{rel}","templated":true}]}}