{"id":74200,"date":"2025-12-03T20:48:20","date_gmt":"2025-12-03T17:48:20","guid":{"rendered":"https:\/\/baldumarket.lt\/product\/lozko-mlodziezowe-wysuwane-dawid-90x200-z-materacem-i-szuflada-biale-rozowe\/"},"modified":"2026-04-07T02:27:13","modified_gmt":"2026-04-06T23:27:13","slug":"lozko-mlodziezowe-wysuwane-dawid-90x200-z-materacem-i-szuflada-biale-rozowe","status":"publish","type":"product","link":"https:\/\/baldumarket.lt\/lt\/product\/lozko-mlodziezowe-wysuwane-dawid-90x200-z-materacem-i-szuflada-biale-rozowe\/","title":{"rendered":"DAWID 90X200 jaunimo i\u0161skleid\u017eiama lova su \u010diu\u017einiu ir stal\u010diumi, balta\/ro\u017ein\u0117"},"content":{"rendered":"<p>Lovos r\u0117mas \u2013 pagamintas i\u0161 pu\u0161ies medienos, da\u017eytas vandens pagrindo laku. Surinkimo priedai \u2013 greitas ir paprastas surinkimas. MDF plok\u0161t\u0117 \u2013 da\u017eyta vandens pagrindo laku. \u010ciu\u017einiai \u2013 200\u00d790 (1 vnt.), 190\u00d780 (1 vnt.), su nuimamu u\u017evalkalu, oro kondicionavimo pluo\u0161tu ir poliuretano putomis. U\u017evalkalas \u2013 dygsniuotas hipoalerginis poliesterio audinys, su u\u017etrauktuku. R\u0117mas \u2013 esame vienintel\u0117 \u012fmon\u0117, si\u016blanti r\u0117m\u0105, pagamint\u0105 i\u0161 spyruoklini\u0173 ber\u017eo medienos lenteli\u0173, pritvirtint\u0105 PVC rankena ant metalin\u0117s juostel\u0117s, su spragtel\u0117jimo sistema (greitas surinkimas). Stal\u010dius \u2013 pagamintas i\u0161 med\u017eio dro\u017eli\u0173 plok\u0161t\u0117s, turi papildom\u0105 miegojimo funkcij\u0105. Stal\u010diaus rankena \u2013 pagaminta i\u0161 PVC. Keliamoji galia \u2013 100 kg kiekvienam lygiui. Apvalinimas \u2013 R2 spindulys. Stal\u010di\u0173 ratukai. Sertifikuota lova \u2013 kokyb\u0117 ir saugumas pagal TUV standartus.<\/p>","protected":false},"excerpt":{"rendered":"<p>Lovos r\u0117mas \u2013 pagamintas i\u0161 pu\u0161ies medienos, da\u017eytas vandens pagrindo laku. Surinkimo priedai \u2013 greitas ir paprastas surinkimas. MDF plok\u0161t\u0117 \u2013 da\u017eyta vandens pagrindo laku. \u010ciu\u017einiai \u2013 200\u00d790 (1 vnt.), 190\u00d780 (1 vnt.), su nuimamu u\u017evalkalu, oro kondicionavimo pluo\u0161tu ir poliuretano putomis. U\u017evalkalas \u2013 dygsniuotas hipoalerginis poliesterio audinys, su u\u017etrauktuku. R\u0117mas \u2013 [\u2026]<\/p>","protected":false},"featured_media":74201,"comment_status":"open","ping_status":"open","template":"","meta":[],"product_brand":[],"product_cat":[505,1968,2014,9193],"product_tag":[],"class_list":{"0":"post-74200","1":"product","2":"type-product","3":"status-publish","4":"has-post-thumbnail","6":"product_cat-bedroom-beds","7":"product_cat-beds-90x200","8":"product_cat-bms-group","9":"product_cat-youth-retractable-bed-bms","11":"first","12":"instock","13":"purchasable","14":"product-type-simple"},"_links":{"self":[{"href":"https:\/\/baldumarket.lt\/lt\/wp-json\/wp\/v2\/product\/74200","targetHints":{"allow":["GET"]}}],"collection":[{"href":"https:\/\/baldumarket.lt\/lt\/wp-json\/wp\/v2\/product"}],"about":[{"href":"https:\/\/baldumarket.lt\/lt\/wp-json\/wp\/v2\/types\/product"}],"replies":[{"embeddable":true,"href":"https:\/\/baldumarket.lt\/lt\/wp-json\/wp\/v2\/comments?post=74200"}],"wp:featuredmedia":[{"embeddable":true,"href":"https:\/\/baldumarket.lt\/lt\/wp-json\/wp\/v2\/media\/74201"}],"wp:attachment":[{"href":"https:\/\/baldumarket.lt\/lt\/wp-json\/wp\/v2\/media?parent=74200"}],"wp:term":[{"taxonomy":"product_brand","embeddable":true,"href":"https:\/\/baldumarket.lt\/lt\/wp-json\/wp\/v2\/product_brand?post=74200"},{"taxonomy":"product_cat","embeddable":true,"href":"https:\/\/baldumarket.lt\/lt\/wp-json\/wp\/v2\/product_cat?post=74200"},{"taxonomy":"product_tag","embeddable":true,"href":"https:\/\/baldumarket.lt\/lt\/wp-json\/wp\/v2\/product_tag?post=74200"}],"curies":[{"name":"wp","href":"https:\/\/api.w.org\/{rel}","templated":true}]}}