{"id":73920,"date":"2025-12-03T20:44:18","date_gmt":"2025-12-03T17:44:18","guid":{"rendered":"https:\/\/baldumarket.lt\/product\/lozko-dzieciece-pojedyncze-domek-1-80x160-z-materacem-sosna\/"},"modified":"2026-02-04T00:33:21","modified_gmt":"2026-02-03T21:33:21","slug":"lozko-dzieciece-pojedyncze-domek-1-80x160-z-materacem-sosna","status":"publish","type":"product","link":"https:\/\/baldumarket.lt\/lt\/product\/lozko-dzieciece-pojedyncze-domek-1-80x160-z-materacem-sosna\/","title":{"rendered":"Viengul\u0117 vaiki\u0161ka lova DOMEK 1 80X160 su \u010diu\u017einiu, pu\u0161is"},"content":{"rendered":"<p>Lovos r\u0117mas \u2013 pagamintas i\u0161 pu\u0161ies medienos, da\u017eytas vandens pagrindo laku. Surinkimo priedai \u2013 greitas ir paprastas surinkimas. \u010ciu\u017einys \u2013 matmenys 160x80x7, su nuimamu u\u017evalkalu, oro kondicionavimo pluo\u0161tu ir poliuretano putomis. U\u017evalkalas \u2013 dygsniuotas hipoalerginis poliesterio audinys, su u\u017etrauktuku. R\u0117mas \u2013 esame vienintel\u0117 \u012fmon\u0117, si\u016blanti r\u0117m\u0105 i\u0161 spyruoklini\u0173 lenteli\u0173, pagamint\u0173 i\u0161 ber\u017eo medienos, tvirtinam\u0173 PVC laikikliu ant metalin\u0117s juostel\u0117s, naudojant spragtel\u0117jimo sistem\u0105 (greitas surinkimas). Apvalinimas \u2013 spindulys R2. PVC korpusas \u2013 naudojamas sujungimams pasl\u0117pti. Keliamoji galia \u2013 100 kg.<\/p>","protected":false},"excerpt":{"rendered":"<p>Lovos r\u0117mas \u2013 pagamintas i\u0161 pu\u0161ies medienos, da\u017eytas vandens pagrindo laku. Surinkimo priedai \u2013 greitas ir paprastas surinkimas. \u010ciu\u017einys \u2013 matmenys 160x80x7, su nuimamu u\u017evalkalu, oro kondicionavimo pluo\u0161tu ir poliuretano putomis. U\u017evalkalas \u2013 dygsniuotas hipoalerginis poliesterio audinys, su u\u017etrauktuku. R\u0117mas \u2013 esame vienintel\u0117 \u012fmon\u0117, si\u016blanti r\u0117m\u0105 i\u0161 spyruoklini\u0173 lenteli\u0173, [\u2026]<\/p>","protected":false},"featured_media":73921,"comment_status":"open","ping_status":"open","template":"","meta":[],"product_brand":[],"product_cat":[505,2014,9179],"product_tag":[],"class_list":{"0":"post-73920","1":"product","2":"type-product","3":"status-publish","4":"has-post-thumbnail","6":"product_cat-bedroom-beds","7":"product_cat-bms-group","8":"product_cat-beds-for-children-bms","10":"first","11":"instock","12":"purchasable","13":"product-type-simple"},"_links":{"self":[{"href":"https:\/\/baldumarket.lt\/lt\/wp-json\/wp\/v2\/product\/73920","targetHints":{"allow":["GET"]}}],"collection":[{"href":"https:\/\/baldumarket.lt\/lt\/wp-json\/wp\/v2\/product"}],"about":[{"href":"https:\/\/baldumarket.lt\/lt\/wp-json\/wp\/v2\/types\/product"}],"replies":[{"embeddable":true,"href":"https:\/\/baldumarket.lt\/lt\/wp-json\/wp\/v2\/comments?post=73920"}],"wp:featuredmedia":[{"embeddable":true,"href":"https:\/\/baldumarket.lt\/lt\/wp-json\/wp\/v2\/media\/73921"}],"wp:attachment":[{"href":"https:\/\/baldumarket.lt\/lt\/wp-json\/wp\/v2\/media?parent=73920"}],"wp:term":[{"taxonomy":"product_brand","embeddable":true,"href":"https:\/\/baldumarket.lt\/lt\/wp-json\/wp\/v2\/product_brand?post=73920"},{"taxonomy":"product_cat","embeddable":true,"href":"https:\/\/baldumarket.lt\/lt\/wp-json\/wp\/v2\/product_cat?post=73920"},{"taxonomy":"product_tag","embeddable":true,"href":"https:\/\/baldumarket.lt\/lt\/wp-json\/wp\/v2\/product_tag?post=73920"}],"curies":[{"name":"wp","href":"https:\/\/api.w.org\/{rel}","templated":true}]}}